{"id":1018,"date":"2024-09-06T22:12:53","date_gmt":"2024-09-06T20:12:53","guid":{"rendered":"https:\/\/www.cvsolutions.com.py\/?post_type=product&#038;p=1018"},"modified":"2024-09-06T22:15:03","modified_gmt":"2024-09-06T20:15:03","slug":"licuadora-moulinex-perfectmix-mod-lm811-vaso-cristal-2-lts-1200w","status":"publish","type":"product","link":"https:\/\/www.cvsolutions.com.py\/?product=licuadora-moulinex-perfectmix-mod-lm811-vaso-cristal-2-lts-1200w","title":{"rendered":"LICUADORA MOULINEX PERFECTMIX MOD LM811 VASO CRISTAL 2 LTS 1200W"},"content":{"rendered":"<h4>RESULTADOS INCRE\u00cdBLEMENTE SUAVES AL ALCANCE DE TU MANO.<br \/>\nDisfruta con Perfectmix + de la experiencia de batido definitiva gracias a la tecnolog\u00eda de cuchillas Powelix 6 cuchillas de acero inoxidable para unos resultados m\u00e1s r\u00e1pidos y m\u00e1s suaves, hasta con los ingredientes m\u00e1s duros.<\/h4>\n<h4>Con una jarra de cristal termorresistente y de gran capacidad, Perfectmix + es la batidora ideal para toda la familia.<\/h4>\n","protected":false},"excerpt":{"rendered":"<div class=\"tt-collapse-block mt-3\">\n<div class=\"tt-item active\">\n<p class=\"tt-collapse-title\">Descripci\u00f3n<\/p>\n<p class=\"tt-collapse-content tt-collapse-text-ficha\">* Disfruta con la batidora Perfectmix + de la experiencia de mezclado definitiva gracias a la tecnolog\u00eda Triple Ax que combina 6 cuchillas de Acero inoxidable con 3 acciones complementarias para proporcionar resultados perfectos con cualquier ingrediente.<br \/>\n* Cuenta con 3 programas inteligentes.<br \/>\n* Resistente a altas temperaturas.<br \/>\n* Capacidad 1,5 litros.<br \/>\n* Potencia 1200W.<br \/>\n* Jarra de vidrio.<br \/>\n* 6 cuchillas.<\/p>\n<p>Im\u00e1genes meramente ilustrativas. Im\u00e1genes e informaci\u00f3n sujetas a cambios sin previo aviso.<\/p>\n<\/div>\n<\/div>\n<div class=\"tt-item\">\n<p class=\"tt-collapse-title\">Medidas del Packaging<\/p>\n<div class=\"tt-collapse-content\">\n<table class=\"table table-sm table-hover\">\n<tbody>\n<tr>\n<td>ANCHO<\/td>\n<td>23 CM<\/td>\n<\/tr>\n<tr>\n<td>ALTO<\/td>\n<td>30 CM<\/td>\n<\/tr>\n<tr>\n<td>LARGO<\/td>\n<td>29 CM<\/td>\n<\/tr>\n<tr>\n<td>PESO<\/td>\n<td>1880 GR<\/td>\n<\/tr>\n<\/tbody>\n<\/table>\n<\/div>\n<\/div>\n","protected":false},"featured_media":1022,"comment_status":"open","ping_status":"closed","template":"","meta":{"site-sidebar-layout":"default","site-content-layout":"","ast-site-content-layout":"default","site-content-style":"default","site-sidebar-style":"default","ast-global-header-display":"","ast-banner-title-visibility":"","ast-main-header-display":"","ast-hfb-above-header-display":"","ast-hfb-below-header-display":"","ast-hfb-mobile-header-display":"","site-post-title":"","ast-breadcrumbs-content":"","ast-featured-img":"","footer-sml-layout":"","theme-transparent-header-meta":"default","adv-header-id-meta":"","stick-header-meta":"","header-above-stick-meta":"","header-main-stick-meta":"","header-below-stick-meta":"","astra-migrate-meta-layouts":"set","ast-page-background-enabled":"default","ast-page-background-meta":{"desktop":{"background-color":"var(--ast-global-color-4)","background-image":"","background-repeat":"repeat","background-position":"center center","background-size":"auto","background-attachment":"scroll","background-type":"","background-media":"","overlay-type":"","overlay-color":"","overlay-opacity":"","overlay-gradient":""},"tablet":{"background-color":"","background-image":"","background-repeat":"repeat","background-position":"center center","background-size":"auto","background-attachment":"scroll","background-type":"","background-media":"","overlay-type":"","overlay-color":"","overlay-opacity":"","overlay-gradient":""},"mobile":{"background-color":"","background-image":"","background-repeat":"repeat","background-position":"center center","background-size":"auto","background-attachment":"scroll","background-type":"","background-media":"","overlay-type":"","overlay-color":"","overlay-opacity":"","overlay-gradient":""}},"ast-content-background-meta":{"desktop":{"background-color":"var(--ast-global-color-5)","background-image":"","background-repeat":"repeat","background-position":"center center","background-size":"auto","background-attachment":"scroll","background-type":"","background-media":"","overlay-type":"","overlay-color":"","overlay-opacity":"","overlay-gradient":""},"tablet":{"background-color":"var(--ast-global-color-5)","background-image":"","background-repeat":"repeat","background-position":"center center","background-size":"auto","background-attachment":"scroll","background-type":"","background-media":"","overlay-type":"","overlay-color":"","overlay-opacity":"","overlay-gradient":""},"mobile":{"background-color":"var(--ast-global-color-5)","background-image":"","background-repeat":"repeat","background-position":"center center","background-size":"auto","background-attachment":"scroll","background-type":"","background-media":"","overlay-type":"","overlay-color":"","overlay-opacity":"","overlay-gradient":""}}},"product_cat":[20,62],"product_tag":[],"_links":{"self":[{"href":"https:\/\/www.cvsolutions.com.py\/index.php?rest_route=\/wp\/v2\/product\/1018"}],"collection":[{"href":"https:\/\/www.cvsolutions.com.py\/index.php?rest_route=\/wp\/v2\/product"}],"about":[{"href":"https:\/\/www.cvsolutions.com.py\/index.php?rest_route=\/wp\/v2\/types\/product"}],"replies":[{"embeddable":true,"href":"https:\/\/www.cvsolutions.com.py\/index.php?rest_route=%2Fwp%2Fv2%2Fcomments&post=1018"}],"wp:featuredmedia":[{"embeddable":true,"href":"https:\/\/www.cvsolutions.com.py\/index.php?rest_route=\/wp\/v2\/media\/1022"}],"wp:attachment":[{"href":"https:\/\/www.cvsolutions.com.py\/index.php?rest_route=%2Fwp%2Fv2%2Fmedia&parent=1018"}],"wp:term":[{"taxonomy":"product_cat","embeddable":true,"href":"https:\/\/www.cvsolutions.com.py\/index.php?rest_route=%2Fwp%2Fv2%2Fproduct_cat&post=1018"},{"taxonomy":"product_tag","embeddable":true,"href":"https:\/\/www.cvsolutions.com.py\/index.php?rest_route=%2Fwp%2Fv2%2Fproduct_tag&post=1018"}],"curies":[{"name":"wp","href":"https:\/\/api.w.org\/{rel}","templated":true}]}}