{"id":1034,"date":"2024-09-10T18:25:21","date_gmt":"2024-09-10T16:25:21","guid":{"rendered":"https:\/\/www.cvsolutions.com.py\/?post_type=product&#038;p=1034"},"modified":"2025-07-09T17:58:52","modified_gmt":"2025-07-09T15:58:52","slug":"cafetera-dolce-gusto-moulinex-genio-s-plus-roja","status":"publish","type":"product","link":"https:\/\/www.cvsolutions.com.py\/?product=cafetera-dolce-gusto-moulinex-genio-s-plus-roja","title":{"rendered":"CAFETERA DOLCE GUSTO MOULINEX GENIO S PLUS ROJA"},"content":{"rendered":"<h6>Preparar caf\u00e9 de calidad nunca hab\u00eda sido tan f\u00e1cil ni tan bonito. La cafetera el\u00e9ctrica Dolce Gusto\u00ae Genio S Plus de Moulinex combina funcionalidad y creatividad para darle un toque sofisticado a tu rinc\u00f3n del caf\u00e9. Personaliza tus bebidas favoritas, calientes o fr\u00edas (desde espressos a caf\u00e9s largos, pasando por cappuccinos y latte macchiatos) con esta cafetera.<\/p>\n<p>Elijas la que elijas, el resultado ser\u00e1 un caf\u00e9 de calidad profesional gracias al sistema de alta presi\u00f3n de la cafetera (hasta 15 bares). Con m\u00e1s de 30 bebidas a tu disposici\u00f3n, es como tener toda la carta de una cafeter\u00eda al alcance de tu mano. La tecnolog\u00eda Espresso Boost de esta cafetera hace exactamente lo que sugiere su nombre llevar tu espresso a un nuevo nivel. Esta tecnolog\u00eda innovadora humedece el caf\u00e9 antes de infusionarlo, lo que se traduce en un sabor m\u00e1s intenso.<\/h6>\n","protected":false},"excerpt":{"rendered":"<h5 class=\"tt-collapse-title\">Descripci\u00f3n:<\/h5>\n<p class=\"tt-collapse-content tt-collapse-text-ficha\">* Compatible con c\u00e1psulas de caf\u00e9, leche y chocolate.<br \/>\n* Con modo de ahorro de energ\u00eda (opcional).<br \/>\n* Selector a perilla y bandeja de goteo.<br \/>\n* Capacidad del dep\u00f3sito 0,8 litros.<br \/>\n* Funci\u00f3n XL y Espresso Boost.<br \/>\n* Presi\u00f3n de trabajo 15 bar.<br \/>\n* 4 niveles de temperatura.<br \/>\n* Dosificaci\u00f3n autom\u00e1tica.<br \/>\n* Potencia 1600 W.<\/p>\n","protected":false},"featured_media":1038,"comment_status":"open","ping_status":"closed","template":"","meta":{"site-sidebar-layout":"default","site-content-layout":"","ast-site-content-layout":"default","site-content-style":"default","site-sidebar-style":"default","ast-global-header-display":"","ast-banner-title-visibility":"","ast-main-header-display":"","ast-hfb-above-header-display":"","ast-hfb-below-header-display":"","ast-hfb-mobile-header-display":"","site-post-title":"","ast-breadcrumbs-content":"","ast-featured-img":"","footer-sml-layout":"","theme-transparent-header-meta":"default","adv-header-id-meta":"","stick-header-meta":"","header-above-stick-meta":"","header-main-stick-meta":"","header-below-stick-meta":"","astra-migrate-meta-layouts":"set","ast-page-background-enabled":"default","ast-page-background-meta":{"desktop":{"background-color":"var(--ast-global-color-4)","background-image":"","background-repeat":"repeat","background-position":"center center","background-size":"auto","background-attachment":"scroll","background-type":"","background-media":"","overlay-type":"","overlay-color":"","overlay-opacity":"","overlay-gradient":""},"tablet":{"background-color":"","background-image":"","background-repeat":"repeat","background-position":"center center","background-size":"auto","background-attachment":"scroll","background-type":"","background-media":"","overlay-type":"","overlay-color":"","overlay-opacity":"","overlay-gradient":""},"mobile":{"background-color":"","background-image":"","background-repeat":"repeat","background-position":"center center","background-size":"auto","background-attachment":"scroll","background-type":"","background-media":"","overlay-type":"","overlay-color":"","overlay-opacity":"","overlay-gradient":""}},"ast-content-background-meta":{"desktop":{"background-color":"var(--ast-global-color-5)","background-image":"","background-repeat":"repeat","background-position":"center center","background-size":"auto","background-attachment":"scroll","background-type":"","background-media":"","overlay-type":"","overlay-color":"","overlay-opacity":"","overlay-gradient":""},"tablet":{"background-color":"var(--ast-global-color-5)","background-image":"","background-repeat":"repeat","background-position":"center center","background-size":"auto","background-attachment":"scroll","background-type":"","background-media":"","overlay-type":"","overlay-color":"","overlay-opacity":"","overlay-gradient":""},"mobile":{"background-color":"var(--ast-global-color-5)","background-image":"","background-repeat":"repeat","background-position":"center center","background-size":"auto","background-attachment":"scroll","background-type":"","background-media":"","overlay-type":"","overlay-color":"","overlay-opacity":"","overlay-gradient":""}}},"product_cat":[23,20],"product_tag":[],"_links":{"self":[{"href":"https:\/\/www.cvsolutions.com.py\/index.php?rest_route=\/wp\/v2\/product\/1034"}],"collection":[{"href":"https:\/\/www.cvsolutions.com.py\/index.php?rest_route=\/wp\/v2\/product"}],"about":[{"href":"https:\/\/www.cvsolutions.com.py\/index.php?rest_route=\/wp\/v2\/types\/product"}],"replies":[{"embeddable":true,"href":"https:\/\/www.cvsolutions.com.py\/index.php?rest_route=%2Fwp%2Fv2%2Fcomments&post=1034"}],"wp:featuredmedia":[{"embeddable":true,"href":"https:\/\/www.cvsolutions.com.py\/index.php?rest_route=\/wp\/v2\/media\/1038"}],"wp:attachment":[{"href":"https:\/\/www.cvsolutions.com.py\/index.php?rest_route=%2Fwp%2Fv2%2Fmedia&parent=1034"}],"wp:term":[{"taxonomy":"product_cat","embeddable":true,"href":"https:\/\/www.cvsolutions.com.py\/index.php?rest_route=%2Fwp%2Fv2%2Fproduct_cat&post=1034"},{"taxonomy":"product_tag","embeddable":true,"href":"https:\/\/www.cvsolutions.com.py\/index.php?rest_route=%2Fwp%2Fv2%2Fproduct_tag&post=1034"}],"curies":[{"name":"wp","href":"https:\/\/api.w.org\/{rel}","templated":true}]}}