{"id":1041,"date":"2024-09-10T18:31:32","date_gmt":"2024-09-10T16:31:32","guid":{"rendered":"https:\/\/www.cvsolutions.com.py\/?post_type=product&#038;p=1041"},"modified":"2025-07-09T18:11:45","modified_gmt":"2025-07-09T16:11:45","slug":"cafetera-dolce-gusto-moulinex-genio-s-touch-silver","status":"publish","type":"product","link":"https:\/\/www.cvsolutions.com.py\/?product=cafetera-dolce-gusto-moulinex-genio-s-touch-silver","title":{"rendered":"CAFETERA DOLCE GUSTO MOULINEX GENIO S TOUCH SILVER"},"content":{"rendered":"<h5 class=\"tt-wrapper mb-2\">PREPARA INCRE\u00cdBLES BEBIDAS.<br \/>\nCafetera Moulinex Dolce Gusto Genio S Touch Silver prepara incre\u00edbles bebidas calientes o fr\u00edas a cualquier hora del d\u00eda, puedes ajustar el volumen, as\u00ed como la temperatura de tu caf\u00e9. Prepara caf\u00e9s de hasta 300 ml y con su apagado autom\u00e1tico ahorra energ\u00eda.<\/h5>\n","protected":false},"excerpt":{"rendered":"<div class=\"tt-collapse-block mt-3\">\n<div class=\"tt-item active\">\n<h5 class=\"tt-collapse-title\">Descripci\u00f3n<\/h5>\n<p class=\"tt-collapse-content tt-collapse-text-ficha\">* Compatible con c\u00e1psulas de caf\u00e9, leche y chocolate.<br \/>\n* Con panel t\u00e1ctil luminoso y bandeja de goteo.<br \/>\n* Con modo de ahorro de energ\u00eda (opcional).<br \/>\n* Capacidad del dep\u00f3sito 0,8 litros.<br \/>\n* Funci\u00f3n XL y Espresso Boost.<br \/>\n* Presi\u00f3n de trabajo 15 bar.<br \/>\n* 4 niveles de temperatura.<br \/>\n* Dosificaci\u00f3n autom\u00e1tica.<br \/>\n* Potencia 1600 W.<\/p>\n<\/div>\n<\/div>\n<div class=\"tt-item\">\n<div class=\"tt-collapse-content\"><\/div>\n<\/div>\n","protected":false},"featured_media":1045,"comment_status":"open","ping_status":"closed","template":"","meta":{"site-sidebar-layout":"default","site-content-layout":"","ast-site-content-layout":"default","site-content-style":"default","site-sidebar-style":"default","ast-global-header-display":"","ast-banner-title-visibility":"","ast-main-header-display":"","ast-hfb-above-header-display":"","ast-hfb-below-header-display":"","ast-hfb-mobile-header-display":"","site-post-title":"","ast-breadcrumbs-content":"","ast-featured-img":"","footer-sml-layout":"","theme-transparent-header-meta":"default","adv-header-id-meta":"","stick-header-meta":"","header-above-stick-meta":"","header-main-stick-meta":"","header-below-stick-meta":"","astra-migrate-meta-layouts":"set","ast-page-background-enabled":"default","ast-page-background-meta":{"desktop":{"background-color":"var(--ast-global-color-4)","background-image":"","background-repeat":"repeat","background-position":"center center","background-size":"auto","background-attachment":"scroll","background-type":"","background-media":"","overlay-type":"","overlay-color":"","overlay-opacity":"","overlay-gradient":""},"tablet":{"background-color":"","background-image":"","background-repeat":"repeat","background-position":"center center","background-size":"auto","background-attachment":"scroll","background-type":"","background-media":"","overlay-type":"","overlay-color":"","overlay-opacity":"","overlay-gradient":""},"mobile":{"background-color":"","background-image":"","background-repeat":"repeat","background-position":"center center","background-size":"auto","background-attachment":"scroll","background-type":"","background-media":"","overlay-type":"","overlay-color":"","overlay-opacity":"","overlay-gradient":""}},"ast-content-background-meta":{"desktop":{"background-color":"var(--ast-global-color-5)","background-image":"","background-repeat":"repeat","background-position":"center center","background-size":"auto","background-attachment":"scroll","background-type":"","background-media":"","overlay-type":"","overlay-color":"","overlay-opacity":"","overlay-gradient":""},"tablet":{"background-color":"var(--ast-global-color-5)","background-image":"","background-repeat":"repeat","background-position":"center center","background-size":"auto","background-attachment":"scroll","background-type":"","background-media":"","overlay-type":"","overlay-color":"","overlay-opacity":"","overlay-gradient":""},"mobile":{"background-color":"var(--ast-global-color-5)","background-image":"","background-repeat":"repeat","background-position":"center center","background-size":"auto","background-attachment":"scroll","background-type":"","background-media":"","overlay-type":"","overlay-color":"","overlay-opacity":"","overlay-gradient":""}}},"product_cat":[23,20],"product_tag":[],"_links":{"self":[{"href":"https:\/\/www.cvsolutions.com.py\/index.php?rest_route=\/wp\/v2\/product\/1041"}],"collection":[{"href":"https:\/\/www.cvsolutions.com.py\/index.php?rest_route=\/wp\/v2\/product"}],"about":[{"href":"https:\/\/www.cvsolutions.com.py\/index.php?rest_route=\/wp\/v2\/types\/product"}],"replies":[{"embeddable":true,"href":"https:\/\/www.cvsolutions.com.py\/index.php?rest_route=%2Fwp%2Fv2%2Fcomments&post=1041"}],"wp:featuredmedia":[{"embeddable":true,"href":"https:\/\/www.cvsolutions.com.py\/index.php?rest_route=\/wp\/v2\/media\/1045"}],"wp:attachment":[{"href":"https:\/\/www.cvsolutions.com.py\/index.php?rest_route=%2Fwp%2Fv2%2Fmedia&parent=1041"}],"wp:term":[{"taxonomy":"product_cat","embeddable":true,"href":"https:\/\/www.cvsolutions.com.py\/index.php?rest_route=%2Fwp%2Fv2%2Fproduct_cat&post=1041"},{"taxonomy":"product_tag","embeddable":true,"href":"https:\/\/www.cvsolutions.com.py\/index.php?rest_route=%2Fwp%2Fv2%2Fproduct_tag&post=1041"}],"curies":[{"name":"wp","href":"https:\/\/api.w.org\/{rel}","templated":true}]}}