{"id":1048,"date":"2024-09-10T18:41:54","date_gmt":"2024-09-10T16:41:54","guid":{"rendered":"https:\/\/www.cvsolutions.com.py\/?post_type=product&#038;p=1048"},"modified":"2024-09-10T18:45:13","modified_gmt":"2024-09-10T16:45:13","slug":"cafetera-filtro-arno-con-jarra-termica-cool-touch-1l","status":"publish","type":"product","link":"https:\/\/www.cvsolutions.com.py\/?product=cafetera-filtro-arno-con-jarra-termica-cool-touch-1l","title":{"rendered":"CAFETERA FILTRO ARNO CON JARRA TERMICA COOL TOUCH 1L"},"content":{"rendered":"<h4>Tener una cafetera en casa es fundamental para cualquier amante del caf\u00e9. Y en tu cocina no puede faltar la cafetera el\u00e9ctrica Arno Cool Touch. Su jarra tiene un material interno de vidrio espejado con una capacidad de 1 litro. Fue desarrollado para quienes gustan de un caf\u00e9 reci\u00e9n hecho de forma r\u00e1pida y sencilla a la temperatura y el sabor ideal. Prepara hasta 25 tazas peque\u00f1as de caf\u00e9.<\/h4>\n","protected":false},"excerpt":{"rendered":"<div class=\"tt-collapse-block mt-3\">\n<div class=\"tt-item active\">\n<div class=\"tt-collapse-block mt-3\">\n<div class=\"tt-item active\">\n<p class=\"tt-collapse-title\">Descripci\u00f3n<\/p>\n<p class=\"tt-collapse-content tt-collapse-text-ficha\">* Jarra t\u00e9rmica de vidrio con revestimiento de pl\u00e1stico.<br \/>\n* Mantiene la temperatura y conserva el caf\u00e9.<br \/>\n* 4 horas de caf\u00e9 caliente y fresco.<br \/>\n* Capacidad para 20 tacitas.<br \/>\n* Porta filtro removible.<br \/>\n* Sistema anti goteo.<\/p>\n<p>Im\u00e1genes meramente ilustrativas. Im\u00e1genes e informaci\u00f3n sujetas a cambios sin previo aviso.<\/p>\n<\/div>\n<\/div>\n<div class=\"tt-item\">\n<p class=\"tt-collapse-title\">Medidas del Packaging<\/p>\n<div class=\"tt-collapse-content\">\n<table class=\"table table-sm table-hover\">\n<tbody>\n<tr>\n<td>ANCHO<\/td>\n<td>21 CM<\/td>\n<\/tr>\n<tr>\n<td>ALTO<\/td>\n<td>38.5 CM<\/td>\n<\/tr>\n<tr>\n<td>LARGO<\/td>\n<td>31.5 CM<\/td>\n<\/tr>\n<tr>\n<td>PESO<\/td>\n<td>3000 GR<\/td>\n<\/tr>\n<\/tbody>\n<\/table>\n<\/div>\n<\/div>\n<\/div>\n<\/div>\n<div class=\"tt-item\"><\/div>\n","protected":false},"featured_media":1051,"comment_status":"open","ping_status":"closed","template":"","meta":{"site-sidebar-layout":"default","site-content-layout":"","ast-site-content-layout":"default","site-content-style":"default","site-sidebar-style":"default","ast-global-header-display":"","ast-banner-title-visibility":"","ast-main-header-display":"","ast-hfb-above-header-display":"","ast-hfb-below-header-display":"","ast-hfb-mobile-header-display":"","site-post-title":"","ast-breadcrumbs-content":"","ast-featured-img":"","footer-sml-layout":"","theme-transparent-header-meta":"default","adv-header-id-meta":"","stick-header-meta":"","header-above-stick-meta":"","header-main-stick-meta":"","header-below-stick-meta":"","astra-migrate-meta-layouts":"set","ast-page-background-enabled":"default","ast-page-background-meta":{"desktop":{"background-color":"var(--ast-global-color-4)","background-image":"","background-repeat":"repeat","background-position":"center center","background-size":"auto","background-attachment":"scroll","background-type":"","background-media":"","overlay-type":"","overlay-color":"","overlay-opacity":"","overlay-gradient":""},"tablet":{"background-color":"","background-image":"","background-repeat":"repeat","background-position":"center center","background-size":"auto","background-attachment":"scroll","background-type":"","background-media":"","overlay-type":"","overlay-color":"","overlay-opacity":"","overlay-gradient":""},"mobile":{"background-color":"","background-image":"","background-repeat":"repeat","background-position":"center center","background-size":"auto","background-attachment":"scroll","background-type":"","background-media":"","overlay-type":"","overlay-color":"","overlay-opacity":"","overlay-gradient":""}},"ast-content-background-meta":{"desktop":{"background-color":"var(--ast-global-color-5)","background-image":"","background-repeat":"repeat","background-position":"center center","background-size":"auto","background-attachment":"scroll","background-type":"","background-media":"","overlay-type":"","overlay-color":"","overlay-opacity":"","overlay-gradient":""},"tablet":{"background-color":"var(--ast-global-color-5)","background-image":"","background-repeat":"repeat","background-position":"center center","background-size":"auto","background-attachment":"scroll","background-type":"","background-media":"","overlay-type":"","overlay-color":"","overlay-opacity":"","overlay-gradient":""},"mobile":{"background-color":"var(--ast-global-color-5)","background-image":"","background-repeat":"repeat","background-position":"center center","background-size":"auto","background-attachment":"scroll","background-type":"","background-media":"","overlay-type":"","overlay-color":"","overlay-opacity":"","overlay-gradient":""}}},"product_cat":[23,20],"product_tag":[],"_links":{"self":[{"href":"https:\/\/www.cvsolutions.com.py\/index.php?rest_route=\/wp\/v2\/product\/1048"}],"collection":[{"href":"https:\/\/www.cvsolutions.com.py\/index.php?rest_route=\/wp\/v2\/product"}],"about":[{"href":"https:\/\/www.cvsolutions.com.py\/index.php?rest_route=\/wp\/v2\/types\/product"}],"replies":[{"embeddable":true,"href":"https:\/\/www.cvsolutions.com.py\/index.php?rest_route=%2Fwp%2Fv2%2Fcomments&post=1048"}],"wp:featuredmedia":[{"embeddable":true,"href":"https:\/\/www.cvsolutions.com.py\/index.php?rest_route=\/wp\/v2\/media\/1051"}],"wp:attachment":[{"href":"https:\/\/www.cvsolutions.com.py\/index.php?rest_route=%2Fwp%2Fv2%2Fmedia&parent=1048"}],"wp:term":[{"taxonomy":"product_cat","embeddable":true,"href":"https:\/\/www.cvsolutions.com.py\/index.php?rest_route=%2Fwp%2Fv2%2Fproduct_cat&post=1048"},{"taxonomy":"product_tag","embeddable":true,"href":"https:\/\/www.cvsolutions.com.py\/index.php?rest_route=%2Fwp%2Fv2%2Fproduct_tag&post=1048"}],"curies":[{"name":"wp","href":"https:\/\/api.w.org\/{rel}","templated":true}]}}