{"id":110,"date":"2024-06-19T15:46:15","date_gmt":"2024-06-19T13:46:15","guid":{"rendered":"https:\/\/www.cvsolutions.com.py\/?post_type=product&#038;p=110"},"modified":"2025-04-08T16:50:28","modified_gmt":"2025-04-08T14:50:28","slug":"lavarropas-whirlpool-wwi08bs9ls-8-5kg-carga-sup-silver-720rpm","status":"publish","type":"product","link":"https:\/\/www.cvsolutions.com.py\/?product=lavarropas-whirlpool-wwi08bs9ls-8-5kg-carga-sup-silver-720rpm","title":{"rendered":"LAVARROPAS WHIRLPOOL WWI08BS9LS 8.5KG CARGA SUP SILVER 720RPM"},"content":{"rendered":"<h4 class=\"tt-collapse-title\">Descripci\u00f3n<\/h4>\n<p class=\"tt-collapse-content tt-collapse-text-ficha\">* Fast cycle, ropa limpia en 26 minutos.<br \/>\n* Filtro para pelusas desmontable.<br \/>\n* Tambor acero inoxidable.<br \/>\n* 6 ciclos de lavado.<br \/>\n* Capacidad 8.5kg.<br \/>\n* Panel digital LED.<br \/>\n* Lavado r\u00e1pido.<br \/>\n* Ecofriendly.<br \/>\n* 720rpm.MEDIDAS DEL PRODUCTO.<br \/>\n* Alto 95 cm.<br \/>\n* Ancho 58,5 cm.<br \/>\n* Profundidad 57 cm.<\/p>\n","protected":false},"excerpt":{"rendered":"<p>LAVADO R\u00c1PIDO.<br \/>\nOptimiza tus tiempos y lava tu ropa en menos de una hora con la funci\u00f3n Lavado R\u00e1pido vas a tener tus prendas limpias y frescas en solo 26 minutos<\/p>\n<p>ECOFRIENDLY.<br \/>\nAhorra m\u00e1s agua en tus lavados tu lavarropas detecta autom\u00e1ticamente el volumen de carga y selecciona los niveles de agua m\u00e1s convenientes.<\/p>\n<p>PANEL DIGITAL.<br \/>\nAhorra tiempo y controla el proceso de lavado el panel digital se acomoda a tus necesidades y te permite visualizar de forma m\u00e1s sencilla el estado de cada ciclo.<\/p>\n<p>ANTI PELUSAS.<br \/>\nTu ropa sin pelusas el filtro est\u00e1 integrado a la tina para cuidar la calidad de tus prendas y su textura.<\/p>\n<p>TAPA DE VIDRIO TEMPLADO.<br \/>\nControla el proceso de lavado \u00e9chale un vistazo a tus prendas gracias a la tapa superior del lavarropas.<\/p>\n<p>DIFERENTES CICLOS.<br \/>\n\u00a1No te preocupes por el tipo de tela de tu ropa! El lavarropas te ofrece diferentes ciclos seg\u00fan la prenda que uses para un mejor cuidado.<\/p>\n","protected":false},"featured_media":166,"comment_status":"open","ping_status":"closed","template":"","meta":{"site-sidebar-layout":"default","site-content-layout":"","ast-site-content-layout":"default","site-content-style":"default","site-sidebar-style":"default","ast-global-header-display":"","ast-banner-title-visibility":"","ast-main-header-display":"","ast-hfb-above-header-display":"","ast-hfb-below-header-display":"","ast-hfb-mobile-header-display":"","site-post-title":"","ast-breadcrumbs-content":"","ast-featured-img":"","footer-sml-layout":"","theme-transparent-header-meta":"default","adv-header-id-meta":"","stick-header-meta":"","header-above-stick-meta":"","header-main-stick-meta":"","header-below-stick-meta":"","astra-migrate-meta-layouts":"set","ast-page-background-enabled":"default","ast-page-background-meta":{"desktop":{"background-color":"var(--ast-global-color-4)","background-image":"","background-repeat":"repeat","background-position":"center center","background-size":"auto","background-attachment":"scroll","background-type":"","background-media":"","overlay-type":"","overlay-color":"","overlay-opacity":"","overlay-gradient":""},"tablet":{"background-color":"","background-image":"","background-repeat":"repeat","background-position":"center center","background-size":"auto","background-attachment":"scroll","background-type":"","background-media":"","overlay-type":"","overlay-color":"","overlay-opacity":"","overlay-gradient":""},"mobile":{"background-color":"","background-image":"","background-repeat":"repeat","background-position":"center center","background-size":"auto","background-attachment":"scroll","background-type":"","background-media":"","overlay-type":"","overlay-color":"","overlay-opacity":"","overlay-gradient":""}},"ast-content-background-meta":{"desktop":{"background-color":"var(--ast-global-color-5)","background-image":"","background-repeat":"repeat","background-position":"center center","background-size":"auto","background-attachment":"scroll","background-type":"","background-media":"","overlay-type":"","overlay-color":"","overlay-opacity":"","overlay-gradient":""},"tablet":{"background-color":"var(--ast-global-color-5)","background-image":"","background-repeat":"repeat","background-position":"center center","background-size":"auto","background-attachment":"scroll","background-type":"","background-media":"","overlay-type":"","overlay-color":"","overlay-opacity":"","overlay-gradient":""},"mobile":{"background-color":"var(--ast-global-color-5)","background-image":"","background-repeat":"repeat","background-position":"center center","background-size":"auto","background-attachment":"scroll","background-type":"","background-media":"","overlay-type":"","overlay-color":"","overlay-opacity":"","overlay-gradient":""}}},"product_cat":[34,38],"product_tag":[],"_links":{"self":[{"href":"https:\/\/www.cvsolutions.com.py\/index.php?rest_route=\/wp\/v2\/product\/110"}],"collection":[{"href":"https:\/\/www.cvsolutions.com.py\/index.php?rest_route=\/wp\/v2\/product"}],"about":[{"href":"https:\/\/www.cvsolutions.com.py\/index.php?rest_route=\/wp\/v2\/types\/product"}],"replies":[{"embeddable":true,"href":"https:\/\/www.cvsolutions.com.py\/index.php?rest_route=%2Fwp%2Fv2%2Fcomments&post=110"}],"wp:featuredmedia":[{"embeddable":true,"href":"https:\/\/www.cvsolutions.com.py\/index.php?rest_route=\/wp\/v2\/media\/166"}],"wp:attachment":[{"href":"https:\/\/www.cvsolutions.com.py\/index.php?rest_route=%2Fwp%2Fv2%2Fmedia&parent=110"}],"wp:term":[{"taxonomy":"product_cat","embeddable":true,"href":"https:\/\/www.cvsolutions.com.py\/index.php?rest_route=%2Fwp%2Fv2%2Fproduct_cat&post=110"},{"taxonomy":"product_tag","embeddable":true,"href":"https:\/\/www.cvsolutions.com.py\/index.php?rest_route=%2Fwp%2Fv2%2Fproduct_tag&post=110"}],"curies":[{"name":"wp","href":"https:\/\/api.w.org\/{rel}","templated":true}]}}