{"id":1110,"date":"2024-09-10T20:56:47","date_gmt":"2024-09-10T18:56:47","guid":{"rendered":"https:\/\/www.cvsolutions.com.py\/?post_type=product&#038;p=1110"},"modified":"2025-04-09T18:42:10","modified_gmt":"2025-04-09T16:42:10","slug":"acondicionador-de-aire-split-pared-york-30-000btu-r410a-con-kit-de-instalacion-220v-50hz","status":"publish","type":"product","link":"https:\/\/www.cvsolutions.com.py\/?product=acondicionador-de-aire-split-pared-york-30-000btu-r410a-con-kit-de-instalacion-220v-50hz","title":{"rendered":"ACONDICIONADOR DE AIRE SPLIT PARED YORK 30.000BTU R410A CON KIT DE INSTALACION 220V\/50Hz"},"content":{"rendered":"<h4>AHORRO ENERG\u00c9TICO.<br \/>\nLos equipos cumplen con las m\u00e1s altas calificaciones de eficiencia energ\u00e9tica y est\u00e1ndares de calidad, proporcionando menor consumo energ\u00e9tico sin sacrificar su rendimiento.<\/h4>\n","protected":false},"excerpt":{"rendered":"<div class=\"tt-collapse-block mt-3\">\n<div class=\"tt-item active\">\n<p class=\"tt-collapse-content tt-collapse-text-ficha\">* Capacidad 30.000 BTU.<br \/>\n* Modos Fr\u00edo, Calor y Autom\u00e1tico.<br \/>\n* Incluye control remoto.<br \/>\n* Gas ecol\u00f3gico.<br \/>\n* Descarga horizontal.<\/p>\n<\/div>\n<\/div>\n<div class=\"tt-item\">\n<p class=\"tt-collapse-title\">Medidas del Packaging<\/p>\n<div class=\"tt-collapse-content\">\n<table class=\"table table-sm table-hover\">\n<tbody>\n<tr>\n<td>PESO<\/td>\n<td>68000 GR<\/td>\n<\/tr>\n<tr>\n<td>ANCHO<\/td>\n<td>81 CM<\/td>\n<\/tr>\n<tr>\n<td>ALTO<\/td>\n<td>103 CM<\/td>\n<\/tr>\n<tr>\n<td>LARGO<\/td>\n<td>218 CM<\/td>\n<\/tr>\n<tr>\n<td>TENSION ELECTRICA<\/td>\n<td>220-240 VOLTIOS<\/td>\n<\/tr>\n<tr>\n<td>FRECUENCIA ELECTRICA<\/td>\n<td>50 HERTZ<\/td>\n<\/tr>\n<tr>\n<td>CAPACIDAD<\/td>\n<td>30.000 BTU<\/td>\n<\/tr>\n<\/tbody>\n<\/table>\n<\/div>\n<\/div>\n","protected":false},"featured_media":2035,"comment_status":"open","ping_status":"closed","template":"","meta":{"site-sidebar-layout":"default","site-content-layout":"","ast-site-content-layout":"default","site-content-style":"default","site-sidebar-style":"default","ast-global-header-display":"","ast-banner-title-visibility":"","ast-main-header-display":"","ast-hfb-above-header-display":"","ast-hfb-below-header-display":"","ast-hfb-mobile-header-display":"","site-post-title":"","ast-breadcrumbs-content":"","ast-featured-img":"","footer-sml-layout":"","theme-transparent-header-meta":"default","adv-header-id-meta":"","stick-header-meta":"","header-above-stick-meta":"","header-main-stick-meta":"","header-below-stick-meta":"","astra-migrate-meta-layouts":"set","ast-page-background-enabled":"default","ast-page-background-meta":{"desktop":{"background-color":"var(--ast-global-color-4)","background-image":"","background-repeat":"repeat","background-position":"center center","background-size":"auto","background-attachment":"scroll","background-type":"","background-media":"","overlay-type":"","overlay-color":"","overlay-opacity":"","overlay-gradient":""},"tablet":{"background-color":"","background-image":"","background-repeat":"repeat","background-position":"center center","background-size":"auto","background-attachment":"scroll","background-type":"","background-media":"","overlay-type":"","overlay-color":"","overlay-opacity":"","overlay-gradient":""},"mobile":{"background-color":"","background-image":"","background-repeat":"repeat","background-position":"center center","background-size":"auto","background-attachment":"scroll","background-type":"","background-media":"","overlay-type":"","overlay-color":"","overlay-opacity":"","overlay-gradient":""}},"ast-content-background-meta":{"desktop":{"background-color":"var(--ast-global-color-5)","background-image":"","background-repeat":"repeat","background-position":"center center","background-size":"auto","background-attachment":"scroll","background-type":"","background-media":"","overlay-type":"","overlay-color":"","overlay-opacity":"","overlay-gradient":""},"tablet":{"background-color":"var(--ast-global-color-5)","background-image":"","background-repeat":"repeat","background-position":"center center","background-size":"auto","background-attachment":"scroll","background-type":"","background-media":"","overlay-type":"","overlay-color":"","overlay-opacity":"","overlay-gradient":""},"mobile":{"background-color":"var(--ast-global-color-5)","background-image":"","background-repeat":"repeat","background-position":"center center","background-size":"auto","background-attachment":"scroll","background-type":"","background-media":"","overlay-type":"","overlay-color":"","overlay-opacity":"","overlay-gradient":""}}},"product_cat":[19,18],"product_tag":[],"_links":{"self":[{"href":"https:\/\/www.cvsolutions.com.py\/index.php?rest_route=\/wp\/v2\/product\/1110"}],"collection":[{"href":"https:\/\/www.cvsolutions.com.py\/index.php?rest_route=\/wp\/v2\/product"}],"about":[{"href":"https:\/\/www.cvsolutions.com.py\/index.php?rest_route=\/wp\/v2\/types\/product"}],"replies":[{"embeddable":true,"href":"https:\/\/www.cvsolutions.com.py\/index.php?rest_route=%2Fwp%2Fv2%2Fcomments&post=1110"}],"wp:featuredmedia":[{"embeddable":true,"href":"https:\/\/www.cvsolutions.com.py\/index.php?rest_route=\/wp\/v2\/media\/2035"}],"wp:attachment":[{"href":"https:\/\/www.cvsolutions.com.py\/index.php?rest_route=%2Fwp%2Fv2%2Fmedia&parent=1110"}],"wp:term":[{"taxonomy":"product_cat","embeddable":true,"href":"https:\/\/www.cvsolutions.com.py\/index.php?rest_route=%2Fwp%2Fv2%2Fproduct_cat&post=1110"},{"taxonomy":"product_tag","embeddable":true,"href":"https:\/\/www.cvsolutions.com.py\/index.php?rest_route=%2Fwp%2Fv2%2Fproduct_tag&post=1110"}],"curies":[{"name":"wp","href":"https:\/\/api.w.org\/{rel}","templated":true}]}}