{"id":1118,"date":"2024-09-10T21:17:38","date_gmt":"2024-09-10T19:17:38","guid":{"rendered":"https:\/\/www.cvsolutions.com.py\/?post_type=product&#038;p=1118"},"modified":"2026-02-10T20:55:05","modified_gmt":"2026-02-10T19:55:05","slug":"aire-midas-18-000-btu-f-c-md-air18-aa-r410-gas-ecologico","status":"publish","type":"product","link":"https:\/\/www.cvsolutions.com.py\/?product=aire-midas-18-000-btu-f-c-md-air18-aa-r410-gas-ecologico","title":{"rendered":"AIRE ACONDICIONADO MIDAS 18.000 BTU F\/C MD-AIR18 AA R410 GAS ECOLOGICO"},"content":{"rendered":"<p>Presentamos el Aire Acondicionado Split Midas, dise\u00f1ado para la frescura y calidad en el clima de Paraguay. Con ingenier\u00eda precisa y materiales de primera, garantiza un rendimiento duradero. Adaptado espec\u00edficamente a las condiciones locales, ofrece un escape fresco y confortable. \u00abApag\u00e1 el verano con Midas\u00bb y disfruta de un ambiente fresco y controlado. La excelencia en climatizaci\u00f3n para tu hogar.<\/p>\n","protected":false},"excerpt":{"rendered":"<p><strong><big>INFORMACI\u00d3N DEL PRODUCTO<\/big><\/strong><\/p>\n<ul>\n<li><big>Tubos de conexi\u00f3n de cobre 3m.<\/big><\/li>\n<li><big>Filtro especial anti suciedad.<\/big><\/li>\n<li><big>Protector de seguridad de v\u00e1lvula.<\/big><\/li>\n<li><big>Protector del ventilador del hierro de color blanco.<\/big><\/li>\n<li><big>Con Kit de instalaci\u00f3n. ( kite el\u00e9ctrico, Ca\u00f1o Corrugado, Ca\u00f1o de Cobre de 3m, Soporte de Aluminio para la unidad interna)<\/big><\/li>\n<li><big>Gas ecol\u00f3gico R410<\/big><\/li>\n<li><big>S\u00faper silencioso.<\/big><\/li>\n<li><big>LED indicadora de Temperatura<\/big><\/li>\n<li><big>Bajo consumo.<\/big><\/li>\n<li><big>Disponibilidad de conexi\u00f3n con enchufe (plug-in)<\/big><\/li>\n<li>No cuenta con protector de V\u00e1lvula<\/li>\n<li>Viene cargado con gas<\/li>\n<\/ul>\n","protected":false},"featured_media":1122,"comment_status":"open","ping_status":"closed","template":"","meta":{"site-sidebar-layout":"default","site-content-layout":"","ast-site-content-layout":"default","site-content-style":"default","site-sidebar-style":"default","ast-global-header-display":"","ast-banner-title-visibility":"","ast-main-header-display":"","ast-hfb-above-header-display":"","ast-hfb-below-header-display":"","ast-hfb-mobile-header-display":"","site-post-title":"","ast-breadcrumbs-content":"","ast-featured-img":"","footer-sml-layout":"","theme-transparent-header-meta":"default","adv-header-id-meta":"","stick-header-meta":"","header-above-stick-meta":"","header-main-stick-meta":"","header-below-stick-meta":"","astra-migrate-meta-layouts":"set","ast-page-background-enabled":"default","ast-page-background-meta":{"desktop":{"background-color":"var(--ast-global-color-4)","background-image":"","background-repeat":"repeat","background-position":"center center","background-size":"auto","background-attachment":"scroll","background-type":"","background-media":"","overlay-type":"","overlay-color":"","overlay-opacity":"","overlay-gradient":""},"tablet":{"background-color":"","background-image":"","background-repeat":"repeat","background-position":"center center","background-size":"auto","background-attachment":"scroll","background-type":"","background-media":"","overlay-type":"","overlay-color":"","overlay-opacity":"","overlay-gradient":""},"mobile":{"background-color":"","background-image":"","background-repeat":"repeat","background-position":"center center","background-size":"auto","background-attachment":"scroll","background-type":"","background-media":"","overlay-type":"","overlay-color":"","overlay-opacity":"","overlay-gradient":""}},"ast-content-background-meta":{"desktop":{"background-color":"var(--ast-global-color-5)","background-image":"","background-repeat":"repeat","background-position":"center center","background-size":"auto","background-attachment":"scroll","background-type":"","background-media":"","overlay-type":"","overlay-color":"","overlay-opacity":"","overlay-gradient":""},"tablet":{"background-color":"var(--ast-global-color-5)","background-image":"","background-repeat":"repeat","background-position":"center center","background-size":"auto","background-attachment":"scroll","background-type":"","background-media":"","overlay-type":"","overlay-color":"","overlay-opacity":"","overlay-gradient":""},"mobile":{"background-color":"var(--ast-global-color-5)","background-image":"","background-repeat":"repeat","background-position":"center center","background-size":"auto","background-attachment":"scroll","background-type":"","background-media":"","overlay-type":"","overlay-color":"","overlay-opacity":"","overlay-gradient":""}}},"product_cat":[19,18],"product_tag":[],"_links":{"self":[{"href":"https:\/\/www.cvsolutions.com.py\/index.php?rest_route=\/wp\/v2\/product\/1118"}],"collection":[{"href":"https:\/\/www.cvsolutions.com.py\/index.php?rest_route=\/wp\/v2\/product"}],"about":[{"href":"https:\/\/www.cvsolutions.com.py\/index.php?rest_route=\/wp\/v2\/types\/product"}],"replies":[{"embeddable":true,"href":"https:\/\/www.cvsolutions.com.py\/index.php?rest_route=%2Fwp%2Fv2%2Fcomments&post=1118"}],"wp:featuredmedia":[{"embeddable":true,"href":"https:\/\/www.cvsolutions.com.py\/index.php?rest_route=\/wp\/v2\/media\/1122"}],"wp:attachment":[{"href":"https:\/\/www.cvsolutions.com.py\/index.php?rest_route=%2Fwp%2Fv2%2Fmedia&parent=1118"}],"wp:term":[{"taxonomy":"product_cat","embeddable":true,"href":"https:\/\/www.cvsolutions.com.py\/index.php?rest_route=%2Fwp%2Fv2%2Fproduct_cat&post=1118"},{"taxonomy":"product_tag","embeddable":true,"href":"https:\/\/www.cvsolutions.com.py\/index.php?rest_route=%2Fwp%2Fv2%2Fproduct_tag&post=1118"}],"curies":[{"name":"wp","href":"https:\/\/api.w.org\/{rel}","templated":true}]}}