{"id":117,"date":"2024-06-19T15:46:15","date_gmt":"2024-06-19T13:46:15","guid":{"rendered":"https:\/\/www.cvsolutions.com.py\/?post_type=product&#038;p=117"},"modified":"2025-12-16T16:15:00","modified_gmt":"2025-12-16T15:15:00","slug":"tv-lg-50-led-uhd-50ur7800psa-b-smart","status":"publish","type":"product","link":"https:\/\/www.cvsolutions.com.py\/?product=tv-lg-50-led-uhd-50ur7800psa-b-smart","title":{"rendered":"TV LG 50 LED UHD 50UR7800PSA\/B SMART"},"content":{"rendered":"<h4><strong>Sistema Operativo: WebOS<\/strong><br \/>\nDisfruta todos los detalles<\/h4>\n<p>LG UHD TV tiene HDR10, experimenta un mayor nivel de brillo, visualiza colores vivos y detalles incre\u00edbles.<\/p>\n<p>Procesador IA \u03b15 Gen6 4K<\/p>\n<h4>Mejora tu experiencia visual<\/h4>\n<p>El procesador \u03b15 IA 4K Gen6 mejora el televisor LG UHD para brindarte una experiencia inmersiva.<\/p>\n<h4>Tus contenidos en un 4K real<\/h4>\n<p>Los TVs LG UHD mejorar la calidad de imagen de los contenidos, disfrutar mayor claridad y precisi\u00f3n en todo momento.<\/p>\n<p>ThinQ AI &amp; webOS<\/p>\n<h4>Se ajusta a ti<\/h4>\n<p>Desde tu contenido favorito hasta tu forma preferida de verlo, webOS 23 new Home, te da recomendaciones seg\u00fan tus gustos y tendencias.<\/p>\n<h4>Mi perfil<\/h4>\n<p>Obt\u00e9n recomendaciones de pel\u00edculas personalizadas, una descripci\u00f3n general de los pr\u00f3ximos juegos de tu equipo y sus propias notificaciones, todo desde un espacio dedicado para ti.<\/p>\n<h4>Optimizador de juegos y Game Dashboard<\/h4>\n<p>Optimiza tu experiencia de juego. Accede a una variedad de configuraciones en un solo men\u00fa para un juego m\u00e1s r\u00e1pido e intuitivo.<\/p>\n<p>Tipo de Pantalla: 4K UHD<\/p>\n<p>Tasa de Refresco: 60Hz<\/p>\n<p>Procesador de Imagen: Procesador \u03b15 AI 4K Gen6<\/p>\n<p>HDR (Alto Rango Din\u00e1mico): HDR10 \/ HLG<\/p>\n<p>Salida de Audio: 20W<\/p>\n<p>Sistema de Altavoces: 2.0 Ch<br \/>\nCon Bluetooh (Funciona con cualquier dispositivo de sonido, independientemente de la marca)<\/p>\n<p>Dimensiones del televisores con soporte (AltoxAnchoxPronfundida)<\/p>\n<p>1 121 x 716 x 230 mm<\/p>\n<p><strong>Cuenta con 1 a\u00f1o de garant\u00eda<\/strong><\/p>\n","protected":false},"excerpt":{"rendered":"<ul>\n<li><strong>Pantalla:\u00a0<\/strong>LED de 50&#8243;, \u00a060 Hz<\/li>\n<li><strong>Resoluci\u00f3n de la pantalla:<\/strong>\u00a04K UHD (3840 x 2160p)<\/li>\n<li><strong>Conectividad:\u00a0<\/strong>Wifi y Bluetooth 4.2<\/li>\n<li><strong>Procesador de imagen:\u00a0<\/strong>\u03b15 AI 4K Gen6<\/li>\n<li><strong>Interfaz:\u00a0<\/strong>3x HDMI, 2x USB, 1x RF, 1x RJ45, 1x SPDIF<\/li>\n<li><strong>Sistema operativo:\u00a0<\/strong>webOS 23<\/li>\n<\/ul>\n","protected":false},"featured_media":187,"comment_status":"open","ping_status":"closed","template":"","meta":{"site-sidebar-layout":"default","site-content-layout":"","ast-site-content-layout":"default","site-content-style":"default","site-sidebar-style":"default","ast-global-header-display":"","ast-banner-title-visibility":"","ast-main-header-display":"","ast-hfb-above-header-display":"","ast-hfb-below-header-display":"","ast-hfb-mobile-header-display":"","site-post-title":"","ast-breadcrumbs-content":"","ast-featured-img":"","footer-sml-layout":"","theme-transparent-header-meta":"default","adv-header-id-meta":"","stick-header-meta":"","header-above-stick-meta":"","header-main-stick-meta":"","header-below-stick-meta":"","astra-migrate-meta-layouts":"set","ast-page-background-enabled":"default","ast-page-background-meta":{"desktop":{"background-color":"var(--ast-global-color-4)","background-image":"","background-repeat":"repeat","background-position":"center center","background-size":"auto","background-attachment":"scroll","background-type":"","background-media":"","overlay-type":"","overlay-color":"","overlay-opacity":"","overlay-gradient":""},"tablet":{"background-color":"","background-image":"","background-repeat":"repeat","background-position":"center center","background-size":"auto","background-attachment":"scroll","background-type":"","background-media":"","overlay-type":"","overlay-color":"","overlay-opacity":"","overlay-gradient":""},"mobile":{"background-color":"","background-image":"","background-repeat":"repeat","background-position":"center center","background-size":"auto","background-attachment":"scroll","background-type":"","background-media":"","overlay-type":"","overlay-color":"","overlay-opacity":"","overlay-gradient":""}},"ast-content-background-meta":{"desktop":{"background-color":"var(--ast-global-color-5)","background-image":"","background-repeat":"repeat","background-position":"center center","background-size":"auto","background-attachment":"scroll","background-type":"","background-media":"","overlay-type":"","overlay-color":"","overlay-opacity":"","overlay-gradient":""},"tablet":{"background-color":"var(--ast-global-color-5)","background-image":"","background-repeat":"repeat","background-position":"center center","background-size":"auto","background-attachment":"scroll","background-type":"","background-media":"","overlay-type":"","overlay-color":"","overlay-opacity":"","overlay-gradient":""},"mobile":{"background-color":"var(--ast-global-color-5)","background-image":"","background-repeat":"repeat","background-position":"center center","background-size":"auto","background-attachment":"scroll","background-type":"","background-media":"","overlay-type":"","overlay-color":"","overlay-opacity":"","overlay-gradient":""}}},"product_cat":[17,32],"product_tag":[],"_links":{"self":[{"href":"https:\/\/www.cvsolutions.com.py\/index.php?rest_route=\/wp\/v2\/product\/117"}],"collection":[{"href":"https:\/\/www.cvsolutions.com.py\/index.php?rest_route=\/wp\/v2\/product"}],"about":[{"href":"https:\/\/www.cvsolutions.com.py\/index.php?rest_route=\/wp\/v2\/types\/product"}],"replies":[{"embeddable":true,"href":"https:\/\/www.cvsolutions.com.py\/index.php?rest_route=%2Fwp%2Fv2%2Fcomments&post=117"}],"wp:featuredmedia":[{"embeddable":true,"href":"https:\/\/www.cvsolutions.com.py\/index.php?rest_route=\/wp\/v2\/media\/187"}],"wp:attachment":[{"href":"https:\/\/www.cvsolutions.com.py\/index.php?rest_route=%2Fwp%2Fv2%2Fmedia&parent=117"}],"wp:term":[{"taxonomy":"product_cat","embeddable":true,"href":"https:\/\/www.cvsolutions.com.py\/index.php?rest_route=%2Fwp%2Fv2%2Fproduct_cat&post=117"},{"taxonomy":"product_tag","embeddable":true,"href":"https:\/\/www.cvsolutions.com.py\/index.php?rest_route=%2Fwp%2Fv2%2Fproduct_tag&post=117"}],"curies":[{"name":"wp","href":"https:\/\/api.w.org\/{rel}","templated":true}]}}