{"id":1184,"date":"2024-09-20T17:12:36","date_gmt":"2024-09-20T15:12:36","guid":{"rendered":"https:\/\/www.cvsolutions.com.py\/?post_type=product&#038;p=1184"},"modified":"2024-09-20T17:12:36","modified_gmt":"2024-09-20T15:12:36","slug":"sandwichera-grill-arno-compact-uno-guno-640w-220v-50hz","status":"publish","type":"product","link":"https:\/\/www.cvsolutions.com.py\/?product=sandwichera-grill-arno-compact-uno-guno-640w-220v-50hz","title":{"rendered":"SANDWICHERA GRILL ARNO COMPACT UNO GUNO 640W 220V\/50HZ"},"content":{"rendered":"<h4>F\u00e1cil de usar y r\u00e1pida de preparar, cuenta con dos placas antiadherentes, con la placa superior regulando seg\u00fan el alimento que quieras asar, perfecta para llegar al punto que desees. Podr\u00e1s asar diferentes tipos de alimentos, desde carnes hasta verduras y hacer tu dieta m\u00e1s saludable, disfrutando del sabor de los alimentos.<\/h4>\n","protected":false},"excerpt":{"rendered":"<div class=\"tt-collapse-block mt-3\">\n<div class=\"tt-item active\">\n<p class=\"tt-collapse-title\">Descripci\u00f3n<\/p>\n<p class=\"tt-collapse-content tt-collapse-text-ficha\">* El mango fr\u00edo y el bloqueo lateral garantizan una mayor seguridad incluso durante el uso.<br \/>\n* La placa superior vers\u00e1til se ajusta a la altura de los alimentos.<br \/>\n* Superficie de cocci\u00f3n antiadherente.<br \/>\n* Control de temperatura.<br \/>\n* Bloqueo de seguridad.<br \/>\n* Recolector de grasa.<br \/>\n* Potencia 700W.<br \/>\n* Luz indicadora.<\/p>\n<p>Im\u00e1genes meramente ilustrativas. Im\u00e1genes e informaci\u00f3n sujetas a cambios sin previo aviso.<\/p>\n<\/div>\n<\/div>\n<div class=\"tt-item\">\n<p class=\"tt-collapse-title\">Medidas del Packaging<\/p>\n<div class=\"tt-collapse-content\">\n<table class=\"table table-sm table-hover\">\n<tbody>\n<tr>\n<td>ANCHO<\/td>\n<td>10.7 CM<\/td>\n<\/tr>\n<tr>\n<td>ALTO<\/td>\n<td>24.3 CM<\/td>\n<\/tr>\n<tr>\n<td>LARGO<\/td>\n<td>28.8 CM<\/td>\n<\/tr>\n<tr>\n<td>PESO<\/td>\n<td>1717 GR<\/td>\n<\/tr>\n<tr>\n<td>POTENCIA<\/td>\n<td>700 Watts<\/td>\n<\/tr>\n<\/tbody>\n<\/table>\n<\/div>\n<\/div>\n","protected":false},"featured_media":1187,"comment_status":"open","ping_status":"closed","template":"","meta":{"site-sidebar-layout":"default","site-content-layout":"","ast-site-content-layout":"default","site-content-style":"default","site-sidebar-style":"default","ast-global-header-display":"","ast-banner-title-visibility":"","ast-main-header-display":"","ast-hfb-above-header-display":"","ast-hfb-below-header-display":"","ast-hfb-mobile-header-display":"","site-post-title":"","ast-breadcrumbs-content":"","ast-featured-img":"","footer-sml-layout":"","theme-transparent-header-meta":"default","adv-header-id-meta":"","stick-header-meta":"","header-above-stick-meta":"","header-main-stick-meta":"","header-below-stick-meta":"","astra-migrate-meta-layouts":"set","ast-page-background-enabled":"default","ast-page-background-meta":{"desktop":{"background-color":"var(--ast-global-color-4)","background-image":"","background-repeat":"repeat","background-position":"center center","background-size":"auto","background-attachment":"scroll","background-type":"","background-media":"","overlay-type":"","overlay-color":"","overlay-opacity":"","overlay-gradient":""},"tablet":{"background-color":"","background-image":"","background-repeat":"repeat","background-position":"center center","background-size":"auto","background-attachment":"scroll","background-type":"","background-media":"","overlay-type":"","overlay-color":"","overlay-opacity":"","overlay-gradient":""},"mobile":{"background-color":"","background-image":"","background-repeat":"repeat","background-position":"center center","background-size":"auto","background-attachment":"scroll","background-type":"","background-media":"","overlay-type":"","overlay-color":"","overlay-opacity":"","overlay-gradient":""}},"ast-content-background-meta":{"desktop":{"background-color":"var(--ast-global-color-5)","background-image":"","background-repeat":"repeat","background-position":"center center","background-size":"auto","background-attachment":"scroll","background-type":"","background-media":"","overlay-type":"","overlay-color":"","overlay-opacity":"","overlay-gradient":""},"tablet":{"background-color":"var(--ast-global-color-5)","background-image":"","background-repeat":"repeat","background-position":"center center","background-size":"auto","background-attachment":"scroll","background-type":"","background-media":"","overlay-type":"","overlay-color":"","overlay-opacity":"","overlay-gradient":""},"mobile":{"background-color":"var(--ast-global-color-5)","background-image":"","background-repeat":"repeat","background-position":"center center","background-size":"auto","background-attachment":"scroll","background-type":"","background-media":"","overlay-type":"","overlay-color":"","overlay-opacity":"","overlay-gradient":""}}},"product_cat":[20,54],"product_tag":[],"_links":{"self":[{"href":"https:\/\/www.cvsolutions.com.py\/index.php?rest_route=\/wp\/v2\/product\/1184"}],"collection":[{"href":"https:\/\/www.cvsolutions.com.py\/index.php?rest_route=\/wp\/v2\/product"}],"about":[{"href":"https:\/\/www.cvsolutions.com.py\/index.php?rest_route=\/wp\/v2\/types\/product"}],"replies":[{"embeddable":true,"href":"https:\/\/www.cvsolutions.com.py\/index.php?rest_route=%2Fwp%2Fv2%2Fcomments&post=1184"}],"wp:featuredmedia":[{"embeddable":true,"href":"https:\/\/www.cvsolutions.com.py\/index.php?rest_route=\/wp\/v2\/media\/1187"}],"wp:attachment":[{"href":"https:\/\/www.cvsolutions.com.py\/index.php?rest_route=%2Fwp%2Fv2%2Fmedia&parent=1184"}],"wp:term":[{"taxonomy":"product_cat","embeddable":true,"href":"https:\/\/www.cvsolutions.com.py\/index.php?rest_route=%2Fwp%2Fv2%2Fproduct_cat&post=1184"},{"taxonomy":"product_tag","embeddable":true,"href":"https:\/\/www.cvsolutions.com.py\/index.php?rest_route=%2Fwp%2Fv2%2Fproduct_tag&post=1184"}],"curies":[{"name":"wp","href":"https:\/\/api.w.org\/{rel}","templated":true}]}}