{"id":1201,"date":"2024-09-20T17:44:33","date_gmt":"2024-09-20T15:44:33","guid":{"rendered":"https:\/\/www.cvsolutions.com.py\/?post_type=product&#038;p=1201"},"modified":"2024-09-20T17:44:33","modified_gmt":"2024-09-20T15:44:33","slug":"freidora-moulinex-easy-pro-3l-mod-am338070","status":"publish","type":"product","link":"https:\/\/www.cvsolutions.com.py\/?product=freidora-moulinex-easy-pro-3l-mod-am338070","title":{"rendered":"FREIDORA MOULINEX EASY PRO 3L MOD. AM338070"},"content":{"rendered":"<h4>SISTEMA DE RESITENCIA SUMERGIDA PARA UNOS R\u00c1PIDOS Y EXCELENTES RESULTADOS.<br \/>\nEasy Pro es una freidora semiprofesional con tecnolog\u00eda de zona fr\u00eda. Con Easy Pro puedes fre\u00edr hasta 1,2 kg de deliciosas patatas fritas con resultados semejantes a los de un restaurante.<\/h4>\n","protected":false},"excerpt":{"rendered":"<div class=\"tt-collapse-block mt-3\">\n<div class=\"tt-item active\">\n<p class=\"tt-collapse-title\">Descripci\u00f3n<\/p>\n<p class=\"tt-collapse-content tt-collapse-text-ficha\">* Ventana para el control de la fritura.<br \/>\n* Cuerpo y cuba en acero inoxidable.<br \/>\n* Resistencia sumergida m\u00e1s r\u00e1pida.<br \/>\n* F\u00e1cil transporte y manipulaci\u00f3n.<br \/>\n* Asas retr\u00e1ctiles y ergon\u00f3micas.<br \/>\n* Capacidades 3 litros &#8211; 1,3kg.<br \/>\n* Cuba extra\u00edble esmaltada.<br \/>\n* 190 \u00baC Temperatura. M\u00e1x.<br \/>\n* Termostato regulable.<br \/>\n* Asas de toque fr\u00edo.<br \/>\n* Potencia 2200W.<\/p>\n<p>Im\u00e1genes meramente ilustrativas. Im\u00e1genes e informaci\u00f3n sujetas a cambios sin previo aviso.<\/p>\n<\/div>\n<\/div>\n<div class=\"tt-item\">\n<p class=\"tt-collapse-title\">Medidas del Packaging<\/p>\n<div class=\"tt-collapse-content\">\n<table class=\"table table-sm table-hover\">\n<tbody>\n<tr>\n<td>ALTO<\/td>\n<td>32 CM<\/td>\n<\/tr>\n<tr>\n<td>PESO<\/td>\n<td>4450 GR<\/td>\n<\/tr>\n<tr>\n<td>ANCHO<\/td>\n<td>27.5 CM<\/td>\n<\/tr>\n<tr>\n<td>LARGO<\/td>\n<td>43.5 CM<\/td>\n<\/tr>\n<\/tbody>\n<\/table>\n<\/div>\n<\/div>\n","protected":false},"featured_media":1204,"comment_status":"open","ping_status":"closed","template":"","meta":{"site-sidebar-layout":"default","site-content-layout":"","ast-site-content-layout":"default","site-content-style":"default","site-sidebar-style":"default","ast-global-header-display":"","ast-banner-title-visibility":"","ast-main-header-display":"","ast-hfb-above-header-display":"","ast-hfb-below-header-display":"","ast-hfb-mobile-header-display":"","site-post-title":"","ast-breadcrumbs-content":"","ast-featured-img":"","footer-sml-layout":"","theme-transparent-header-meta":"default","adv-header-id-meta":"","stick-header-meta":"","header-above-stick-meta":"","header-main-stick-meta":"","header-below-stick-meta":"","astra-migrate-meta-layouts":"set","ast-page-background-enabled":"default","ast-page-background-meta":{"desktop":{"background-color":"var(--ast-global-color-4)","background-image":"","background-repeat":"repeat","background-position":"center center","background-size":"auto","background-attachment":"scroll","background-type":"","background-media":"","overlay-type":"","overlay-color":"","overlay-opacity":"","overlay-gradient":""},"tablet":{"background-color":"","background-image":"","background-repeat":"repeat","background-position":"center center","background-size":"auto","background-attachment":"scroll","background-type":"","background-media":"","overlay-type":"","overlay-color":"","overlay-opacity":"","overlay-gradient":""},"mobile":{"background-color":"","background-image":"","background-repeat":"repeat","background-position":"center center","background-size":"auto","background-attachment":"scroll","background-type":"","background-media":"","overlay-type":"","overlay-color":"","overlay-opacity":"","overlay-gradient":""}},"ast-content-background-meta":{"desktop":{"background-color":"var(--ast-global-color-5)","background-image":"","background-repeat":"repeat","background-position":"center center","background-size":"auto","background-attachment":"scroll","background-type":"","background-media":"","overlay-type":"","overlay-color":"","overlay-opacity":"","overlay-gradient":""},"tablet":{"background-color":"var(--ast-global-color-5)","background-image":"","background-repeat":"repeat","background-position":"center center","background-size":"auto","background-attachment":"scroll","background-type":"","background-media":"","overlay-type":"","overlay-color":"","overlay-opacity":"","overlay-gradient":""},"mobile":{"background-color":"var(--ast-global-color-5)","background-image":"","background-repeat":"repeat","background-position":"center center","background-size":"auto","background-attachment":"scroll","background-type":"","background-media":"","overlay-type":"","overlay-color":"","overlay-opacity":"","overlay-gradient":""}}},"product_cat":[76],"product_tag":[],"_links":{"self":[{"href":"https:\/\/www.cvsolutions.com.py\/index.php?rest_route=\/wp\/v2\/product\/1201"}],"collection":[{"href":"https:\/\/www.cvsolutions.com.py\/index.php?rest_route=\/wp\/v2\/product"}],"about":[{"href":"https:\/\/www.cvsolutions.com.py\/index.php?rest_route=\/wp\/v2\/types\/product"}],"replies":[{"embeddable":true,"href":"https:\/\/www.cvsolutions.com.py\/index.php?rest_route=%2Fwp%2Fv2%2Fcomments&post=1201"}],"wp:featuredmedia":[{"embeddable":true,"href":"https:\/\/www.cvsolutions.com.py\/index.php?rest_route=\/wp\/v2\/media\/1204"}],"wp:attachment":[{"href":"https:\/\/www.cvsolutions.com.py\/index.php?rest_route=%2Fwp%2Fv2%2Fmedia&parent=1201"}],"wp:term":[{"taxonomy":"product_cat","embeddable":true,"href":"https:\/\/www.cvsolutions.com.py\/index.php?rest_route=%2Fwp%2Fv2%2Fproduct_cat&post=1201"},{"taxonomy":"product_tag","embeddable":true,"href":"https:\/\/www.cvsolutions.com.py\/index.php?rest_route=%2Fwp%2Fv2%2Fproduct_tag&post=1201"}],"curies":[{"name":"wp","href":"https:\/\/api.w.org\/{rel}","templated":true}]}}