{"id":139,"date":"2024-06-19T15:46:44","date_gmt":"2024-06-19T13:46:44","guid":{"rendered":"https:\/\/www.cvsolutions.com.py\/?post_type=product&#038;p=139"},"modified":"2024-09-10T19:24:17","modified_gmt":"2024-09-10T17:24:17","slug":"cafetera-quanta-multcap-3en1-dolce-gusto-nespresso-qtcmc50-220v-blanco","status":"publish","type":"product","link":"https:\/\/www.cvsolutions.com.py\/?product=cafetera-quanta-multcap-3en1-dolce-gusto-nespresso-qtcmc50-220v-blanco","title":{"rendered":"CAFETERA QUANTA MULTCAP 3EN1 DOLCE GUSTO-NESPRESSO QTCMC50 220V BLANCO"},"content":{"rendered":"<h4><strong>Informaci\u00f3n:<\/strong><\/h4>\n<p>Panel t\u00e1ctil LED con selector de medidas hasta 7 niveles.<br \/>\nFunci\u00f3n de ahorro de energ\u00eda en 9 minutos apagado autom\u00e1tico.<br \/>\nTanque de agua transparente extra\u00edble con capacidad de 1L.<br \/>\nBomba Italiana de 20 bar.<br \/>\nIngrese y extraiga la c\u00e1psula manualmente.<br \/>\nIndicaci\u00f3n cuando est\u00e9 listo para preparar.<br \/>\nAdaptadores compatibles con diversas c\u00e1psulas (Dolce Gusto e Nespresso) y caf\u00e9 en polvo .<br \/>\nVoltajes: 220V-240 &#8211; 50\/60Hz, 1400W o 127V\/60Hz, 1400W.<\/p>\n","protected":false},"excerpt":{"rendered":"<p><strong>Cafetera con dise\u00f1o moderno y compacto para una m\u00e1xima comodidad, ocupando el menor espacio posible y con la practicidad de solo un toque. Dise\u00f1o especial para ajustar el tama\u00f1o de la taza.<\/strong><\/p>\n","protected":false},"featured_media":211,"comment_status":"open","ping_status":"closed","template":"","meta":{"site-sidebar-layout":"default","site-content-layout":"","ast-site-content-layout":"default","site-content-style":"default","site-sidebar-style":"default","ast-global-header-display":"","ast-banner-title-visibility":"","ast-main-header-display":"","ast-hfb-above-header-display":"","ast-hfb-below-header-display":"","ast-hfb-mobile-header-display":"","site-post-title":"","ast-breadcrumbs-content":"","ast-featured-img":"","footer-sml-layout":"","theme-transparent-header-meta":"default","adv-header-id-meta":"","stick-header-meta":"","header-above-stick-meta":"","header-main-stick-meta":"","header-below-stick-meta":"","astra-migrate-meta-layouts":"set","ast-page-background-enabled":"default","ast-page-background-meta":{"desktop":{"background-color":"var(--ast-global-color-4)","background-image":"","background-repeat":"repeat","background-position":"center center","background-size":"auto","background-attachment":"scroll","background-type":"","background-media":"","overlay-type":"","overlay-color":"","overlay-opacity":"","overlay-gradient":""},"tablet":{"background-color":"","background-image":"","background-repeat":"repeat","background-position":"center center","background-size":"auto","background-attachment":"scroll","background-type":"","background-media":"","overlay-type":"","overlay-color":"","overlay-opacity":"","overlay-gradient":""},"mobile":{"background-color":"","background-image":"","background-repeat":"repeat","background-position":"center center","background-size":"auto","background-attachment":"scroll","background-type":"","background-media":"","overlay-type":"","overlay-color":"","overlay-opacity":"","overlay-gradient":""}},"ast-content-background-meta":{"desktop":{"background-color":"var(--ast-global-color-5)","background-image":"","background-repeat":"repeat","background-position":"center center","background-size":"auto","background-attachment":"scroll","background-type":"","background-media":"","overlay-type":"","overlay-color":"","overlay-opacity":"","overlay-gradient":""},"tablet":{"background-color":"var(--ast-global-color-5)","background-image":"","background-repeat":"repeat","background-position":"center center","background-size":"auto","background-attachment":"scroll","background-type":"","background-media":"","overlay-type":"","overlay-color":"","overlay-opacity":"","overlay-gradient":""},"mobile":{"background-color":"var(--ast-global-color-5)","background-image":"","background-repeat":"repeat","background-position":"center center","background-size":"auto","background-attachment":"scroll","background-type":"","background-media":"","overlay-type":"","overlay-color":"","overlay-opacity":"","overlay-gradient":""}}},"product_cat":[23,20],"product_tag":[],"_links":{"self":[{"href":"https:\/\/www.cvsolutions.com.py\/index.php?rest_route=\/wp\/v2\/product\/139"}],"collection":[{"href":"https:\/\/www.cvsolutions.com.py\/index.php?rest_route=\/wp\/v2\/product"}],"about":[{"href":"https:\/\/www.cvsolutions.com.py\/index.php?rest_route=\/wp\/v2\/types\/product"}],"replies":[{"embeddable":true,"href":"https:\/\/www.cvsolutions.com.py\/index.php?rest_route=%2Fwp%2Fv2%2Fcomments&post=139"}],"wp:featuredmedia":[{"embeddable":true,"href":"https:\/\/www.cvsolutions.com.py\/index.php?rest_route=\/wp\/v2\/media\/211"}],"wp:attachment":[{"href":"https:\/\/www.cvsolutions.com.py\/index.php?rest_route=%2Fwp%2Fv2%2Fmedia&parent=139"}],"wp:term":[{"taxonomy":"product_cat","embeddable":true,"href":"https:\/\/www.cvsolutions.com.py\/index.php?rest_route=%2Fwp%2Fv2%2Fproduct_cat&post=139"},{"taxonomy":"product_tag","embeddable":true,"href":"https:\/\/www.cvsolutions.com.py\/index.php?rest_route=%2Fwp%2Fv2%2Fproduct_tag&post=139"}],"curies":[{"name":"wp","href":"https:\/\/api.w.org\/{rel}","templated":true}]}}