{"id":1448,"date":"2024-10-29T15:16:01","date_gmt":"2024-10-29T14:16:01","guid":{"rendered":"https:\/\/www.cvsolutions.com.py\/?post_type=product&#038;p=1448"},"modified":"2025-10-15T17:52:53","modified_gmt":"2025-10-15T15:52:53","slug":"purificador-de-agua-soft-baby-negro-con-instalacion","status":"publish","type":"product","link":"https:\/\/www.cvsolutions.com.py\/?product=purificador-de-agua-soft-baby-negro-con-instalacion","title":{"rendered":"PURIFICADOR DE AGUA SOFT BABY NEGRO CON INSTALACION"},"content":{"rendered":"<h6><big><strong>Beneficios de Optar por el Purificador de Agua Soft:<\/strong><\/big><\/h6>\n<ul>\n<li>\n<h6><big><strong>Agua pura y cristalina,<\/strong> libre de cloro, sabores, olores e impurezas. Posee doble filtraci\u00f3n con un elemento filtrante de polipropileno (Melt Blown) capaz de retener impurezas mayores a 5 micras. Utiliza carb\u00f3n activado con plata coloidal para reducir el cloro libre, los olores y los sabores.<\/big><\/h6>\n<\/li>\n<li>\n<h6><big><strong>Ahorro:<\/strong> tu filtro tiene una vida \u00fatil, que var\u00eda de 9 a 12 meses (variaci\u00f3n dependiendo de la calidad del agua que ofrece la empresa suministradora).<\/big><\/h6>\n<\/li>\n<li>\n<h6><big><strong>Rapidez y practicidad: <\/strong>Basta con abrir el grifo de la purificadora para tener agua pura y de calidad.<\/big><\/h6>\n<\/li>\n<li>\n<h6><big><strong>Dise\u00f1o moderno<\/strong>, de l\u00edneas suaves. Combina con cualquier entorno.<\/big><\/h6>\n<\/li>\n<li>\n<h6><big>Con <strong>bandeja de goteo extra\u00edble <\/strong>y salida de agua.<\/big><\/h6>\n<\/li>\n<\/ul>\n","protected":false},"excerpt":{"rendered":"<p><big><strong>Caracter\u00edsticas<\/strong><\/big><\/p>\n<p><big><strong>Especificaciones t\u00e9cnicas<\/strong><\/big><\/p>\n<p><big>Alto 28 cm x ancho 19,5 cm x profundidad 18,5 cm<\/big><\/p>\n<p><big><strong>Modelo sin refrigeraci\u00f3n, temperatura natural.<\/strong><\/big><\/p>\n<p><big><strong>Ventajas de la recarga original Everest<\/strong><\/big><\/p>\n<p><big><strong>Pureza:<\/strong> Desarrollado para retener las impurezas contenidas en el agua potable, el Recambio Original Everest cuenta con una tecnolog\u00eda especial 2 en 1 que retiene part\u00edculas, reduce la concentraci\u00f3n de cloro, adem\u00e1s de reducir olores y sabores no deseados. Confianza: producido de acuerdo con la norma NBR 16098:2012 y con el sello ABRAFIPA para dispositivos de mejora.<\/big><\/p>\n<p><big>El elemento filtrante es 2 en 1, lo cual permite que en un 99.9%, en comparacion de un bebedero convencional que filtra solo en un 50 o 60 %<\/big><\/p>\n<p><big><strong>Confianza:<\/strong> producido de acuerdo con la norma NBR 16098:2012 y con el sello ABRAFIPA para dispositivos de mejora.<\/big><\/p>\n","protected":false},"featured_media":1451,"comment_status":"open","ping_status":"closed","template":"","meta":{"site-sidebar-layout":"default","site-content-layout":"","ast-site-content-layout":"default","site-content-style":"default","site-sidebar-style":"default","ast-global-header-display":"","ast-banner-title-visibility":"","ast-main-header-display":"","ast-hfb-above-header-display":"","ast-hfb-below-header-display":"","ast-hfb-mobile-header-display":"","site-post-title":"","ast-breadcrumbs-content":"","ast-featured-img":"","footer-sml-layout":"","theme-transparent-header-meta":"default","adv-header-id-meta":"","stick-header-meta":"","header-above-stick-meta":"","header-main-stick-meta":"","header-below-stick-meta":"","astra-migrate-meta-layouts":"set","ast-page-background-enabled":"default","ast-page-background-meta":{"desktop":{"background-color":"var(--ast-global-color-4)","background-image":"","background-repeat":"repeat","background-position":"center center","background-size":"auto","background-attachment":"scroll","background-type":"","background-media":"","overlay-type":"","overlay-color":"","overlay-opacity":"","overlay-gradient":""},"tablet":{"background-color":"","background-image":"","background-repeat":"repeat","background-position":"center center","background-size":"auto","background-attachment":"scroll","background-type":"","background-media":"","overlay-type":"","overlay-color":"","overlay-opacity":"","overlay-gradient":""},"mobile":{"background-color":"","background-image":"","background-repeat":"repeat","background-position":"center center","background-size":"auto","background-attachment":"scroll","background-type":"","background-media":"","overlay-type":"","overlay-color":"","overlay-opacity":"","overlay-gradient":""}},"ast-content-background-meta":{"desktop":{"background-color":"var(--ast-global-color-5)","background-image":"","background-repeat":"repeat","background-position":"center center","background-size":"auto","background-attachment":"scroll","background-type":"","background-media":"","overlay-type":"","overlay-color":"","overlay-opacity":"","overlay-gradient":""},"tablet":{"background-color":"var(--ast-global-color-5)","background-image":"","background-repeat":"repeat","background-position":"center center","background-size":"auto","background-attachment":"scroll","background-type":"","background-media":"","overlay-type":"","overlay-color":"","overlay-opacity":"","overlay-gradient":""},"mobile":{"background-color":"var(--ast-global-color-5)","background-image":"","background-repeat":"repeat","background-position":"center center","background-size":"auto","background-attachment":"scroll","background-type":"","background-media":"","overlay-type":"","overlay-color":"","overlay-opacity":"","overlay-gradient":""}}},"product_cat":[20,105],"product_tag":[],"_links":{"self":[{"href":"https:\/\/www.cvsolutions.com.py\/index.php?rest_route=\/wp\/v2\/product\/1448"}],"collection":[{"href":"https:\/\/www.cvsolutions.com.py\/index.php?rest_route=\/wp\/v2\/product"}],"about":[{"href":"https:\/\/www.cvsolutions.com.py\/index.php?rest_route=\/wp\/v2\/types\/product"}],"replies":[{"embeddable":true,"href":"https:\/\/www.cvsolutions.com.py\/index.php?rest_route=%2Fwp%2Fv2%2Fcomments&post=1448"}],"wp:featuredmedia":[{"embeddable":true,"href":"https:\/\/www.cvsolutions.com.py\/index.php?rest_route=\/wp\/v2\/media\/1451"}],"wp:attachment":[{"href":"https:\/\/www.cvsolutions.com.py\/index.php?rest_route=%2Fwp%2Fv2%2Fmedia&parent=1448"}],"wp:term":[{"taxonomy":"product_cat","embeddable":true,"href":"https:\/\/www.cvsolutions.com.py\/index.php?rest_route=%2Fwp%2Fv2%2Fproduct_cat&post=1448"},{"taxonomy":"product_tag","embeddable":true,"href":"https:\/\/www.cvsolutions.com.py\/index.php?rest_route=%2Fwp%2Fv2%2Fproduct_tag&post=1448"}],"curies":[{"name":"wp","href":"https:\/\/api.w.org\/{rel}","templated":true}]}}