{"id":1478,"date":"2024-11-07T19:24:28","date_gmt":"2024-11-07T18:24:28","guid":{"rendered":"https:\/\/www.cvsolutions.com.py\/?post_type=product&#038;p=1478"},"modified":"2025-04-08T20:43:26","modified_gmt":"2025-04-08T18:43:26","slug":"lavasecarropas-lg-lava-12kg-seca-7kg-silver-wd12vvc4s6c","status":"publish","type":"product","link":"https:\/\/www.cvsolutions.com.py\/?product=lavasecarropas-lg-lava-12kg-seca-7kg-silver-wd12vvc4s6c","title":{"rendered":"LAVASECARROPAS LG LAVA 12KG. \/ SECA 7KG. SILVER WD12VVC4S6C"},"content":{"rendered":"<p>Lavadora-Secadora Carga Frontal con Inteligencia Artificial y capacidad total 12 kilos de lavado y 7 kilos de secado<\/p>\n","protected":false},"excerpt":{"rendered":"<h5 data-start=\"78\" data-end=\"220\">Tecnolog\u00eda AI DD\u2122: Proporciona un 18% m\u00e1s de protecci\u00f3n para los tejidos, optimizando los movimientos de lavado para cuidar mejor tu ropa.<\/h5>\n<h5 data-start=\"222\" data-end=\"384\">Tecnolog\u00eda Steam\u2122: Elimina el 99.9% de al\u00e9rgenos, como \u00e1caros del polvo, mejorando la limpieza y cuidado de las prendas, y reduciendo problemas respiratorios.<\/h5>\n<h5 data-start=\"386\" data-end=\"515\">Durabilidad: Puerta de cristal templado y tambor de acero inoxidable para mayor resistencia, higiene y protecci\u00f3n de la ropa.<\/h5>\n<h5 data-start=\"517\" data-end=\"624\">Dise\u00f1o elegante y funcional: Display amplio y selector met\u00e1lico de programas para un uso m\u00e1s intuitivo.<\/h5>\n<h5 data-start=\"626\" data-end=\"769\">A\u00f1adir Prendas: Si olvidas una prenda, puedes a\u00f1adirla f\u00e1cilmente durante el ciclo presionando \u00abPausa\u00bb, incluso ropa grande como chaquetas.<\/h5>\n<h5 data-start=\"771\" data-end=\"902\">SmartThinQ\u2122: Permite controlar y monitorear el lavado a distancia mediante Wifi, con la opci\u00f3n de descargar ciclos adicionales.<\/h5>\n","protected":false},"featured_media":1482,"comment_status":"open","ping_status":"closed","template":"","meta":{"site-sidebar-layout":"default","site-content-layout":"","ast-site-content-layout":"default","site-content-style":"default","site-sidebar-style":"default","ast-global-header-display":"","ast-banner-title-visibility":"","ast-main-header-display":"","ast-hfb-above-header-display":"","ast-hfb-below-header-display":"","ast-hfb-mobile-header-display":"","site-post-title":"","ast-breadcrumbs-content":"","ast-featured-img":"","footer-sml-layout":"","theme-transparent-header-meta":"default","adv-header-id-meta":"","stick-header-meta":"","header-above-stick-meta":"","header-main-stick-meta":"","header-below-stick-meta":"","astra-migrate-meta-layouts":"set","ast-page-background-enabled":"default","ast-page-background-meta":{"desktop":{"background-color":"var(--ast-global-color-4)","background-image":"","background-repeat":"repeat","background-position":"center center","background-size":"auto","background-attachment":"scroll","background-type":"","background-media":"","overlay-type":"","overlay-color":"","overlay-opacity":"","overlay-gradient":""},"tablet":{"background-color":"","background-image":"","background-repeat":"repeat","background-position":"center center","background-size":"auto","background-attachment":"scroll","background-type":"","background-media":"","overlay-type":"","overlay-color":"","overlay-opacity":"","overlay-gradient":""},"mobile":{"background-color":"","background-image":"","background-repeat":"repeat","background-position":"center center","background-size":"auto","background-attachment":"scroll","background-type":"","background-media":"","overlay-type":"","overlay-color":"","overlay-opacity":"","overlay-gradient":""}},"ast-content-background-meta":{"desktop":{"background-color":"var(--ast-global-color-5)","background-image":"","background-repeat":"repeat","background-position":"center center","background-size":"auto","background-attachment":"scroll","background-type":"","background-media":"","overlay-type":"","overlay-color":"","overlay-opacity":"","overlay-gradient":""},"tablet":{"background-color":"var(--ast-global-color-5)","background-image":"","background-repeat":"repeat","background-position":"center center","background-size":"auto","background-attachment":"scroll","background-type":"","background-media":"","overlay-type":"","overlay-color":"","overlay-opacity":"","overlay-gradient":""},"mobile":{"background-color":"var(--ast-global-color-5)","background-image":"","background-repeat":"repeat","background-position":"center center","background-size":"auto","background-attachment":"scroll","background-type":"","background-media":"","overlay-type":"","overlay-color":"","overlay-opacity":"","overlay-gradient":""}}},"product_cat":[34,38],"product_tag":[],"_links":{"self":[{"href":"https:\/\/www.cvsolutions.com.py\/index.php?rest_route=\/wp\/v2\/product\/1478"}],"collection":[{"href":"https:\/\/www.cvsolutions.com.py\/index.php?rest_route=\/wp\/v2\/product"}],"about":[{"href":"https:\/\/www.cvsolutions.com.py\/index.php?rest_route=\/wp\/v2\/types\/product"}],"replies":[{"embeddable":true,"href":"https:\/\/www.cvsolutions.com.py\/index.php?rest_route=%2Fwp%2Fv2%2Fcomments&post=1478"}],"wp:featuredmedia":[{"embeddable":true,"href":"https:\/\/www.cvsolutions.com.py\/index.php?rest_route=\/wp\/v2\/media\/1482"}],"wp:attachment":[{"href":"https:\/\/www.cvsolutions.com.py\/index.php?rest_route=%2Fwp%2Fv2%2Fmedia&parent=1478"}],"wp:term":[{"taxonomy":"product_cat","embeddable":true,"href":"https:\/\/www.cvsolutions.com.py\/index.php?rest_route=%2Fwp%2Fv2%2Fproduct_cat&post=1478"},{"taxonomy":"product_tag","embeddable":true,"href":"https:\/\/www.cvsolutions.com.py\/index.php?rest_route=%2Fwp%2Fv2%2Fproduct_tag&post=1478"}],"curies":[{"name":"wp","href":"https:\/\/api.w.org\/{rel}","templated":true}]}}