{"id":155,"date":"2024-06-19T15:47:05","date_gmt":"2024-06-19T13:47:05","guid":{"rendered":"https:\/\/www.cvsolutions.com.py\/?post_type=product&#038;p=155"},"modified":"2025-06-10T17:02:52","modified_gmt":"2025-06-10T15:02:52","slug":"hidrolavadora-karcher-hd585-profi","status":"publish","type":"product","link":"https:\/\/www.cvsolutions.com.py\/?product=hidrolavadora-karcher-hd585-profi","title":{"rendered":"HIDROLAVADORA KARCHER HD585 PROFI"},"content":{"rendered":"<h5>Especificaciones t\u00e9cnicas<\/h5>\n<table style=\"height: 326px;\" width=\"617\">\n<tbody>\n<tr>\n<td>Tipo de corriente (Ph\/V\/Hz)<\/td>\n<td>1 \/ 230 \/ 50<\/td>\n<\/tr>\n<tr>\n<td>Caudal (l\/h)<\/td>\n<td>500<\/td>\n<\/tr>\n<tr>\n<td>Presi\u00f3n de trabajo (PSI)<\/td>\n<td>1740<\/td>\n<\/tr>\n<tr>\n<td>Potencia de conexi\u00f3n (kW)<\/td>\n<td>2,2<\/td>\n<\/tr>\n<tr>\n<td>Cable de conexi\u00f3n (m)<\/td>\n<td>5<\/td>\n<\/tr>\n<tr>\n<td>Peso (con accesorios) (kg)<\/td>\n<td>18,5<\/td>\n<\/tr>\n<tr>\n<td>Peso con embalaje incluido (kg)<\/td>\n<td>19,3<\/td>\n<\/tr>\n<tr>\n<td>Dimensiones (la. \u00d7 an. \u00d7 al.) (mm)<\/td>\n<td>570 x 320 x 330<\/td>\n<\/tr>\n<\/tbody>\n<\/table>\n","protected":false},"excerpt":{"rendered":"<p>Esta lavadora a presi\u00f3n de agua fr\u00eda compacta es el modelo ideal para usuarios comerciales finales. La HD 585 cuenta con impresionante movilidad, compacidad y cuenta con caracter\u00edsticas K\u00e4rcher como: una cubierta de pl\u00e1stico resistente a los golpes que protege la bomba de alta presi\u00f3n de los da\u00f1os y la suciedad. Otras muy buena caracter\u00edstica es un compartimento de boquilla en la parte posterior de la unidad. Se puede elegir entre una boquilla de punto de alta presi\u00f3n, una boquilla de alta presi\u00f3n de 25\u00b0 y una boquilla de baja presi\u00f3n de 25\u00b0. La boquilla de baja presi\u00f3n (40\u00b0) se utiliza para dispensar el agente de limpieza. Permite que el producto de limpieza se mezcle continuamente con el chorro de alta presi\u00f3n. La bomba axial de tres pistones con pistones de acero inoxidable y una cabeza cil\u00edndrica garantiza una larga vida \u00fatil y baja susceptibilidad a fallas. La salida de alta presi\u00f3nes de metal, que los hace muy resistentes a la fractura y a la corrosi\u00f3n.<\/p>\n<p>&nbsp;<\/p>\n<p>Con sus dimensiones compactas, construcci\u00f3n robusta y mayor maniobrabilidad posible, esta unidad es un cr\u00e9dito para el segmento de m\u00e1quinas compactas, ideal para uso diario. La HD 585 cuenta con lanza de aspersi\u00f3n, bomba axial de tres pistones con pistones de acero inoxidable y una cabeza cil\u00edndrica, garantizando una larga vida \u00fatil y baja susceptibilidad a fallas. Adem\u00e1s incluye una manguera reforzada con metal, manija de transporte, boquillas para ajuste de presi\u00f3n y compartimento para cable el\u00e9ctrico y manguera.<\/p>\n","protected":false},"featured_media":217,"comment_status":"open","ping_status":"closed","template":"","meta":{"site-sidebar-layout":"default","site-content-layout":"","ast-site-content-layout":"default","site-content-style":"default","site-sidebar-style":"default","ast-global-header-display":"","ast-banner-title-visibility":"","ast-main-header-display":"","ast-hfb-above-header-display":"","ast-hfb-below-header-display":"","ast-hfb-mobile-header-display":"","site-post-title":"","ast-breadcrumbs-content":"","ast-featured-img":"","footer-sml-layout":"","theme-transparent-header-meta":"default","adv-header-id-meta":"","stick-header-meta":"","header-above-stick-meta":"","header-main-stick-meta":"","header-below-stick-meta":"","astra-migrate-meta-layouts":"set","ast-page-background-enabled":"default","ast-page-background-meta":{"desktop":{"background-color":"var(--ast-global-color-4)","background-image":"","background-repeat":"repeat","background-position":"center center","background-size":"auto","background-attachment":"scroll","background-type":"","background-media":"","overlay-type":"","overlay-color":"","overlay-opacity":"","overlay-gradient":""},"tablet":{"background-color":"","background-image":"","background-repeat":"repeat","background-position":"center center","background-size":"auto","background-attachment":"scroll","background-type":"","background-media":"","overlay-type":"","overlay-color":"","overlay-opacity":"","overlay-gradient":""},"mobile":{"background-color":"","background-image":"","background-repeat":"repeat","background-position":"center center","background-size":"auto","background-attachment":"scroll","background-type":"","background-media":"","overlay-type":"","overlay-color":"","overlay-opacity":"","overlay-gradient":""}},"ast-content-background-meta":{"desktop":{"background-color":"var(--ast-global-color-5)","background-image":"","background-repeat":"repeat","background-position":"center center","background-size":"auto","background-attachment":"scroll","background-type":"","background-media":"","overlay-type":"","overlay-color":"","overlay-opacity":"","overlay-gradient":""},"tablet":{"background-color":"var(--ast-global-color-5)","background-image":"","background-repeat":"repeat","background-position":"center center","background-size":"auto","background-attachment":"scroll","background-type":"","background-media":"","overlay-type":"","overlay-color":"","overlay-opacity":"","overlay-gradient":""},"mobile":{"background-color":"var(--ast-global-color-5)","background-image":"","background-repeat":"repeat","background-position":"center center","background-size":"auto","background-attachment":"scroll","background-type":"","background-media":"","overlay-type":"","overlay-color":"","overlay-opacity":"","overlay-gradient":""}}},"product_cat":[94,40],"product_tag":[],"_links":{"self":[{"href":"https:\/\/www.cvsolutions.com.py\/index.php?rest_route=\/wp\/v2\/product\/155"}],"collection":[{"href":"https:\/\/www.cvsolutions.com.py\/index.php?rest_route=\/wp\/v2\/product"}],"about":[{"href":"https:\/\/www.cvsolutions.com.py\/index.php?rest_route=\/wp\/v2\/types\/product"}],"replies":[{"embeddable":true,"href":"https:\/\/www.cvsolutions.com.py\/index.php?rest_route=%2Fwp%2Fv2%2Fcomments&post=155"}],"wp:featuredmedia":[{"embeddable":true,"href":"https:\/\/www.cvsolutions.com.py\/index.php?rest_route=\/wp\/v2\/media\/217"}],"wp:attachment":[{"href":"https:\/\/www.cvsolutions.com.py\/index.php?rest_route=%2Fwp%2Fv2%2Fmedia&parent=155"}],"wp:term":[{"taxonomy":"product_cat","embeddable":true,"href":"https:\/\/www.cvsolutions.com.py\/index.php?rest_route=%2Fwp%2Fv2%2Fproduct_cat&post=155"},{"taxonomy":"product_tag","embeddable":true,"href":"https:\/\/www.cvsolutions.com.py\/index.php?rest_route=%2Fwp%2Fv2%2Fproduct_tag&post=155"}],"curies":[{"name":"wp","href":"https:\/\/api.w.org\/{rel}","templated":true}]}}