{"id":156,"date":"2024-06-19T15:47:05","date_gmt":"2024-06-19T13:47:05","guid":{"rendered":"https:\/\/www.cvsolutions.com.py\/?post_type=product&#038;p=156"},"modified":"2025-06-10T16:26:30","modified_gmt":"2025-06-10T14:26:30","slug":"hidrolavadora-karcher-k4","status":"publish","type":"product","link":"https:\/\/www.cvsolutions.com.py\/?product=hidrolavadora-karcher-k4","title":{"rendered":"HIDROLAVADORA KARCHER K4 AR 1700W 9.398-294.0 AMARILLO C\/NEGRO"},"content":{"rendered":"<p>Datos t\u00e9cnicos<\/p>\n<table style=\"height: 356px;\" width=\"626\">\n<tbody>\n<tr>\n<td>Voltaje (Fase\/V\/ Hz )<\/td>\n<td>1\/127\/60<\/td>\n<\/tr>\n<tr>\n<td>Presi\u00f3n (psi)<\/td>\n<td>1885<\/td>\n<\/tr>\n<tr>\n<td>Flujo de agua (l\/h)<\/td>\n<td>360<\/td>\n<\/tr>\n<tr>\n<td>Temperatura del suministro de agua (\u00b0C)<\/td>\n<td>40<\/td>\n<\/tr>\n<tr>\n<td>Potencia (W)<\/td>\n<td>1700<\/td>\n<\/tr>\n<tr>\n<td>Cable el\u00e9ctrico (m)<\/td>\n<td>5<\/td>\n<\/tr>\n<tr>\n<td>Peso sin accesorios (kg)<\/td>\n<td>12.9<\/td>\n<\/tr>\n<tr>\n<td>Peso (con embalaje) (kg)<\/td>\n<td>16.5<\/td>\n<\/tr>\n<tr>\n<td>Medidas (wxwxx) (mm)<\/td>\n<td>333x409x825<\/td>\n<\/tr>\n<\/tbody>\n<\/table>\n","protected":false},"excerpt":{"rendered":"<p>K4 es una hidrolavadora de alta presi\u00f3n ideal para una limpieza m\u00e1s intensa, eficaz, r\u00e1pida y sin esfuerzo. Ahorro de tiempo y hasta un 80% de agua, y un motor de inducci\u00f3n y cabezal de aluminio que permite una mayor durabilidad.<\/p>\n","protected":false},"featured_media":2311,"comment_status":"open","ping_status":"closed","template":"","meta":{"site-sidebar-layout":"default","site-content-layout":"","ast-site-content-layout":"default","site-content-style":"default","site-sidebar-style":"default","ast-global-header-display":"","ast-banner-title-visibility":"","ast-main-header-display":"","ast-hfb-above-header-display":"","ast-hfb-below-header-display":"","ast-hfb-mobile-header-display":"","site-post-title":"","ast-breadcrumbs-content":"","ast-featured-img":"","footer-sml-layout":"","theme-transparent-header-meta":"default","adv-header-id-meta":"","stick-header-meta":"","header-above-stick-meta":"","header-main-stick-meta":"","header-below-stick-meta":"","astra-migrate-meta-layouts":"set","ast-page-background-enabled":"default","ast-page-background-meta":{"desktop":{"background-color":"var(--ast-global-color-4)","background-image":"","background-repeat":"repeat","background-position":"center center","background-size":"auto","background-attachment":"scroll","background-type":"","background-media":"","overlay-type":"","overlay-color":"","overlay-opacity":"","overlay-gradient":""},"tablet":{"background-color":"","background-image":"","background-repeat":"repeat","background-position":"center center","background-size":"auto","background-attachment":"scroll","background-type":"","background-media":"","overlay-type":"","overlay-color":"","overlay-opacity":"","overlay-gradient":""},"mobile":{"background-color":"","background-image":"","background-repeat":"repeat","background-position":"center center","background-size":"auto","background-attachment":"scroll","background-type":"","background-media":"","overlay-type":"","overlay-color":"","overlay-opacity":"","overlay-gradient":""}},"ast-content-background-meta":{"desktop":{"background-color":"var(--ast-global-color-5)","background-image":"","background-repeat":"repeat","background-position":"center center","background-size":"auto","background-attachment":"scroll","background-type":"","background-media":"","overlay-type":"","overlay-color":"","overlay-opacity":"","overlay-gradient":""},"tablet":{"background-color":"var(--ast-global-color-5)","background-image":"","background-repeat":"repeat","background-position":"center center","background-size":"auto","background-attachment":"scroll","background-type":"","background-media":"","overlay-type":"","overlay-color":"","overlay-opacity":"","overlay-gradient":""},"mobile":{"background-color":"var(--ast-global-color-5)","background-image":"","background-repeat":"repeat","background-position":"center center","background-size":"auto","background-attachment":"scroll","background-type":"","background-media":"","overlay-type":"","overlay-color":"","overlay-opacity":"","overlay-gradient":""}}},"product_cat":[94,40],"product_tag":[],"_links":{"self":[{"href":"https:\/\/www.cvsolutions.com.py\/index.php?rest_route=\/wp\/v2\/product\/156"}],"collection":[{"href":"https:\/\/www.cvsolutions.com.py\/index.php?rest_route=\/wp\/v2\/product"}],"about":[{"href":"https:\/\/www.cvsolutions.com.py\/index.php?rest_route=\/wp\/v2\/types\/product"}],"replies":[{"embeddable":true,"href":"https:\/\/www.cvsolutions.com.py\/index.php?rest_route=%2Fwp%2Fv2%2Fcomments&post=156"}],"wp:featuredmedia":[{"embeddable":true,"href":"https:\/\/www.cvsolutions.com.py\/index.php?rest_route=\/wp\/v2\/media\/2311"}],"wp:attachment":[{"href":"https:\/\/www.cvsolutions.com.py\/index.php?rest_route=%2Fwp%2Fv2%2Fmedia&parent=156"}],"wp:term":[{"taxonomy":"product_cat","embeddable":true,"href":"https:\/\/www.cvsolutions.com.py\/index.php?rest_route=%2Fwp%2Fv2%2Fproduct_cat&post=156"},{"taxonomy":"product_tag","embeddable":true,"href":"https:\/\/www.cvsolutions.com.py\/index.php?rest_route=%2Fwp%2Fv2%2Fproduct_tag&post=156"}],"curies":[{"name":"wp","href":"https:\/\/api.w.org\/{rel}","templated":true}]}}