{"id":163,"date":"2024-06-19T15:47:05","date_gmt":"2024-06-19T13:47:05","guid":{"rendered":"https:\/\/www.cvsolutions.com.py\/?post_type=product&#038;p=163"},"modified":"2025-09-11T18:14:39","modified_gmt":"2025-09-11T16:14:39","slug":"pizzera-ariete","status":"publish","type":"product","link":"https:\/\/www.cvsolutions.com.py\/?product=pizzera-ariete","title":{"rendered":"PIZZERA ARIETE"},"content":{"rendered":"<p>PIZZERA ARIETE REF: 929-669<\/p>\n<p>&nbsp;<\/p>\n<p>El nuevo horno de pizza de Ariete ser\u00e1 el aliado de la cocina para todos los amantes de la pizza. El producto mejora su rendimiento con una loza de piedra refractaria de alta calidad con un di\u00e1metro de 33 cm que le permite hornear y \/ o calentar pizza y focaccia a cinco niveles de cocci\u00f3n, hasta una temperatura m\u00e1xima de 400 grados. La cocci\u00f3n r\u00e1pida a alta temperatura le permite replicar el mismo m\u00e9todo que los hornos de le\u00f1a y en solo 4 minutos obtendr\u00e1 una cocci\u00f3n perfecta para pizza fresca y 2 minutos para pizza congelada. Disfrutar de una pizza en casa nunca hab\u00eda sido tan r\u00e1pido y f\u00e1cil. Pru\u00e9balo<\/p>\n<p>Calienta los croissants para tu desayuno dulce o cocina pasteles salados, galletas y pasteles directamente sobre la piedra refractaria.<\/p>\n<p>El calentamiento nunca ha sido tan f\u00e1cil: el pollo, las croquetas, las papas recuperan su sabor completo en unos momentos y est\u00e1n listas para servir.<\/p>\n","protected":false},"excerpt":{"rendered":"<h5>Caracter\u00edsticas:<\/h5>\n<ul>\n<li>1200W de potencia<\/li>\n<li style=\"text-align: left;\">Piedra refractaria de alta calidad<\/li>\n<li>33 cms. de di\u00e1metro<\/li>\n<li>Temperatura alrededor de 400\u00b0<\/li>\n<li>Temporizador 30\u2019<\/li>\n<li>5 niveles de temperatura<\/li>\n<li>Tiempo de cocci\u00f3n de pizza fresca 4 minutos<\/li>\n<li>Tiempo de cocci\u00f3n de pizza congelada 2 minutos<\/li>\n<\/ul>\n","protected":false},"featured_media":234,"comment_status":"open","ping_status":"closed","template":"","meta":{"site-sidebar-layout":"default","site-content-layout":"","ast-site-content-layout":"default","site-content-style":"default","site-sidebar-style":"default","ast-global-header-display":"","ast-banner-title-visibility":"","ast-main-header-display":"","ast-hfb-above-header-display":"","ast-hfb-below-header-display":"","ast-hfb-mobile-header-display":"","site-post-title":"","ast-breadcrumbs-content":"","ast-featured-img":"","footer-sml-layout":"","theme-transparent-header-meta":"default","adv-header-id-meta":"","stick-header-meta":"","header-above-stick-meta":"","header-main-stick-meta":"","header-below-stick-meta":"","astra-migrate-meta-layouts":"set","ast-page-background-enabled":"default","ast-page-background-meta":{"desktop":{"background-color":"var(--ast-global-color-4)","background-image":"","background-repeat":"repeat","background-position":"center center","background-size":"auto","background-attachment":"scroll","background-type":"","background-media":"","overlay-type":"","overlay-color":"","overlay-opacity":"","overlay-gradient":""},"tablet":{"background-color":"","background-image":"","background-repeat":"repeat","background-position":"center center","background-size":"auto","background-attachment":"scroll","background-type":"","background-media":"","overlay-type":"","overlay-color":"","overlay-opacity":"","overlay-gradient":""},"mobile":{"background-color":"","background-image":"","background-repeat":"repeat","background-position":"center center","background-size":"auto","background-attachment":"scroll","background-type":"","background-media":"","overlay-type":"","overlay-color":"","overlay-opacity":"","overlay-gradient":""}},"ast-content-background-meta":{"desktop":{"background-color":"var(--ast-global-color-5)","background-image":"","background-repeat":"repeat","background-position":"center center","background-size":"auto","background-attachment":"scroll","background-type":"","background-media":"","overlay-type":"","overlay-color":"","overlay-opacity":"","overlay-gradient":""},"tablet":{"background-color":"var(--ast-global-color-5)","background-image":"","background-repeat":"repeat","background-position":"center center","background-size":"auto","background-attachment":"scroll","background-type":"","background-media":"","overlay-type":"","overlay-color":"","overlay-opacity":"","overlay-gradient":""},"mobile":{"background-color":"var(--ast-global-color-5)","background-image":"","background-repeat":"repeat","background-position":"center center","background-size":"auto","background-attachment":"scroll","background-type":"","background-media":"","overlay-type":"","overlay-color":"","overlay-opacity":"","overlay-gradient":""}}},"product_cat":[39,20],"product_tag":[],"_links":{"self":[{"href":"https:\/\/www.cvsolutions.com.py\/index.php?rest_route=\/wp\/v2\/product\/163"}],"collection":[{"href":"https:\/\/www.cvsolutions.com.py\/index.php?rest_route=\/wp\/v2\/product"}],"about":[{"href":"https:\/\/www.cvsolutions.com.py\/index.php?rest_route=\/wp\/v2\/types\/product"}],"replies":[{"embeddable":true,"href":"https:\/\/www.cvsolutions.com.py\/index.php?rest_route=%2Fwp%2Fv2%2Fcomments&post=163"}],"wp:featuredmedia":[{"embeddable":true,"href":"https:\/\/www.cvsolutions.com.py\/index.php?rest_route=\/wp\/v2\/media\/234"}],"wp:attachment":[{"href":"https:\/\/www.cvsolutions.com.py\/index.php?rest_route=%2Fwp%2Fv2%2Fmedia&parent=163"}],"wp:term":[{"taxonomy":"product_cat","embeddable":true,"href":"https:\/\/www.cvsolutions.com.py\/index.php?rest_route=%2Fwp%2Fv2%2Fproduct_cat&post=163"},{"taxonomy":"product_tag","embeddable":true,"href":"https:\/\/www.cvsolutions.com.py\/index.php?rest_route=%2Fwp%2Fv2%2Fproduct_tag&post=163"}],"curies":[{"name":"wp","href":"https:\/\/api.w.org\/{rel}","templated":true}]}}