{"id":1715,"date":"2025-01-22T16:40:05","date_gmt":"2025-01-22T15:40:05","guid":{"rendered":"https:\/\/www.cvsolutions.com.py\/?post_type=product&#038;p=1715"},"modified":"2025-04-08T20:54:21","modified_gmt":"2025-04-08T18:54:21","slug":"lavarropas-whirlpool-wwi12aw-12kg-carga-sup-blanco-850rpm","status":"publish","type":"product","link":"https:\/\/www.cvsolutions.com.py\/?product=lavarropas-whirlpool-wwi12aw-12kg-carga-sup-blanco-850rpm","title":{"rendered":"LAVARROPAS WHIRLPOOL WWI12AW 12KG CARGA SUP BLANCO 850RPM"},"content":{"rendered":"<p><strong>LAVADO R\u00c1PIDO.<\/strong><br \/>\nOptimiza tus tiempos y lava tu ropa en menos de una hora con la funci\u00f3n Lavado R\u00e1pido vas a tener tus prendas limpias y frescas en solo 26 minutos.<br \/>\n<strong>PANEL DIGITAL.<\/strong><br \/>\nAhorra tiempo y controla el proceso de lavado el panel digital se acomoda a tus necesidades y te permite visualizar de forma m\u00e1s sencilla el estado de cada ciclo.<br \/>\n<strong>ANTI PELUSAS.<\/strong><br \/>\nTu ropa sin pelusas el filtro est\u00e1 integrado a la tina para cuidar la calidad de tus prendas y su textura.<br \/>\n<strong>DIFERENTES CICLOS.<\/strong><br \/>\n\u00a1No te preocupes por el tipo de tela de tu ropa! El lavarropas te ofrece diferentes ciclos seg\u00fan la prenda que uses para un mejor cuidado.<br \/>\n<strong>DISPENSADOR INTEGRADO.<\/strong><br \/>\n\u00a1Ahorra jab\u00f3n! Utiliza solo la cantidad de jab\u00f3n que necesites de acuerdo al nivel de agua para el lavado.<br \/>\n<strong>ECOFRIENDLY.<\/strong><br \/>\nAhorra m\u00e1s agua en tus lavados tu lavarropas detecta autom\u00e1ticamente el volumen de carga y selecciona los niveles de agua m\u00e1s convenientes.<\/p>\n","protected":false},"excerpt":{"rendered":"<h4 class=\"tt-collapse-content tt-collapse-text-ficha\">MEDIDAS DEL PRODUCTO.<br \/>\n* Ancho 59,2 cm.<br \/>\n* Alto 95 cm.<br \/>\n* Profundidad 57 cm.<\/h4>\n","protected":false},"featured_media":1718,"comment_status":"open","ping_status":"closed","template":"","meta":{"site-sidebar-layout":"default","site-content-layout":"","ast-site-content-layout":"default","site-content-style":"default","site-sidebar-style":"default","ast-global-header-display":"","ast-banner-title-visibility":"","ast-main-header-display":"","ast-hfb-above-header-display":"","ast-hfb-below-header-display":"","ast-hfb-mobile-header-display":"","site-post-title":"","ast-breadcrumbs-content":"","ast-featured-img":"","footer-sml-layout":"","theme-transparent-header-meta":"default","adv-header-id-meta":"","stick-header-meta":"","header-above-stick-meta":"","header-main-stick-meta":"","header-below-stick-meta":"","astra-migrate-meta-layouts":"set","ast-page-background-enabled":"default","ast-page-background-meta":{"desktop":{"background-color":"var(--ast-global-color-4)","background-image":"","background-repeat":"repeat","background-position":"center center","background-size":"auto","background-attachment":"scroll","background-type":"","background-media":"","overlay-type":"","overlay-color":"","overlay-opacity":"","overlay-gradient":""},"tablet":{"background-color":"","background-image":"","background-repeat":"repeat","background-position":"center center","background-size":"auto","background-attachment":"scroll","background-type":"","background-media":"","overlay-type":"","overlay-color":"","overlay-opacity":"","overlay-gradient":""},"mobile":{"background-color":"","background-image":"","background-repeat":"repeat","background-position":"center center","background-size":"auto","background-attachment":"scroll","background-type":"","background-media":"","overlay-type":"","overlay-color":"","overlay-opacity":"","overlay-gradient":""}},"ast-content-background-meta":{"desktop":{"background-color":"var(--ast-global-color-5)","background-image":"","background-repeat":"repeat","background-position":"center center","background-size":"auto","background-attachment":"scroll","background-type":"","background-media":"","overlay-type":"","overlay-color":"","overlay-opacity":"","overlay-gradient":""},"tablet":{"background-color":"var(--ast-global-color-5)","background-image":"","background-repeat":"repeat","background-position":"center center","background-size":"auto","background-attachment":"scroll","background-type":"","background-media":"","overlay-type":"","overlay-color":"","overlay-opacity":"","overlay-gradient":""},"mobile":{"background-color":"var(--ast-global-color-5)","background-image":"","background-repeat":"repeat","background-position":"center center","background-size":"auto","background-attachment":"scroll","background-type":"","background-media":"","overlay-type":"","overlay-color":"","overlay-opacity":"","overlay-gradient":""}}},"product_cat":[34,38],"product_tag":[],"_links":{"self":[{"href":"https:\/\/www.cvsolutions.com.py\/index.php?rest_route=\/wp\/v2\/product\/1715"}],"collection":[{"href":"https:\/\/www.cvsolutions.com.py\/index.php?rest_route=\/wp\/v2\/product"}],"about":[{"href":"https:\/\/www.cvsolutions.com.py\/index.php?rest_route=\/wp\/v2\/types\/product"}],"replies":[{"embeddable":true,"href":"https:\/\/www.cvsolutions.com.py\/index.php?rest_route=%2Fwp%2Fv2%2Fcomments&post=1715"}],"wp:featuredmedia":[{"embeddable":true,"href":"https:\/\/www.cvsolutions.com.py\/index.php?rest_route=\/wp\/v2\/media\/1718"}],"wp:attachment":[{"href":"https:\/\/www.cvsolutions.com.py\/index.php?rest_route=%2Fwp%2Fv2%2Fmedia&parent=1715"}],"wp:term":[{"taxonomy":"product_cat","embeddable":true,"href":"https:\/\/www.cvsolutions.com.py\/index.php?rest_route=%2Fwp%2Fv2%2Fproduct_cat&post=1715"},{"taxonomy":"product_tag","embeddable":true,"href":"https:\/\/www.cvsolutions.com.py\/index.php?rest_route=%2Fwp%2Fv2%2Fproduct_tag&post=1715"}],"curies":[{"name":"wp","href":"https:\/\/api.w.org\/{rel}","templated":true}]}}