{"id":179,"date":"2024-06-19T15:47:27","date_gmt":"2024-06-19T13:47:27","guid":{"rendered":"https:\/\/www.cvsolutions.com.py\/?post_type=product&#038;p=179"},"modified":"2025-09-11T18:04:28","modified_gmt":"2025-09-11T16:04:28","slug":"grillera-midas-4-panes-md-grill-180g","status":"publish","type":"product","link":"https:\/\/www.cvsolutions.com.py\/?product=grillera-midas-4-panes-md-grill-180g","title":{"rendered":"GRILLERA MIDAS 4 PANES MD-GRILL 180G"},"content":{"rendered":"<p>Descubre el Contact Grill de Midas, con su apertura de hasta 180\u00b0 para mayor versatilidad. Potente con 2000W, su base Grill antiadherente facilita la limpieza. Compacto y con capacidad para 4 panes, incluye sensor de temperatura y indicador lum\u00ednico LED para un control preciso. Adem\u00e1s, cuenta con protecci\u00f3n contra altas temperaturas y cable seguro, sin fijaciones aparentes. Funciona con 220v \u2013 50HZ para adaptarse a tus necesidades. Experimenta la comodidad y la calidad en cada comida con el Contact Grill de Midas.<\/p>\n","protected":false},"excerpt":{"rendered":"<h5 data-start=\"510\" data-end=\"544\">Caracter\u00edsticas principales:<\/h5>\n<ul data-start=\"545\" data-end=\"1085\">\n<li data-start=\"545\" data-end=\"610\">\n<p data-start=\"547\" data-end=\"610\"><strong data-start=\"547\" data-end=\"560\">Potencia:<\/strong> 2000W para un calentamiento r\u00e1pido y eficiente.<\/p>\n<\/li>\n<li data-start=\"611\" data-end=\"671\">\n<p data-start=\"613\" data-end=\"671\"><strong data-start=\"613\" data-end=\"630\">Apertura 180\u00b0<\/strong> para mayor versatilidad en la cocci\u00f3n.<\/p>\n<\/li>\n<li data-start=\"672\" data-end=\"721\">\n<p data-start=\"674\" data-end=\"721\"><strong data-start=\"674\" data-end=\"688\">Capacidad:<\/strong> hasta 4 panes al mismo tiempo.<\/p>\n<\/li>\n<li data-start=\"722\" data-end=\"780\">\n<p data-start=\"724\" data-end=\"780\"><strong data-start=\"724\" data-end=\"752\">Base grill antiadherente<\/strong> que facilita la limpieza.<\/p>\n<\/li>\n<li data-start=\"781\" data-end=\"835\">\n<p data-start=\"783\" data-end=\"835\"><strong data-start=\"783\" data-end=\"808\">Sensor de temperatura<\/strong> para un control preciso.<\/p>\n<\/li>\n<li data-start=\"836\" data-end=\"890\">\n<p data-start=\"838\" data-end=\"890\"><strong data-start=\"838\" data-end=\"855\">Indicador LED<\/strong> de funcionamiento y temperatura.<\/p>\n<\/li>\n<li data-start=\"891\" data-end=\"976\">\n<p data-start=\"893\" data-end=\"976\"><strong data-start=\"893\" data-end=\"933\">Protecci\u00f3n contra altas temperaturas<\/strong> y cable seguro sin fijaciones aparentes.<\/p>\n<\/li>\n<li data-start=\"977\" data-end=\"1023\">\n<p data-start=\"979\" data-end=\"1023\"><strong data-start=\"979\" data-end=\"1008\">Compatibilidad el\u00e9ctrica:<\/strong> 220V \u2013 50Hz.<\/p>\n<\/li>\n<li data-start=\"1024\" data-end=\"1085\">\n<p data-start=\"1026\" data-end=\"1085\"><strong data-start=\"1026\" data-end=\"1045\">Dise\u00f1o compacto<\/strong> y elegante para todo tipo de cocinas.<\/p>\n<\/li>\n<\/ul>\n<h5 data-start=\"1087\" data-end=\"1105\">Dimensiones:<\/h5>\n<ul data-start=\"1106\" data-end=\"1174\">\n<li data-start=\"1106\" data-end=\"1141\">\n<p data-start=\"1108\" data-end=\"1141\"><strong data-start=\"1108\" data-end=\"1121\">Producto:<\/strong> 335 x 345 x 90 mm<\/p>\n<\/li>\n<li data-start=\"1142\" data-end=\"1174\">\n<p data-start=\"1144\" data-end=\"1174\"><strong data-start=\"1144\" data-end=\"1153\">Caja:<\/strong> 375 x 130 x 385 mm<\/p>\n<\/li>\n<\/ul>\n","protected":false},"featured_media":240,"comment_status":"open","ping_status":"closed","template":"","meta":{"site-sidebar-layout":"default","site-content-layout":"","ast-site-content-layout":"default","site-content-style":"default","site-sidebar-style":"default","ast-global-header-display":"","ast-banner-title-visibility":"","ast-main-header-display":"","ast-hfb-above-header-display":"","ast-hfb-below-header-display":"","ast-hfb-mobile-header-display":"","site-post-title":"","ast-breadcrumbs-content":"","ast-featured-img":"","footer-sml-layout":"","theme-transparent-header-meta":"default","adv-header-id-meta":"","stick-header-meta":"","header-above-stick-meta":"","header-main-stick-meta":"","header-below-stick-meta":"","astra-migrate-meta-layouts":"set","ast-page-background-enabled":"default","ast-page-background-meta":{"desktop":{"background-color":"var(--ast-global-color-4)","background-image":"","background-repeat":"repeat","background-position":"center center","background-size":"auto","background-attachment":"scroll","background-type":"","background-media":"","overlay-type":"","overlay-color":"","overlay-opacity":"","overlay-gradient":""},"tablet":{"background-color":"","background-image":"","background-repeat":"repeat","background-position":"center center","background-size":"auto","background-attachment":"scroll","background-type":"","background-media":"","overlay-type":"","overlay-color":"","overlay-opacity":"","overlay-gradient":""},"mobile":{"background-color":"","background-image":"","background-repeat":"repeat","background-position":"center center","background-size":"auto","background-attachment":"scroll","background-type":"","background-media":"","overlay-type":"","overlay-color":"","overlay-opacity":"","overlay-gradient":""}},"ast-content-background-meta":{"desktop":{"background-color":"var(--ast-global-color-5)","background-image":"","background-repeat":"repeat","background-position":"center center","background-size":"auto","background-attachment":"scroll","background-type":"","background-media":"","overlay-type":"","overlay-color":"","overlay-opacity":"","overlay-gradient":""},"tablet":{"background-color":"var(--ast-global-color-5)","background-image":"","background-repeat":"repeat","background-position":"center center","background-size":"auto","background-attachment":"scroll","background-type":"","background-media":"","overlay-type":"","overlay-color":"","overlay-opacity":"","overlay-gradient":""},"mobile":{"background-color":"var(--ast-global-color-5)","background-image":"","background-repeat":"repeat","background-position":"center center","background-size":"auto","background-attachment":"scroll","background-type":"","background-media":"","overlay-type":"","overlay-color":"","overlay-opacity":"","overlay-gradient":""}}},"product_cat":[39,20],"product_tag":[],"_links":{"self":[{"href":"https:\/\/www.cvsolutions.com.py\/index.php?rest_route=\/wp\/v2\/product\/179"}],"collection":[{"href":"https:\/\/www.cvsolutions.com.py\/index.php?rest_route=\/wp\/v2\/product"}],"about":[{"href":"https:\/\/www.cvsolutions.com.py\/index.php?rest_route=\/wp\/v2\/types\/product"}],"replies":[{"embeddable":true,"href":"https:\/\/www.cvsolutions.com.py\/index.php?rest_route=%2Fwp%2Fv2%2Fcomments&post=179"}],"wp:featuredmedia":[{"embeddable":true,"href":"https:\/\/www.cvsolutions.com.py\/index.php?rest_route=\/wp\/v2\/media\/240"}],"wp:attachment":[{"href":"https:\/\/www.cvsolutions.com.py\/index.php?rest_route=%2Fwp%2Fv2%2Fmedia&parent=179"}],"wp:term":[{"taxonomy":"product_cat","embeddable":true,"href":"https:\/\/www.cvsolutions.com.py\/index.php?rest_route=%2Fwp%2Fv2%2Fproduct_cat&post=179"},{"taxonomy":"product_tag","embeddable":true,"href":"https:\/\/www.cvsolutions.com.py\/index.php?rest_route=%2Fwp%2Fv2%2Fproduct_tag&post=179"}],"curies":[{"name":"wp","href":"https:\/\/api.w.org\/{rel}","templated":true}]}}