{"id":1826,"date":"2025-03-10T16:43:53","date_gmt":"2025-03-10T15:43:53","guid":{"rendered":"https:\/\/www.cvsolutions.com.py\/?post_type=product&#038;p=1826"},"modified":"2025-04-10T18:13:32","modified_gmt":"2025-04-10T16:13:32","slug":"horno-electrico-jam-42-lts-dn45e-rml-c-luz-interna-spiedo-timer-120min-2000w","status":"publish","type":"product","link":"https:\/\/www.cvsolutions.com.py\/?product=horno-electrico-jam-42-lts-dn45e-rml-c-luz-interna-spiedo-timer-120min-2000w","title":{"rendered":"HORNO ELECTRICO JAM 42 LTS DN45E-RML C\/ LUZ INTERNA, SPIEDO, TIMER 120MIN 2000W"},"content":{"rendered":"<p>Dise\u00f1ada para brindarte la mejor experiencia a la hora de cocinar. Prepar\u00e1 tus alimentos de forma m\u00e1s r\u00e1pida y f\u00e1cil!<br \/>\nUn buen horno puede tener un impacto en nuestra vida mucho m\u00e1s significativo de lo que pensamos, puede ahorrarnos tiempo. Sin duda, es un gran aliado de la practicidad y la cocina f\u00e1cil, es por eso que te recomendamos el HORNO ELECTRICO JAM 42 LTS.<\/p>\n","protected":false},"excerpt":{"rendered":"<p><strong>ESPECIFICACIONES:<\/strong><br \/>\n&#8211; Color: Negro<br \/>\n&#8211; Capacidad: 42 litros<br \/>\n&#8211; Potencia: 2000W<br \/>\n&#8211; Temperatura: Hasta 250\u00b0C.<br \/>\n&#8211; Luz interna<br \/>\n&#8211; Temporizador: 120 minutos<br \/>\n&#8211; 1 A\u00f1o de garant\u00eda<\/p>\n<p><strong>ACCESORIOS:<\/strong><br \/>\n&#8211; 1 Bandeja recoge migas<br \/>\n&#8211; 1 Bandeja negra rectangular<br \/>\n&#8211; 1 Parrilla<br \/>\n&#8211; 1 Spiedo<br \/>\n&#8211; 1 Pinza p\/ bandeja<br \/>\n&#8211; 1 Pinza p\/ spiedo<\/p>\n<p><strong>FUNCIONES:<\/strong><br \/>\n&#8211; Doble resistencia<br \/>\n&#8211; Resistencia solo abajo<br \/>\n&#8211; Resistencia solo arriba<br \/>\n&#8211; Convector<br \/>\n&#8211; Funci\u00f3n spiedo<br \/>\n&#8211; Convector + funci\u00f3n spiedo<\/p>\n<p><strong>DIMENSIONES DEL PRODUCTO:<\/strong><br \/>\n&#8211; Alto: 35 cm.<br \/>\n&#8211; Ancho: 56 cm.<br \/>\n&#8211; Profundidad: 41 cm. (c\/ manija)<\/p>\n","protected":false},"featured_media":1827,"comment_status":"open","ping_status":"closed","template":"","meta":{"site-sidebar-layout":"default","site-content-layout":"","ast-site-content-layout":"default","site-content-style":"default","site-sidebar-style":"default","ast-global-header-display":"","ast-banner-title-visibility":"","ast-main-header-display":"","ast-hfb-above-header-display":"","ast-hfb-below-header-display":"","ast-hfb-mobile-header-display":"","site-post-title":"","ast-breadcrumbs-content":"","ast-featured-img":"","footer-sml-layout":"","theme-transparent-header-meta":"default","adv-header-id-meta":"","stick-header-meta":"","header-above-stick-meta":"","header-main-stick-meta":"","header-below-stick-meta":"","astra-migrate-meta-layouts":"set","ast-page-background-enabled":"default","ast-page-background-meta":{"desktop":{"background-color":"var(--ast-global-color-4)","background-image":"","background-repeat":"repeat","background-position":"center center","background-size":"auto","background-attachment":"scroll","background-type":"","background-media":"","overlay-type":"","overlay-color":"","overlay-opacity":"","overlay-gradient":""},"tablet":{"background-color":"","background-image":"","background-repeat":"repeat","background-position":"center center","background-size":"auto","background-attachment":"scroll","background-type":"","background-media":"","overlay-type":"","overlay-color":"","overlay-opacity":"","overlay-gradient":""},"mobile":{"background-color":"","background-image":"","background-repeat":"repeat","background-position":"center center","background-size":"auto","background-attachment":"scroll","background-type":"","background-media":"","overlay-type":"","overlay-color":"","overlay-opacity":"","overlay-gradient":""}},"ast-content-background-meta":{"desktop":{"background-color":"var(--ast-global-color-5)","background-image":"","background-repeat":"repeat","background-position":"center center","background-size":"auto","background-attachment":"scroll","background-type":"","background-media":"","overlay-type":"","overlay-color":"","overlay-opacity":"","overlay-gradient":""},"tablet":{"background-color":"var(--ast-global-color-5)","background-image":"","background-repeat":"repeat","background-position":"center center","background-size":"auto","background-attachment":"scroll","background-type":"","background-media":"","overlay-type":"","overlay-color":"","overlay-opacity":"","overlay-gradient":""},"mobile":{"background-color":"var(--ast-global-color-5)","background-image":"","background-repeat":"repeat","background-position":"center center","background-size":"auto","background-attachment":"scroll","background-type":"","background-media":"","overlay-type":"","overlay-color":"","overlay-opacity":"","overlay-gradient":""}}},"product_cat":[20,75],"product_tag":[],"_links":{"self":[{"href":"https:\/\/www.cvsolutions.com.py\/index.php?rest_route=\/wp\/v2\/product\/1826"}],"collection":[{"href":"https:\/\/www.cvsolutions.com.py\/index.php?rest_route=\/wp\/v2\/product"}],"about":[{"href":"https:\/\/www.cvsolutions.com.py\/index.php?rest_route=\/wp\/v2\/types\/product"}],"replies":[{"embeddable":true,"href":"https:\/\/www.cvsolutions.com.py\/index.php?rest_route=%2Fwp%2Fv2%2Fcomments&post=1826"}],"wp:featuredmedia":[{"embeddable":true,"href":"https:\/\/www.cvsolutions.com.py\/index.php?rest_route=\/wp\/v2\/media\/1827"}],"wp:attachment":[{"href":"https:\/\/www.cvsolutions.com.py\/index.php?rest_route=%2Fwp%2Fv2%2Fmedia&parent=1826"}],"wp:term":[{"taxonomy":"product_cat","embeddable":true,"href":"https:\/\/www.cvsolutions.com.py\/index.php?rest_route=%2Fwp%2Fv2%2Fproduct_cat&post=1826"},{"taxonomy":"product_tag","embeddable":true,"href":"https:\/\/www.cvsolutions.com.py\/index.php?rest_route=%2Fwp%2Fv2%2Fproduct_tag&post=1826"}],"curies":[{"name":"wp","href":"https:\/\/api.w.org\/{rel}","templated":true}]}}