{"id":185,"date":"2024-06-19T15:47:27","date_gmt":"2024-06-19T13:47:27","guid":{"rendered":"https:\/\/www.cvsolutions.com.py\/?post_type=product&#038;p=185"},"modified":"2025-06-30T21:36:50","modified_gmt":"2025-06-30T19:36:50","slug":"estufa-consumer-ceramico-800-2000w","status":"publish","type":"product","link":"https:\/\/www.cvsolutions.com.py\/?product=estufa-consumer-ceramico-800-2000w","title":{"rendered":"ESTUFA TORRE TOKYO FLAME DIGITAL CON FUNCION VENTILADOR C\/CONTROL Y TIMER 8 HS 2"},"content":{"rendered":"<h4>Que el fr\u00edo no te gane con la Estufa Torre Tokyo Flame, te permite transportarlo a cualquier lugar con facilidad por su tama\u00f1o compacto.<\/h4>\n","protected":false},"excerpt":{"rendered":"<div class=\"tt-collapse-block mt-3\">\n<div class=\"tt-item active\">\n<div class=\"tt-collapse-title\">Descripci\u00f3n<\/div>\n<h4 class=\"tt-collapse-content tt-collapse-text-ficha\">* Control remoto que permite un manejo a distancia.<br \/>\n* Dise\u00f1o pr\u00e1ctico y moderno con un peso reducido.<br \/>\n* Funci\u00f3n de temporizador y apagado autom\u00e1tico.<br \/>\n* Panel decorativo con efecto Flama.<br \/>\n* Uso sencillo con gran rendimiento.<br \/>\n* Movimiento Oscilante.<br \/>\n* Potencia 2.000W.<br \/>\n* Panel digital.<\/p>\n<p>Im\u00e1genes meramente ilustrativas. Im\u00e1genes e informaci\u00f3n sujetas a cambios sin previo aviso.<\/h4>\n<\/div>\n<\/div>\n<div class=\"tt-item\">\n<h4 class=\"tt-collapse-title\">Medidas del Packaging<\/h4>\n<table class=\"table table-sm table-hover\">\n<tbody>\n<tr>\n<td>ANCHO<\/td>\n<td>27.5 CM<\/td>\n<\/tr>\n<tr>\n<td>ALTO<\/td>\n<td>84.5 CM<\/td>\n<\/tr>\n<tr>\n<td>LARGO<\/td>\n<td>27.5 CM<\/td>\n<\/tr>\n<tr>\n<td>PESO<\/td>\n<td>3500 GR<\/td>\n<\/tr>\n<\/tbody>\n<\/table>\n<\/div>\n","protected":false},"featured_media":2780,"comment_status":"open","ping_status":"closed","template":"","meta":{"site-sidebar-layout":"default","site-content-layout":"","ast-site-content-layout":"default","site-content-style":"default","site-sidebar-style":"default","ast-global-header-display":"","ast-banner-title-visibility":"","ast-main-header-display":"","ast-hfb-above-header-display":"","ast-hfb-below-header-display":"","ast-hfb-mobile-header-display":"","site-post-title":"","ast-breadcrumbs-content":"","ast-featured-img":"","footer-sml-layout":"","theme-transparent-header-meta":"default","adv-header-id-meta":"","stick-header-meta":"","header-above-stick-meta":"","header-main-stick-meta":"","header-below-stick-meta":"","astra-migrate-meta-layouts":"set","ast-page-background-enabled":"default","ast-page-background-meta":{"desktop":{"background-color":"var(--ast-global-color-4)","background-image":"","background-repeat":"repeat","background-position":"center center","background-size":"auto","background-attachment":"scroll","background-type":"","background-media":"","overlay-type":"","overlay-color":"","overlay-opacity":"","overlay-gradient":""},"tablet":{"background-color":"","background-image":"","background-repeat":"repeat","background-position":"center center","background-size":"auto","background-attachment":"scroll","background-type":"","background-media":"","overlay-type":"","overlay-color":"","overlay-opacity":"","overlay-gradient":""},"mobile":{"background-color":"","background-image":"","background-repeat":"repeat","background-position":"center center","background-size":"auto","background-attachment":"scroll","background-type":"","background-media":"","overlay-type":"","overlay-color":"","overlay-opacity":"","overlay-gradient":""}},"ast-content-background-meta":{"desktop":{"background-color":"var(--ast-global-color-5)","background-image":"","background-repeat":"repeat","background-position":"center center","background-size":"auto","background-attachment":"scroll","background-type":"","background-media":"","overlay-type":"","overlay-color":"","overlay-opacity":"","overlay-gradient":""},"tablet":{"background-color":"var(--ast-global-color-5)","background-image":"","background-repeat":"repeat","background-position":"center center","background-size":"auto","background-attachment":"scroll","background-type":"","background-media":"","overlay-type":"","overlay-color":"","overlay-opacity":"","overlay-gradient":""},"mobile":{"background-color":"var(--ast-global-color-5)","background-image":"","background-repeat":"repeat","background-position":"center center","background-size":"auto","background-attachment":"scroll","background-type":"","background-media":"","overlay-type":"","overlay-color":"","overlay-opacity":"","overlay-gradient":""}}},"product_cat":[88,18],"product_tag":[],"_links":{"self":[{"href":"https:\/\/www.cvsolutions.com.py\/index.php?rest_route=\/wp\/v2\/product\/185"}],"collection":[{"href":"https:\/\/www.cvsolutions.com.py\/index.php?rest_route=\/wp\/v2\/product"}],"about":[{"href":"https:\/\/www.cvsolutions.com.py\/index.php?rest_route=\/wp\/v2\/types\/product"}],"replies":[{"embeddable":true,"href":"https:\/\/www.cvsolutions.com.py\/index.php?rest_route=%2Fwp%2Fv2%2Fcomments&post=185"}],"wp:featuredmedia":[{"embeddable":true,"href":"https:\/\/www.cvsolutions.com.py\/index.php?rest_route=\/wp\/v2\/media\/2780"}],"wp:attachment":[{"href":"https:\/\/www.cvsolutions.com.py\/index.php?rest_route=%2Fwp%2Fv2%2Fmedia&parent=185"}],"wp:term":[{"taxonomy":"product_cat","embeddable":true,"href":"https:\/\/www.cvsolutions.com.py\/index.php?rest_route=%2Fwp%2Fv2%2Fproduct_cat&post=185"},{"taxonomy":"product_tag","embeddable":true,"href":"https:\/\/www.cvsolutions.com.py\/index.php?rest_route=%2Fwp%2Fv2%2Fproduct_tag&post=185"}],"curies":[{"name":"wp","href":"https:\/\/api.w.org\/{rel}","templated":true}]}}