{"id":2103,"date":"2025-04-10T19:05:01","date_gmt":"2025-04-10T17:05:01","guid":{"rendered":"https:\/\/www.cvsolutions.com.py\/?post_type=product&#038;p=2103"},"modified":"2025-04-10T19:05:01","modified_gmt":"2025-04-10T17:05:01","slug":"horno-electrico-ariston-fi7871spixa-73-lts-inox-touch","status":"publish","type":"product","link":"https:\/\/www.cvsolutions.com.py\/?product=horno-electrico-ariston-fi7871spixa-73-lts-inox-touch","title":{"rendered":"HORNO ELECTRICO ARISTON FI7871SPIXA 73 LTS INOX TOUCH"},"content":{"rendered":"<h5>Ariston ha dise\u00f1ado hornos que proporcionan una performance inigualable, que le dar\u00e1n rienda suelta a tus deseos de innovar, permiti\u00e9ndote expresar tu creatividad en la cocina. Con resultados excelentes y cont\u00ednuos. Cocci\u00f3n perfecta dentro y fuera de la comida, aumentando el sabor y aroma en cada receta.<\/h5>\n","protected":false},"excerpt":{"rendered":"<p><strong>Descripci\u00f3n del Producto<\/strong><\/p>\n<p>* Grill el\u00e9ctrico &#8211; Luz autom\u00e1tica.<br \/>\n* Eficiencia energ\u00e9tica A+.<br \/>\n* Rejillas Shelf-Stopper.<br \/>\n* Tecnolog\u00eda Multiflow.<br \/>\n* Capacidad 73 litros.<br \/>\n* Puerta Soft Closing.<br \/>\n* Limpieza Pirol\u00edtica.<br \/>\n* 17 Funciones.<br \/>\n* Panel Touch.<\/p>\n<p><strong>MEDIDAS DEL PRODUCTO.<\/strong><br \/>\n* Alto 59,5 cm.<br \/>\n* Ancho 59,5 cm.<br \/>\n* Profundidad 56,4 cm.<\/p>\n","protected":false},"featured_media":2104,"comment_status":"open","ping_status":"closed","template":"","meta":{"site-sidebar-layout":"default","site-content-layout":"","ast-site-content-layout":"default","site-content-style":"default","site-sidebar-style":"default","ast-global-header-display":"","ast-banner-title-visibility":"","ast-main-header-display":"","ast-hfb-above-header-display":"","ast-hfb-below-header-display":"","ast-hfb-mobile-header-display":"","site-post-title":"","ast-breadcrumbs-content":"","ast-featured-img":"","footer-sml-layout":"","theme-transparent-header-meta":"default","adv-header-id-meta":"","stick-header-meta":"","header-above-stick-meta":"","header-main-stick-meta":"","header-below-stick-meta":"","astra-migrate-meta-layouts":"set","ast-page-background-enabled":"default","ast-page-background-meta":{"desktop":{"background-color":"var(--ast-global-color-4)","background-image":"","background-repeat":"repeat","background-position":"center center","background-size":"auto","background-attachment":"scroll","background-type":"","background-media":"","overlay-type":"","overlay-color":"","overlay-opacity":"","overlay-gradient":""},"tablet":{"background-color":"","background-image":"","background-repeat":"repeat","background-position":"center center","background-size":"auto","background-attachment":"scroll","background-type":"","background-media":"","overlay-type":"","overlay-color":"","overlay-opacity":"","overlay-gradient":""},"mobile":{"background-color":"","background-image":"","background-repeat":"repeat","background-position":"center center","background-size":"auto","background-attachment":"scroll","background-type":"","background-media":"","overlay-type":"","overlay-color":"","overlay-opacity":"","overlay-gradient":""}},"ast-content-background-meta":{"desktop":{"background-color":"var(--ast-global-color-5)","background-image":"","background-repeat":"repeat","background-position":"center center","background-size":"auto","background-attachment":"scroll","background-type":"","background-media":"","overlay-type":"","overlay-color":"","overlay-opacity":"","overlay-gradient":""},"tablet":{"background-color":"var(--ast-global-color-5)","background-image":"","background-repeat":"repeat","background-position":"center center","background-size":"auto","background-attachment":"scroll","background-type":"","background-media":"","overlay-type":"","overlay-color":"","overlay-opacity":"","overlay-gradient":""},"mobile":{"background-color":"var(--ast-global-color-5)","background-image":"","background-repeat":"repeat","background-position":"center center","background-size":"auto","background-attachment":"scroll","background-type":"","background-media":"","overlay-type":"","overlay-color":"","overlay-opacity":"","overlay-gradient":""}}},"product_cat":[20,75],"product_tag":[],"_links":{"self":[{"href":"https:\/\/www.cvsolutions.com.py\/index.php?rest_route=\/wp\/v2\/product\/2103"}],"collection":[{"href":"https:\/\/www.cvsolutions.com.py\/index.php?rest_route=\/wp\/v2\/product"}],"about":[{"href":"https:\/\/www.cvsolutions.com.py\/index.php?rest_route=\/wp\/v2\/types\/product"}],"replies":[{"embeddable":true,"href":"https:\/\/www.cvsolutions.com.py\/index.php?rest_route=%2Fwp%2Fv2%2Fcomments&post=2103"}],"wp:featuredmedia":[{"embeddable":true,"href":"https:\/\/www.cvsolutions.com.py\/index.php?rest_route=\/wp\/v2\/media\/2104"}],"wp:attachment":[{"href":"https:\/\/www.cvsolutions.com.py\/index.php?rest_route=%2Fwp%2Fv2%2Fmedia&parent=2103"}],"wp:term":[{"taxonomy":"product_cat","embeddable":true,"href":"https:\/\/www.cvsolutions.com.py\/index.php?rest_route=%2Fwp%2Fv2%2Fproduct_cat&post=2103"},{"taxonomy":"product_tag","embeddable":true,"href":"https:\/\/www.cvsolutions.com.py\/index.php?rest_route=%2Fwp%2Fv2%2Fproduct_tag&post=2103"}],"curies":[{"name":"wp","href":"https:\/\/api.w.org\/{rel}","templated":true}]}}