{"id":2116,"date":"2025-04-10T19:23:49","date_gmt":"2025-04-10T17:23:49","guid":{"rendered":"https:\/\/www.cvsolutions.com.py\/?post_type=product&#038;p=2116"},"modified":"2025-04-10T19:23:49","modified_gmt":"2025-04-10T17:23:49","slug":"horno-elec-empotrable-tokyo-clara-45l-negro","status":"publish","type":"product","link":"https:\/\/www.cvsolutions.com.py\/?product=horno-elec-empotrable-tokyo-clara-45l-negro","title":{"rendered":"HORNO ELEC EMPOTRABLE TOKYO CLARA 45L NEGRO"},"content":{"rendered":"<p>Horno el\u00e9ctrico empotrable Tokyo es una excelente opci\u00f3n para preparar platos de manera eficiente y r\u00e1pida. Adem\u00e1s de lograr una cocci\u00f3n uniforme, al hacer circular el aire caliente dentro del horno, ofrece una temperatura homog\u00e9nea en todas las partes.<\/p>\n","protected":false},"excerpt":{"rendered":"<p class=\"tt-collapse-title\"><strong>Descripci\u00f3n del producto<\/strong><\/p>\n<p class=\"tt-collapse-content tt-collapse-text-ficha\">* Recubierto interior especial EASY CLEAN, limpieza m\u00e1s r\u00e1pida y eficiente.<br \/>\n* Timer de 120 minutos con aviso sonoro en la finalizaci\u00f3n de la cocci\u00f3n.<br \/>\n* Luz interna para mayor visualizaci\u00f3n de tus alimentos.<br \/>\n* Rejilla y bandeja esmaltada removibles.<br \/>\n* Aislamiento t\u00e9rmico de alta resistencia.<br \/>\n* Temperatura regulable 0 a 300 \u00b0C.<\/p>\n<p>MEDIDAS DEL PRODUCTO<br \/>\n* Ancho57 cm.<br \/>\n* Alto 32 cm.<br \/>\n* Profundidad 48 cm.<\/p>\n<p><strong>MEDIDAS CON EL EMBALADO<\/strong><br \/>\n* Ancho59,6 cm.<br \/>\n* Alto 39 cm.<br \/>\n* Profundidad 57,2 cm.<\/p>\n","protected":false},"featured_media":2117,"comment_status":"open","ping_status":"closed","template":"","meta":{"site-sidebar-layout":"default","site-content-layout":"","ast-site-content-layout":"default","site-content-style":"default","site-sidebar-style":"default","ast-global-header-display":"","ast-banner-title-visibility":"","ast-main-header-display":"","ast-hfb-above-header-display":"","ast-hfb-below-header-display":"","ast-hfb-mobile-header-display":"","site-post-title":"","ast-breadcrumbs-content":"","ast-featured-img":"","footer-sml-layout":"","theme-transparent-header-meta":"default","adv-header-id-meta":"","stick-header-meta":"","header-above-stick-meta":"","header-main-stick-meta":"","header-below-stick-meta":"","astra-migrate-meta-layouts":"set","ast-page-background-enabled":"default","ast-page-background-meta":{"desktop":{"background-color":"var(--ast-global-color-4)","background-image":"","background-repeat":"repeat","background-position":"center center","background-size":"auto","background-attachment":"scroll","background-type":"","background-media":"","overlay-type":"","overlay-color":"","overlay-opacity":"","overlay-gradient":""},"tablet":{"background-color":"","background-image":"","background-repeat":"repeat","background-position":"center center","background-size":"auto","background-attachment":"scroll","background-type":"","background-media":"","overlay-type":"","overlay-color":"","overlay-opacity":"","overlay-gradient":""},"mobile":{"background-color":"","background-image":"","background-repeat":"repeat","background-position":"center center","background-size":"auto","background-attachment":"scroll","background-type":"","background-media":"","overlay-type":"","overlay-color":"","overlay-opacity":"","overlay-gradient":""}},"ast-content-background-meta":{"desktop":{"background-color":"var(--ast-global-color-5)","background-image":"","background-repeat":"repeat","background-position":"center center","background-size":"auto","background-attachment":"scroll","background-type":"","background-media":"","overlay-type":"","overlay-color":"","overlay-opacity":"","overlay-gradient":""},"tablet":{"background-color":"var(--ast-global-color-5)","background-image":"","background-repeat":"repeat","background-position":"center center","background-size":"auto","background-attachment":"scroll","background-type":"","background-media":"","overlay-type":"","overlay-color":"","overlay-opacity":"","overlay-gradient":""},"mobile":{"background-color":"var(--ast-global-color-5)","background-image":"","background-repeat":"repeat","background-position":"center center","background-size":"auto","background-attachment":"scroll","background-type":"","background-media":"","overlay-type":"","overlay-color":"","overlay-opacity":"","overlay-gradient":""}}},"product_cat":[20,75],"product_tag":[],"_links":{"self":[{"href":"https:\/\/www.cvsolutions.com.py\/index.php?rest_route=\/wp\/v2\/product\/2116"}],"collection":[{"href":"https:\/\/www.cvsolutions.com.py\/index.php?rest_route=\/wp\/v2\/product"}],"about":[{"href":"https:\/\/www.cvsolutions.com.py\/index.php?rest_route=\/wp\/v2\/types\/product"}],"replies":[{"embeddable":true,"href":"https:\/\/www.cvsolutions.com.py\/index.php?rest_route=%2Fwp%2Fv2%2Fcomments&post=2116"}],"wp:featuredmedia":[{"embeddable":true,"href":"https:\/\/www.cvsolutions.com.py\/index.php?rest_route=\/wp\/v2\/media\/2117"}],"wp:attachment":[{"href":"https:\/\/www.cvsolutions.com.py\/index.php?rest_route=%2Fwp%2Fv2%2Fmedia&parent=2116"}],"wp:term":[{"taxonomy":"product_cat","embeddable":true,"href":"https:\/\/www.cvsolutions.com.py\/index.php?rest_route=%2Fwp%2Fv2%2Fproduct_cat&post=2116"},{"taxonomy":"product_tag","embeddable":true,"href":"https:\/\/www.cvsolutions.com.py\/index.php?rest_route=%2Fwp%2Fv2%2Fproduct_tag&post=2116"}],"curies":[{"name":"wp","href":"https:\/\/api.w.org\/{rel}","templated":true}]}}