{"id":2263,"date":"2025-04-28T16:17:08","date_gmt":"2025-04-28T14:17:08","guid":{"rendered":"https:\/\/www.cvsolutions.com.py\/?post_type=product&#038;p=2263"},"modified":"2025-05-03T20:00:52","modified_gmt":"2025-05-03T18:00:52","slug":"sommier-nogal-pacific-160x200-juego-completo","status":"publish","type":"product","link":"https:\/\/www.cvsolutions.com.py\/?product=sommier-nogal-pacific-160x200-juego-completo","title":{"rendered":"SOMMIER NOGAL PACIFIC 160X200 JUEGO COMPLETO"},"content":{"rendered":"<p>Para los que valoran un descanso reconfortante, esta l\u00ednea est\u00e1 desarrollada bajo los m\u00e1s altos est\u00e1ndares de calidad.<br \/>\nCada aspecto est\u00e1 pensado para garantizar un merecido descanso, donde los detalles como el dise\u00f1o Euro Top, tejido de punto de alta calidad, resortes de acero europeo y espuma de alta densidad, se conjugan a la perfecci\u00f3n para brindar la mejor sensaci\u00f3n.<br \/>\nNuestra mejor l\u00ednea cuenta con la m\u00e1s avanzada tecnolog\u00eda dedicada al confort y la durabilidad.<\/p>\n","protected":false},"excerpt":{"rendered":"<h5 class=\"tt-collapse-title\">Descripci\u00f3n<\/h5>\n<p class=\"tt-collapse-content tt-collapse-text-ficha\">* Peso m\u00e1ximo 100 kg.<br \/>\n* Madera reforestada Madera 100% reforestada de eucaliptus Grandis.<br \/>\n* Anti-\u00c1caros.<br \/>\n* Espuma de alta densidad.<br \/>\n* Resortes de acero europeo.<br \/>\n* Tapizado Tejido tricot de alta calidad.<br \/>\n* Patas 6 (seis) patas por base.<br \/>\n* Garant\u00eda de 1 a\u00f1o.<\/p>\n<p><strong>MEDIDAS<\/strong><\/p>\n<p class=\"tt-collapse-content tt-collapse-text-ficha\">* Altura base 19 cm.<br \/>\n* Altura patas 12 cm.<br \/>\n* Altura colch\u00f3n 27 cm.<br \/>\n* Altura total 58 cm.<br \/>\nTolerancia en medidas finales (Largo, ancho y altura) +- 1cm.<\/p>\n","protected":false},"featured_media":2262,"comment_status":"open","ping_status":"closed","template":"","meta":{"site-sidebar-layout":"default","site-content-layout":"","ast-site-content-layout":"default","site-content-style":"default","site-sidebar-style":"default","ast-global-header-display":"","ast-banner-title-visibility":"","ast-main-header-display":"","ast-hfb-above-header-display":"","ast-hfb-below-header-display":"","ast-hfb-mobile-header-display":"","site-post-title":"","ast-breadcrumbs-content":"","ast-featured-img":"","footer-sml-layout":"","theme-transparent-header-meta":"default","adv-header-id-meta":"","stick-header-meta":"","header-above-stick-meta":"","header-main-stick-meta":"","header-below-stick-meta":"","astra-migrate-meta-layouts":"set","ast-page-background-enabled":"default","ast-page-background-meta":{"desktop":{"background-color":"var(--ast-global-color-4)","background-image":"","background-repeat":"repeat","background-position":"center center","background-size":"auto","background-attachment":"scroll","background-type":"","background-media":"","overlay-type":"","overlay-color":"","overlay-opacity":"","overlay-gradient":""},"tablet":{"background-color":"","background-image":"","background-repeat":"repeat","background-position":"center center","background-size":"auto","background-attachment":"scroll","background-type":"","background-media":"","overlay-type":"","overlay-color":"","overlay-opacity":"","overlay-gradient":""},"mobile":{"background-color":"","background-image":"","background-repeat":"repeat","background-position":"center center","background-size":"auto","background-attachment":"scroll","background-type":"","background-media":"","overlay-type":"","overlay-color":"","overlay-opacity":"","overlay-gradient":""}},"ast-content-background-meta":{"desktop":{"background-color":"var(--ast-global-color-5)","background-image":"","background-repeat":"repeat","background-position":"center center","background-size":"auto","background-attachment":"scroll","background-type":"","background-media":"","overlay-type":"","overlay-color":"","overlay-opacity":"","overlay-gradient":""},"tablet":{"background-color":"var(--ast-global-color-5)","background-image":"","background-repeat":"repeat","background-position":"center center","background-size":"auto","background-attachment":"scroll","background-type":"","background-media":"","overlay-type":"","overlay-color":"","overlay-opacity":"","overlay-gradient":""},"mobile":{"background-color":"var(--ast-global-color-5)","background-image":"","background-repeat":"repeat","background-position":"center center","background-size":"auto","background-attachment":"scroll","background-type":"","background-media":"","overlay-type":"","overlay-color":"","overlay-opacity":"","overlay-gradient":""}}},"product_cat":[96,76],"product_tag":[],"_links":{"self":[{"href":"https:\/\/www.cvsolutions.com.py\/index.php?rest_route=\/wp\/v2\/product\/2263"}],"collection":[{"href":"https:\/\/www.cvsolutions.com.py\/index.php?rest_route=\/wp\/v2\/product"}],"about":[{"href":"https:\/\/www.cvsolutions.com.py\/index.php?rest_route=\/wp\/v2\/types\/product"}],"replies":[{"embeddable":true,"href":"https:\/\/www.cvsolutions.com.py\/index.php?rest_route=%2Fwp%2Fv2%2Fcomments&post=2263"}],"wp:featuredmedia":[{"embeddable":true,"href":"https:\/\/www.cvsolutions.com.py\/index.php?rest_route=\/wp\/v2\/media\/2262"}],"wp:attachment":[{"href":"https:\/\/www.cvsolutions.com.py\/index.php?rest_route=%2Fwp%2Fv2%2Fmedia&parent=2263"}],"wp:term":[{"taxonomy":"product_cat","embeddable":true,"href":"https:\/\/www.cvsolutions.com.py\/index.php?rest_route=%2Fwp%2Fv2%2Fproduct_cat&post=2263"},{"taxonomy":"product_tag","embeddable":true,"href":"https:\/\/www.cvsolutions.com.py\/index.php?rest_route=%2Fwp%2Fv2%2Fproduct_tag&post=2263"}],"curies":[{"name":"wp","href":"https:\/\/api.w.org\/{rel}","templated":true}]}}