{"id":2601,"date":"2025-05-23T15:52:50","date_gmt":"2025-05-23T13:52:50","guid":{"rendered":"https:\/\/www.cvsolutions.com.py\/?post_type=product&#038;p=2601"},"modified":"2025-05-23T15:52:50","modified_gmt":"2025-05-23T13:52:50","slug":"mesa-lateral-abba-slim","status":"publish","type":"product","link":"https:\/\/www.cvsolutions.com.py\/?product=mesa-lateral-abba-slim","title":{"rendered":"MESA LATERAL ABBA SLIM"},"content":{"rendered":"<p>El servicio de montaje solo para los Muebles que INCLUYEN ARMAJE de ABBA est\u00e1 disponible en las ciudades de:<br \/>\nCiudad del Este, Hernandarias, Minga Guaz\u00fa, Presidente Franco, Caaguaz\u00fa, Coronel Oviedo, Repatriaci\u00f3n, Concepci\u00f3n, Bel\u00e9n, Altos, Atyr\u00e1, Caacup\u00e9, Loma Grande, San Bernardino, Tobat\u00ed, Arroyos y Esteros, Caraguatay, Emboscada, Eusebio Ayala, Isla Puc\u00fa, Nueva Colombia, Piribebuy, Primero de Marzo, San Jos\u00e9 Obrero, Hohenau, Bella Vista, Cambyret\u00e1, Capit\u00e1n Miranda, Encarnaci\u00f3n, Nueva Alborada, Obligado, San Juan del Paran\u00e1, Asunci\u00f3n, Aregu\u00e1, Capiat\u00e1, Fernando de la Mora, Guarambar\u00e9, It\u00e1, Itaugu\u00e1, J. Augusto Sald\u00edvar, Lambar\u00e9, Limpio, Luque, Mariano Roque Alonso, \u00d1emby, San Antonio, San Lorenzo, Villa Elisa, Villeta, Ypacara\u00ed, Ypan\u00e9, Nueva Italia, Paraguar\u00ed, Piray\u00fa, Yaguar\u00f3n, Carapegu\u00e1, Escobar, Gral. Bernardino Caballero, Quiindy, San Roque Gonz\u00e1lez de Santa Cruz, Sapucai, Nueva Asunci\u00f3n, Benjamin Aceval, Gral. Jos\u00e9 Mar\u00eda Bruguez, Villa Hayes y San Estanislao.<\/p>\n<p><strong>Consultar disponibilidad ciudades no listadas.<\/strong><\/p>\n","protected":false},"excerpt":{"rendered":"<div class=\"row rowinformaciontitulo\">\n<div class=\"col-sm-12\">\n<h5 class=\"titulodescripcion\">Informaci\u00f3n sobre este producto:<\/h5>\n<\/div>\n<\/div>\n<div class=\"row\">\n<div class=\"col-sm-12\">\n<div class=\"\">\n<ul>\n<li>Tampo redondo<\/li>\n<li>Patas de madera maciza<\/li>\n<li>Zapatas deslizantes que protegen de la humedad<\/li>\n<li>Dimensiones:<\/li>\n<li>Apoyo 0.44 largo x 0.60 alto  x 0.44 prof<\/li>\n<li>Lateral 0.44 largo x  0.50 alto x  0.44 prof<\/li>\n<\/ul>\n<\/div>\n<\/div>\n<\/div>\n","protected":false},"featured_media":2605,"comment_status":"open","ping_status":"closed","template":"","meta":{"site-sidebar-layout":"default","site-content-layout":"","ast-site-content-layout":"default","site-content-style":"default","site-sidebar-style":"default","ast-global-header-display":"","ast-banner-title-visibility":"","ast-main-header-display":"","ast-hfb-above-header-display":"","ast-hfb-below-header-display":"","ast-hfb-mobile-header-display":"","site-post-title":"","ast-breadcrumbs-content":"","ast-featured-img":"","footer-sml-layout":"","theme-transparent-header-meta":"default","adv-header-id-meta":"","stick-header-meta":"","header-above-stick-meta":"","header-main-stick-meta":"","header-below-stick-meta":"","astra-migrate-meta-layouts":"set","ast-page-background-enabled":"default","ast-page-background-meta":{"desktop":{"background-color":"var(--ast-global-color-4)","background-image":"","background-repeat":"repeat","background-position":"center center","background-size":"auto","background-attachment":"scroll","background-type":"","background-media":"","overlay-type":"","overlay-color":"","overlay-opacity":"","overlay-gradient":""},"tablet":{"background-color":"","background-image":"","background-repeat":"repeat","background-position":"center center","background-size":"auto","background-attachment":"scroll","background-type":"","background-media":"","overlay-type":"","overlay-color":"","overlay-opacity":"","overlay-gradient":""},"mobile":{"background-color":"","background-image":"","background-repeat":"repeat","background-position":"center center","background-size":"auto","background-attachment":"scroll","background-type":"","background-media":"","overlay-type":"","overlay-color":"","overlay-opacity":"","overlay-gradient":""}},"ast-content-background-meta":{"desktop":{"background-color":"var(--ast-global-color-5)","background-image":"","background-repeat":"repeat","background-position":"center center","background-size":"auto","background-attachment":"scroll","background-type":"","background-media":"","overlay-type":"","overlay-color":"","overlay-opacity":"","overlay-gradient":""},"tablet":{"background-color":"var(--ast-global-color-5)","background-image":"","background-repeat":"repeat","background-position":"center center","background-size":"auto","background-attachment":"scroll","background-type":"","background-media":"","overlay-type":"","overlay-color":"","overlay-opacity":"","overlay-gradient":""},"mobile":{"background-color":"var(--ast-global-color-5)","background-image":"","background-repeat":"repeat","background-position":"center center","background-size":"auto","background-attachment":"scroll","background-type":"","background-media":"","overlay-type":"","overlay-color":"","overlay-opacity":"","overlay-gradient":""}}},"product_cat":[76,89],"product_tag":[],"_links":{"self":[{"href":"https:\/\/www.cvsolutions.com.py\/index.php?rest_route=\/wp\/v2\/product\/2601"}],"collection":[{"href":"https:\/\/www.cvsolutions.com.py\/index.php?rest_route=\/wp\/v2\/product"}],"about":[{"href":"https:\/\/www.cvsolutions.com.py\/index.php?rest_route=\/wp\/v2\/types\/product"}],"replies":[{"embeddable":true,"href":"https:\/\/www.cvsolutions.com.py\/index.php?rest_route=%2Fwp%2Fv2%2Fcomments&post=2601"}],"wp:featuredmedia":[{"embeddable":true,"href":"https:\/\/www.cvsolutions.com.py\/index.php?rest_route=\/wp\/v2\/media\/2605"}],"wp:attachment":[{"href":"https:\/\/www.cvsolutions.com.py\/index.php?rest_route=%2Fwp%2Fv2%2Fmedia&parent=2601"}],"wp:term":[{"taxonomy":"product_cat","embeddable":true,"href":"https:\/\/www.cvsolutions.com.py\/index.php?rest_route=%2Fwp%2Fv2%2Fproduct_cat&post=2601"},{"taxonomy":"product_tag","embeddable":true,"href":"https:\/\/www.cvsolutions.com.py\/index.php?rest_route=%2Fwp%2Fv2%2Fproduct_tag&post=2601"}],"curies":[{"name":"wp","href":"https:\/\/api.w.org\/{rel}","templated":true}]}}