{"id":2607,"date":"2025-05-23T16:06:26","date_gmt":"2025-05-23T14:06:26","guid":{"rendered":"https:\/\/www.cvsolutions.com.py\/?post_type=product&#038;p=2607"},"modified":"2025-05-23T16:06:27","modified_gmt":"2025-05-23T14:06:27","slug":"estante-home-maceio-movelmax-70-nature-off-white","status":"publish","type":"product","link":"https:\/\/www.cvsolutions.com.py\/?product=estante-home-maceio-movelmax-70-nature-off-white","title":{"rendered":"ESTANTE HOME MACEIO MOVELMAX 70&#8243; NATURE\/OFF WHITE"},"content":{"rendered":"<p>El Home Macei\u00f3 es un elegante y moderno mueble de entretenimiento dise\u00f1ado para televisores de hasta 70 pulgadas, combinando acabados de madera natural y blanco para un estilo contempor\u00e1neo.<\/p>\n<p><strong>Ciudades de cobertura para los muebles de MOVELMAX que requieren montaje:<\/strong><\/p>\n<p><em>Asunci\u00f3n, Fernando, Lambar\u00e9, Villa Elisa, Mariano Roque Alonso, San Lorenzo, Nemby, Capiat\u00e1, Luque, San Antonio, Ypane, Villa Hayes, Puerto Elsa, Emboscada, Arroyos y Esteros, Caacup\u00e9, Atyra, Tobati, Piribebuy, Itagua, Ypacarai , Pirayu, Itacurubi, Villeta, Nueva Italia, Guarambar\u00e9, Altos, Loma Grande, San Ber, Nueva Colombia, Ita, Yaguaron, Paraguari, Carapegu\u00e1, Quiindy, Coronel Oviedo, Villarrica, Caaguazu, CDE, Franco, Hernandarias y ciudades cercanas, Encarnaci\u00f3n , Concepci\u00f3n, Pedro Juan Caballero. <\/em><strong><em>Consultar disponibilidad de ciudades alejadas a la lista.<\/em><\/strong><\/p>\n","protected":false},"excerpt":{"rendered":"<p><strong>Caracter\u00edsticas:<\/strong><\/p>\n<ul>\n<li>Ideal para TV 70\u201d<\/li>\n<li>Estante de 25mm con cinta<\/li>\n<li>Led 2 cajones con detalles ripado<\/li>\n<li>Corrediza telescopica<\/li>\n<li>Repisa de vidrio con 2 compartimientos<\/li>\n<\/ul>\n<p><strong>Dimensiones para TV:<\/strong><\/p>\n<p>Largo 173cm Alto 118cm Prof. 28cm<\/p>\n<p><strong>Dimensiones del mueble:<\/strong><\/p>\n<p>Largo 240cm Alto 195cm Prof. 45cm<\/p>\n","protected":false},"featured_media":2612,"comment_status":"open","ping_status":"closed","template":"","meta":{"site-sidebar-layout":"default","site-content-layout":"","ast-site-content-layout":"default","site-content-style":"default","site-sidebar-style":"default","ast-global-header-display":"","ast-banner-title-visibility":"","ast-main-header-display":"","ast-hfb-above-header-display":"","ast-hfb-below-header-display":"","ast-hfb-mobile-header-display":"","site-post-title":"","ast-breadcrumbs-content":"","ast-featured-img":"","footer-sml-layout":"","theme-transparent-header-meta":"default","adv-header-id-meta":"","stick-header-meta":"","header-above-stick-meta":"","header-main-stick-meta":"","header-below-stick-meta":"","astra-migrate-meta-layouts":"set","ast-page-background-enabled":"default","ast-page-background-meta":{"desktop":{"background-color":"var(--ast-global-color-4)","background-image":"","background-repeat":"repeat","background-position":"center center","background-size":"auto","background-attachment":"scroll","background-type":"","background-media":"","overlay-type":"","overlay-color":"","overlay-opacity":"","overlay-gradient":""},"tablet":{"background-color":"","background-image":"","background-repeat":"repeat","background-position":"center center","background-size":"auto","background-attachment":"scroll","background-type":"","background-media":"","overlay-type":"","overlay-color":"","overlay-opacity":"","overlay-gradient":""},"mobile":{"background-color":"","background-image":"","background-repeat":"repeat","background-position":"center center","background-size":"auto","background-attachment":"scroll","background-type":"","background-media":"","overlay-type":"","overlay-color":"","overlay-opacity":"","overlay-gradient":""}},"ast-content-background-meta":{"desktop":{"background-color":"var(--ast-global-color-5)","background-image":"","background-repeat":"repeat","background-position":"center center","background-size":"auto","background-attachment":"scroll","background-type":"","background-media":"","overlay-type":"","overlay-color":"","overlay-opacity":"","overlay-gradient":""},"tablet":{"background-color":"var(--ast-global-color-5)","background-image":"","background-repeat":"repeat","background-position":"center center","background-size":"auto","background-attachment":"scroll","background-type":"","background-media":"","overlay-type":"","overlay-color":"","overlay-opacity":"","overlay-gradient":""},"mobile":{"background-color":"var(--ast-global-color-5)","background-image":"","background-repeat":"repeat","background-position":"center center","background-size":"auto","background-attachment":"scroll","background-type":"","background-media":"","overlay-type":"","overlay-color":"","overlay-opacity":"","overlay-gradient":""}}},"product_cat":[76,89],"product_tag":[],"_links":{"self":[{"href":"https:\/\/www.cvsolutions.com.py\/index.php?rest_route=\/wp\/v2\/product\/2607"}],"collection":[{"href":"https:\/\/www.cvsolutions.com.py\/index.php?rest_route=\/wp\/v2\/product"}],"about":[{"href":"https:\/\/www.cvsolutions.com.py\/index.php?rest_route=\/wp\/v2\/types\/product"}],"replies":[{"embeddable":true,"href":"https:\/\/www.cvsolutions.com.py\/index.php?rest_route=%2Fwp%2Fv2%2Fcomments&post=2607"}],"wp:featuredmedia":[{"embeddable":true,"href":"https:\/\/www.cvsolutions.com.py\/index.php?rest_route=\/wp\/v2\/media\/2612"}],"wp:attachment":[{"href":"https:\/\/www.cvsolutions.com.py\/index.php?rest_route=%2Fwp%2Fv2%2Fmedia&parent=2607"}],"wp:term":[{"taxonomy":"product_cat","embeddable":true,"href":"https:\/\/www.cvsolutions.com.py\/index.php?rest_route=%2Fwp%2Fv2%2Fproduct_cat&post=2607"},{"taxonomy":"product_tag","embeddable":true,"href":"https:\/\/www.cvsolutions.com.py\/index.php?rest_route=%2Fwp%2Fv2%2Fproduct_tag&post=2607"}],"curies":[{"name":"wp","href":"https:\/\/api.w.org\/{rel}","templated":true}]}}