{"id":2640,"date":"2025-06-04T17:23:50","date_gmt":"2025-06-04T15:23:50","guid":{"rendered":"https:\/\/www.cvsolutions.com.py\/?post_type=product&#038;p=2640"},"modified":"2025-06-04T17:23:50","modified_gmt":"2025-06-04T15:23:50","slug":"aspiradora-tokyo-turbo-pro-1380w-cap-25lts","status":"publish","type":"product","link":"https:\/\/www.cvsolutions.com.py\/?product=aspiradora-tokyo-turbo-pro-1380w-cap-25lts","title":{"rendered":"ASPIRADORA TOKYO TURBO PRO 1380W CAP 25LTS"},"content":{"rendered":"<h6>Con esta aspiradora Tokyo Compact Turbo Pro podr\u00e1s aspirar materiales s\u00f3lidos y l\u00edquidos de manera eficiente, usando el filtro correspondiente<\/h6>\n","protected":false},"excerpt":{"rendered":"<h5 class=\"tt-collapse-title\">Descripci\u00f3n<\/h5>\n<p class=\"tt-collapse-content tt-collapse-text-ficha\">* Succiona desechos s\u00f3lidos y agua.<br \/>\n* Tanque de acero inoxidable.<br \/>\n* Aspira polvo, agua y sopla.<br \/>\n* Capacidad 25 litros.<br \/>\n* Ruedas pivotantes.<br \/>\n* Potencia 1.380W.<\/p>\n<h5 class=\"tt-collapse-content tt-collapse-text-ficha\">\nACCESORIOS<\/h5>\n<p class=\"tt-collapse-content tt-collapse-text-ficha\">* Cepillo para peque\u00f1as superficies.<br \/>\n* Bolsa de filtro no tejida.<br \/>\n* Cepillo escurridor.<br \/>\n* Tubo de metal.<br \/>\n* Filtro HEPA.<br \/>\n* Manguera.<br \/>\n* Esponja.<\/p>\n","protected":false},"featured_media":2641,"comment_status":"open","ping_status":"closed","template":"","meta":{"site-sidebar-layout":"default","site-content-layout":"","ast-site-content-layout":"default","site-content-style":"default","site-sidebar-style":"default","ast-global-header-display":"","ast-banner-title-visibility":"","ast-main-header-display":"","ast-hfb-above-header-display":"","ast-hfb-below-header-display":"","ast-hfb-mobile-header-display":"","site-post-title":"","ast-breadcrumbs-content":"","ast-featured-img":"","footer-sml-layout":"","theme-transparent-header-meta":"default","adv-header-id-meta":"","stick-header-meta":"","header-above-stick-meta":"","header-main-stick-meta":"","header-below-stick-meta":"","astra-migrate-meta-layouts":"set","ast-page-background-enabled":"default","ast-page-background-meta":{"desktop":{"background-color":"var(--ast-global-color-4)","background-image":"","background-repeat":"repeat","background-position":"center center","background-size":"auto","background-attachment":"scroll","background-type":"","background-media":"","overlay-type":"","overlay-color":"","overlay-opacity":"","overlay-gradient":""},"tablet":{"background-color":"","background-image":"","background-repeat":"repeat","background-position":"center center","background-size":"auto","background-attachment":"scroll","background-type":"","background-media":"","overlay-type":"","overlay-color":"","overlay-opacity":"","overlay-gradient":""},"mobile":{"background-color":"","background-image":"","background-repeat":"repeat","background-position":"center center","background-size":"auto","background-attachment":"scroll","background-type":"","background-media":"","overlay-type":"","overlay-color":"","overlay-opacity":"","overlay-gradient":""}},"ast-content-background-meta":{"desktop":{"background-color":"var(--ast-global-color-5)","background-image":"","background-repeat":"repeat","background-position":"center center","background-size":"auto","background-attachment":"scroll","background-type":"","background-media":"","overlay-type":"","overlay-color":"","overlay-opacity":"","overlay-gradient":""},"tablet":{"background-color":"var(--ast-global-color-5)","background-image":"","background-repeat":"repeat","background-position":"center center","background-size":"auto","background-attachment":"scroll","background-type":"","background-media":"","overlay-type":"","overlay-color":"","overlay-opacity":"","overlay-gradient":""},"mobile":{"background-color":"var(--ast-global-color-5)","background-image":"","background-repeat":"repeat","background-position":"center center","background-size":"auto","background-attachment":"scroll","background-type":"","background-media":"","overlay-type":"","overlay-color":"","overlay-opacity":"","overlay-gradient":""}}},"product_cat":[43,40],"product_tag":[],"_links":{"self":[{"href":"https:\/\/www.cvsolutions.com.py\/index.php?rest_route=\/wp\/v2\/product\/2640"}],"collection":[{"href":"https:\/\/www.cvsolutions.com.py\/index.php?rest_route=\/wp\/v2\/product"}],"about":[{"href":"https:\/\/www.cvsolutions.com.py\/index.php?rest_route=\/wp\/v2\/types\/product"}],"replies":[{"embeddable":true,"href":"https:\/\/www.cvsolutions.com.py\/index.php?rest_route=%2Fwp%2Fv2%2Fcomments&post=2640"}],"wp:featuredmedia":[{"embeddable":true,"href":"https:\/\/www.cvsolutions.com.py\/index.php?rest_route=\/wp\/v2\/media\/2641"}],"wp:attachment":[{"href":"https:\/\/www.cvsolutions.com.py\/index.php?rest_route=%2Fwp%2Fv2%2Fmedia&parent=2640"}],"wp:term":[{"taxonomy":"product_cat","embeddable":true,"href":"https:\/\/www.cvsolutions.com.py\/index.php?rest_route=%2Fwp%2Fv2%2Fproduct_cat&post=2640"},{"taxonomy":"product_tag","embeddable":true,"href":"https:\/\/www.cvsolutions.com.py\/index.php?rest_route=%2Fwp%2Fv2%2Fproduct_tag&post=2640"}],"curies":[{"name":"wp","href":"https:\/\/api.w.org\/{rel}","templated":true}]}}