{"id":2644,"date":"2025-06-04T19:34:15","date_gmt":"2025-06-04T17:34:15","guid":{"rendered":"https:\/\/www.cvsolutions.com.py\/?post_type=product&#038;p=2644"},"modified":"2025-06-04T19:34:15","modified_gmt":"2025-06-04T17:34:15","slug":"secador-de-pelo-taiff-unique-3100w","status":"publish","type":"product","link":"https:\/\/www.cvsolutions.com.py\/?product=secador-de-pelo-taiff-unique-3100w","title":{"rendered":"SECADOR DE PELO TAIFF UNIQUE 3100W"},"content":{"rendered":"<h6>SECADOR DE PELO TAIFF UNIQUE 3100W<\/h6>\n<p>&nbsp;<\/p>\n","protected":false},"excerpt":{"rendered":"<h6><big><strong>Caracteristicas:<\/strong><\/big><\/h6>\n<ul>\n<li><big>Potencia y poder definen al nuevo secador Unique 3100W.<\/big><\/li>\n<li><big>Ligero y ergon\u00f3mico<\/big><\/li>\n<li><big>Ofrece mucha m\u00e1s comodidad al profesional en su d\u00eda a d\u00eda.<\/big><\/li>\n<li><big>La potencia de 3100W con su motor V12 de alta rotaci\u00f3n y mayor flujo de aire, brinda mayor agilidad en los m\u00e1s diversos procedimientos.<\/big><\/li>\n<li><big>Garantia de 6 meses<\/big><\/li>\n<\/ul>\n","protected":false},"featured_media":2645,"comment_status":"open","ping_status":"closed","template":"","meta":{"site-sidebar-layout":"default","site-content-layout":"","ast-site-content-layout":"default","site-content-style":"default","site-sidebar-style":"default","ast-global-header-display":"","ast-banner-title-visibility":"","ast-main-header-display":"","ast-hfb-above-header-display":"","ast-hfb-below-header-display":"","ast-hfb-mobile-header-display":"","site-post-title":"","ast-breadcrumbs-content":"","ast-featured-img":"","footer-sml-layout":"","theme-transparent-header-meta":"default","adv-header-id-meta":"","stick-header-meta":"","header-above-stick-meta":"","header-main-stick-meta":"","header-below-stick-meta":"","astra-migrate-meta-layouts":"set","ast-page-background-enabled":"default","ast-page-background-meta":{"desktop":{"background-color":"var(--ast-global-color-4)","background-image":"","background-repeat":"repeat","background-position":"center center","background-size":"auto","background-attachment":"scroll","background-type":"","background-media":"","overlay-type":"","overlay-color":"","overlay-opacity":"","overlay-gradient":""},"tablet":{"background-color":"","background-image":"","background-repeat":"repeat","background-position":"center center","background-size":"auto","background-attachment":"scroll","background-type":"","background-media":"","overlay-type":"","overlay-color":"","overlay-opacity":"","overlay-gradient":""},"mobile":{"background-color":"","background-image":"","background-repeat":"repeat","background-position":"center center","background-size":"auto","background-attachment":"scroll","background-type":"","background-media":"","overlay-type":"","overlay-color":"","overlay-opacity":"","overlay-gradient":""}},"ast-content-background-meta":{"desktop":{"background-color":"var(--ast-global-color-5)","background-image":"","background-repeat":"repeat","background-position":"center center","background-size":"auto","background-attachment":"scroll","background-type":"","background-media":"","overlay-type":"","overlay-color":"","overlay-opacity":"","overlay-gradient":""},"tablet":{"background-color":"var(--ast-global-color-5)","background-image":"","background-repeat":"repeat","background-position":"center center","background-size":"auto","background-attachment":"scroll","background-type":"","background-media":"","overlay-type":"","overlay-color":"","overlay-opacity":"","overlay-gradient":""},"mobile":{"background-color":"var(--ast-global-color-5)","background-image":"","background-repeat":"repeat","background-position":"center center","background-size":"auto","background-attachment":"scroll","background-type":"","background-media":"","overlay-type":"","overlay-color":"","overlay-opacity":"","overlay-gradient":""}}},"product_cat":[28,30],"product_tag":[],"_links":{"self":[{"href":"https:\/\/www.cvsolutions.com.py\/index.php?rest_route=\/wp\/v2\/product\/2644"}],"collection":[{"href":"https:\/\/www.cvsolutions.com.py\/index.php?rest_route=\/wp\/v2\/product"}],"about":[{"href":"https:\/\/www.cvsolutions.com.py\/index.php?rest_route=\/wp\/v2\/types\/product"}],"replies":[{"embeddable":true,"href":"https:\/\/www.cvsolutions.com.py\/index.php?rest_route=%2Fwp%2Fv2%2Fcomments&post=2644"}],"wp:featuredmedia":[{"embeddable":true,"href":"https:\/\/www.cvsolutions.com.py\/index.php?rest_route=\/wp\/v2\/media\/2645"}],"wp:attachment":[{"href":"https:\/\/www.cvsolutions.com.py\/index.php?rest_route=%2Fwp%2Fv2%2Fmedia&parent=2644"}],"wp:term":[{"taxonomy":"product_cat","embeddable":true,"href":"https:\/\/www.cvsolutions.com.py\/index.php?rest_route=%2Fwp%2Fv2%2Fproduct_cat&post=2644"},{"taxonomy":"product_tag","embeddable":true,"href":"https:\/\/www.cvsolutions.com.py\/index.php?rest_route=%2Fwp%2Fv2%2Fproduct_tag&post=2644"}],"curies":[{"name":"wp","href":"https:\/\/api.w.org\/{rel}","templated":true}]}}