{"id":2783,"date":"2025-06-30T21:43:33","date_gmt":"2025-06-30T19:43:33","guid":{"rendered":"https:\/\/www.cvsolutions.com.py\/?post_type=product&#038;p=2783"},"modified":"2025-07-01T02:05:19","modified_gmt":"2025-07-01T00:05:19","slug":"estufa-ufesa-halogena-scuti-3-velas-negro","status":"publish","type":"product","link":"https:\/\/www.cvsolutions.com.py\/?product=estufa-ufesa-halogena-scuti-3-velas-negro","title":{"rendered":"ESTUFA UFESA HALOGENA SCUTI 3 VELAS NEGRO"},"content":{"rendered":"<h5>Con 1200W en 3 niveles de potencia, 400W 800W y 1200W asa de transporte, reflector de calor en \u00e1ngulo base oscilante, interruptor de seguridad, Adecuado para espacios bien aislados o uso ocasional para calentar tu hogar.<\/h5>\n","protected":false},"excerpt":{"rendered":"<ul class=\"\\&quot;a-unordered-list\">\n<li class=\"\\&quot;a-spacing-mini\\&quot;\"><span class=\"\\&quot;a-list-item\\&quot;\">SISTEMA DE CALEFACCI\u00d3N HAL\u00d3GENO. El calefactor hal\u00f3geno Scuti de 1200W te brindar\u00e1 el confort que necesites este invierno garantizando una temperatura adecuada y agradable contra el fr\u00edo<\/span><\/li>\n<li class=\"\\&quot;a-spacing-mini\\&quot;\"><span class=\"\\&quot;a-list-item\\&quot;\">3 NIVELES DE POTENCIA. Podr\u00e1s seleccionar la potencia que desees para ajustar a tus necesidades, 400W, 800W o 1200W<\/span><\/li>\n<li class=\"\\&quot;a-spacing-mini\\&quot;\"><span class=\"\\&quot;a-list-item\\&quot;\">AHORRO ENERG\u00c9TICO. Su reflector de calor angular evita que el calor se pierda y lo dirige hacia la orientaci\u00f3n que deseemos, lo que lo hace m\u00e1s eficiente<\/span><\/li>\n<li class=\"\\&quot;a-spacing-mini\\&quot;\"><span class=\"\\&quot;a-list-item\\&quot;\">SEGURO. Para tu seguridad y tranquilidad el calefactor Scuti cuenta con interruptor de seguridad. Adecuado para espacios bien aislados o uso ocasional<\/span><\/li>\n<li class=\"\\&quot;a-spacing-mini\\&quot;\"><span class=\"\\&quot;a-list-item\\&quot;\">COMPACTO Y PR\u00c1CTICO. Es un calefactor silencioso que, gracias a su tama\u00f1o, su asa de transporte y su base oscilante, podr\u00e1s mover y cambiar la direcci\u00f3n del calor f\u00e1cilmente<\/span><\/li>\n<\/ul>\n","protected":false},"featured_media":2786,"comment_status":"open","ping_status":"closed","template":"","meta":{"site-sidebar-layout":"default","site-content-layout":"","ast-site-content-layout":"default","site-content-style":"default","site-sidebar-style":"default","ast-global-header-display":"","ast-banner-title-visibility":"","ast-main-header-display":"","ast-hfb-above-header-display":"","ast-hfb-below-header-display":"","ast-hfb-mobile-header-display":"","site-post-title":"","ast-breadcrumbs-content":"","ast-featured-img":"","footer-sml-layout":"","theme-transparent-header-meta":"default","adv-header-id-meta":"","stick-header-meta":"","header-above-stick-meta":"","header-main-stick-meta":"","header-below-stick-meta":"","astra-migrate-meta-layouts":"set","ast-page-background-enabled":"default","ast-page-background-meta":{"desktop":{"background-color":"var(--ast-global-color-4)","background-image":"","background-repeat":"repeat","background-position":"center center","background-size":"auto","background-attachment":"scroll","background-type":"","background-media":"","overlay-type":"","overlay-color":"","overlay-opacity":"","overlay-gradient":""},"tablet":{"background-color":"","background-image":"","background-repeat":"repeat","background-position":"center center","background-size":"auto","background-attachment":"scroll","background-type":"","background-media":"","overlay-type":"","overlay-color":"","overlay-opacity":"","overlay-gradient":""},"mobile":{"background-color":"","background-image":"","background-repeat":"repeat","background-position":"center center","background-size":"auto","background-attachment":"scroll","background-type":"","background-media":"","overlay-type":"","overlay-color":"","overlay-opacity":"","overlay-gradient":""}},"ast-content-background-meta":{"desktop":{"background-color":"var(--ast-global-color-5)","background-image":"","background-repeat":"repeat","background-position":"center center","background-size":"auto","background-attachment":"scroll","background-type":"","background-media":"","overlay-type":"","overlay-color":"","overlay-opacity":"","overlay-gradient":""},"tablet":{"background-color":"var(--ast-global-color-5)","background-image":"","background-repeat":"repeat","background-position":"center center","background-size":"auto","background-attachment":"scroll","background-type":"","background-media":"","overlay-type":"","overlay-color":"","overlay-opacity":"","overlay-gradient":""},"mobile":{"background-color":"var(--ast-global-color-5)","background-image":"","background-repeat":"repeat","background-position":"center center","background-size":"auto","background-attachment":"scroll","background-type":"","background-media":"","overlay-type":"","overlay-color":"","overlay-opacity":"","overlay-gradient":""}}},"product_cat":[88,18],"product_tag":[],"_links":{"self":[{"href":"https:\/\/www.cvsolutions.com.py\/index.php?rest_route=\/wp\/v2\/product\/2783"}],"collection":[{"href":"https:\/\/www.cvsolutions.com.py\/index.php?rest_route=\/wp\/v2\/product"}],"about":[{"href":"https:\/\/www.cvsolutions.com.py\/index.php?rest_route=\/wp\/v2\/types\/product"}],"replies":[{"embeddable":true,"href":"https:\/\/www.cvsolutions.com.py\/index.php?rest_route=%2Fwp%2Fv2%2Fcomments&post=2783"}],"wp:featuredmedia":[{"embeddable":true,"href":"https:\/\/www.cvsolutions.com.py\/index.php?rest_route=\/wp\/v2\/media\/2786"}],"wp:attachment":[{"href":"https:\/\/www.cvsolutions.com.py\/index.php?rest_route=%2Fwp%2Fv2%2Fmedia&parent=2783"}],"wp:term":[{"taxonomy":"product_cat","embeddable":true,"href":"https:\/\/www.cvsolutions.com.py\/index.php?rest_route=%2Fwp%2Fv2%2Fproduct_cat&post=2783"},{"taxonomy":"product_tag","embeddable":true,"href":"https:\/\/www.cvsolutions.com.py\/index.php?rest_route=%2Fwp%2Fv2%2Fproduct_tag&post=2783"}],"curies":[{"name":"wp","href":"https:\/\/api.w.org\/{rel}","templated":true}]}}