{"id":2787,"date":"2025-07-01T00:15:45","date_gmt":"2025-06-30T22:15:45","guid":{"rendered":"https:\/\/www.cvsolutions.com.py\/?post_type=product&#038;p=2787"},"modified":"2025-07-01T02:00:33","modified_gmt":"2025-07-01T00:00:33","slug":"estufa-ufesa-antares-2000w-blanco","status":"publish","type":"product","link":"https:\/\/www.cvsolutions.com.py\/?product=estufa-ufesa-antares-2000w-blanco","title":{"rendered":"ESTUFA UFESA ANTARES 2000W BLANCO"},"content":{"rendered":"<p>El radiador de aceite Antares 2000 cuenta con 2000W de potencia que calientan en poco tiempo la estancia deseada.rnrnCuenta con un termostato met\u00e1lico regulable hasta 85\u00b0C y 9 elementos que permiten la difusi\u00f3n del calor de manera uniforme.rnrnAdem\u00e1s, te brinda la mayor seguridad gracias a su interruptor de vuelco de seguridad.rnrnCuenta con un asa y ruedas para que puedas transportarlo f\u00e1cilmente de una estancia a otra.<\/p>\n","protected":false},"excerpt":{"rendered":"<ul>\n<li>POTENCIA. El radiador de aceite Antares 2000 cuenta con 2000W de potencia que calientan en poco tiempo la estancia deseada<\/li>\n<li>AJUSTABLE. Cuenta con un termostato met\u00e1lico regulable de hasta 85\u00b0C para ajustar la temperatura deseada y 9 elementos que permiten la difusi\u00f3n del calor de manera uniforme<\/li>\n<li>SEGURO. Brinda la mayor seguridad gracias a su interruptor de vuelco de seguridad para apagarse en caso de caidas. 130\u00b0C sobre protecci\u00f3n contra el calor y termostato de reinicio autom\u00e1tico KSD de 80\u00b0C<\/li>\n<li>PR\u00c1CTICO. Cuenta con un asa y ruedas para que puedas transportarlo f\u00e1cilmente de una estancia a otra as\u00ed como un pr\u00e1ctico recogecables<\/li>\n<li>Con 6 meses de garant\u00eda<\/li>\n<\/ul>\n","protected":false},"featured_media":2788,"comment_status":"open","ping_status":"closed","template":"","meta":{"site-sidebar-layout":"default","site-content-layout":"","ast-site-content-layout":"default","site-content-style":"default","site-sidebar-style":"default","ast-global-header-display":"","ast-banner-title-visibility":"","ast-main-header-display":"","ast-hfb-above-header-display":"","ast-hfb-below-header-display":"","ast-hfb-mobile-header-display":"","site-post-title":"","ast-breadcrumbs-content":"","ast-featured-img":"","footer-sml-layout":"","theme-transparent-header-meta":"default","adv-header-id-meta":"","stick-header-meta":"","header-above-stick-meta":"","header-main-stick-meta":"","header-below-stick-meta":"","astra-migrate-meta-layouts":"set","ast-page-background-enabled":"default","ast-page-background-meta":{"desktop":{"background-color":"var(--ast-global-color-4)","background-image":"","background-repeat":"repeat","background-position":"center center","background-size":"auto","background-attachment":"scroll","background-type":"","background-media":"","overlay-type":"","overlay-color":"","overlay-opacity":"","overlay-gradient":""},"tablet":{"background-color":"","background-image":"","background-repeat":"repeat","background-position":"center center","background-size":"auto","background-attachment":"scroll","background-type":"","background-media":"","overlay-type":"","overlay-color":"","overlay-opacity":"","overlay-gradient":""},"mobile":{"background-color":"","background-image":"","background-repeat":"repeat","background-position":"center center","background-size":"auto","background-attachment":"scroll","background-type":"","background-media":"","overlay-type":"","overlay-color":"","overlay-opacity":"","overlay-gradient":""}},"ast-content-background-meta":{"desktop":{"background-color":"var(--ast-global-color-5)","background-image":"","background-repeat":"repeat","background-position":"center center","background-size":"auto","background-attachment":"scroll","background-type":"","background-media":"","overlay-type":"","overlay-color":"","overlay-opacity":"","overlay-gradient":""},"tablet":{"background-color":"var(--ast-global-color-5)","background-image":"","background-repeat":"repeat","background-position":"center center","background-size":"auto","background-attachment":"scroll","background-type":"","background-media":"","overlay-type":"","overlay-color":"","overlay-opacity":"","overlay-gradient":""},"mobile":{"background-color":"var(--ast-global-color-5)","background-image":"","background-repeat":"repeat","background-position":"center center","background-size":"auto","background-attachment":"scroll","background-type":"","background-media":"","overlay-type":"","overlay-color":"","overlay-opacity":"","overlay-gradient":""}}},"product_cat":[88,18],"product_tag":[],"_links":{"self":[{"href":"https:\/\/www.cvsolutions.com.py\/index.php?rest_route=\/wp\/v2\/product\/2787"}],"collection":[{"href":"https:\/\/www.cvsolutions.com.py\/index.php?rest_route=\/wp\/v2\/product"}],"about":[{"href":"https:\/\/www.cvsolutions.com.py\/index.php?rest_route=\/wp\/v2\/types\/product"}],"replies":[{"embeddable":true,"href":"https:\/\/www.cvsolutions.com.py\/index.php?rest_route=%2Fwp%2Fv2%2Fcomments&post=2787"}],"wp:featuredmedia":[{"embeddable":true,"href":"https:\/\/www.cvsolutions.com.py\/index.php?rest_route=\/wp\/v2\/media\/2788"}],"wp:attachment":[{"href":"https:\/\/www.cvsolutions.com.py\/index.php?rest_route=%2Fwp%2Fv2%2Fmedia&parent=2787"}],"wp:term":[{"taxonomy":"product_cat","embeddable":true,"href":"https:\/\/www.cvsolutions.com.py\/index.php?rest_route=%2Fwp%2Fv2%2Fproduct_cat&post=2787"},{"taxonomy":"product_tag","embeddable":true,"href":"https:\/\/www.cvsolutions.com.py\/index.php?rest_route=%2Fwp%2Fv2%2Fproduct_tag&post=2787"}],"curies":[{"name":"wp","href":"https:\/\/api.w.org\/{rel}","templated":true}]}}