{"id":2839,"date":"2025-07-03T02:51:16","date_gmt":"2025-07-03T00:51:16","guid":{"rendered":"https:\/\/www.cvsolutions.com.py\/?post_type=product&#038;p=2839"},"modified":"2025-07-03T02:51:16","modified_gmt":"2025-07-03T00:51:16","slug":"estufa-calefactor-cecotec-exterior-infrarrojo-ready-warm-8700-power-steel","status":"publish","type":"product","link":"https:\/\/www.cvsolutions.com.py\/?product=estufa-calefactor-cecotec-exterior-infrarrojo-ready-warm-8700-power-steel","title":{"rendered":"ESTUFA CALEFACTOR CECOTEC EXTERIOR INFRARROJO READY WARM 8700 POWER STEEL"},"content":{"rendered":"<h5>Calefactor de radiaci\u00f3n infrarroja de pared para exteriores de 2400 W. IP55. Sistema calentamiento Stainless Steel. Panel de cristal. Pantalla LED. Temporizador 24h. Mando a distancia. Potencia ajustable. Kit de montaje.<\/h5>\n","protected":false},"excerpt":{"rendered":"<h6>DATOS DEL PRODUCTO<\/h6>\n<p>\u00b7 Calefactor de radiaci\u00f3n infrarroja con una potencia m\u00e1xima de 2400 W que aumenta la eficiencia energ\u00e9tica y la velocidad de calentamiento.<br \/>\n\u00b7 Su sistema de calefacci\u00f3n, mediante una espiral de acero inoxidable, permite una mejor distribuci\u00f3n del calor sin alterar la iluminaci\u00f3n del entorno.<br \/>\n\u00b7 Posee 3 niveles de calentamiento r\u00e1pido con potencia ajustable en 800 W, 1600 W o 2400 W para adaptar el calentamiento a cada situaci\u00f3n.<br \/>\n\u00b7 Gracias a su mando a distancia permite modificar el nivel de potencia, programar su temporizador o apagarlo y encenderlo de forma c\u00f3moda y r\u00e1pida.<br \/>\n\u00b7 Gracias a su potencia y a su radiaci\u00f3n infrarroja de alta eficiencia permite calentar espacios de hasta 20 m2 sin dificultad.<br \/>\n\u00b7 Cuenta con protecci\u00f3n con certificaci\u00f3n IP55 que permite emplearlo en exteriores sin problemas gracias a su resistencia al polvo y al agua de lluvia.<br \/>\n\u00b7 El calefactor dispone de temporizador de hasta 24 horas con autoapagado, para proporcionar la m\u00e1xima comodidad durante su uso y ahorrar energ\u00eda.<br \/>\n\u00b7 Incorpora pantalla LED para poder visualizar en cualquier momento la potencia y la programaci\u00f3n del temporizador de forma r\u00e1pida.<br \/>\n\u00b7 Puede regularse el \u00e1ngulo de inclinaci\u00f3n del calefactor hasta 90\u00b0para alcanzar un mayor campo de acci\u00f3n.<br \/>\n\u00b7 Cuenta con un dise\u00f1o minimalista, con panel frontal de cristal, para adaptarse a cualquier entorno.<br \/>\n\u00b7 Fabricado en aluminio resistente a la intemperie que le otorga un dise\u00f1o atractivo y robusto.<br \/>\n\u00b7 Incluye kit de montaje con todos los componentes necesarios para instalar el calefactor.<\/p>\n<p><strong>CONTENIDO<\/strong><br \/>\n\u00b7 Calefactor<br \/>\n\u00b7 Mando a distancia<br \/>\n\u00b7 Kit de montaje<br \/>\n\u00b7 Manual de instrucciones<\/p>\n<p><strong>GARANT\u00cdA<\/strong><br \/>\n\u00b7 1 a\u00f1o.<\/p>\n","protected":false},"featured_media":2844,"comment_status":"open","ping_status":"closed","template":"","meta":{"site-sidebar-layout":"default","site-content-layout":"","ast-site-content-layout":"default","site-content-style":"default","site-sidebar-style":"default","ast-global-header-display":"","ast-banner-title-visibility":"","ast-main-header-display":"","ast-hfb-above-header-display":"","ast-hfb-below-header-display":"","ast-hfb-mobile-header-display":"","site-post-title":"","ast-breadcrumbs-content":"","ast-featured-img":"","footer-sml-layout":"","theme-transparent-header-meta":"default","adv-header-id-meta":"","stick-header-meta":"","header-above-stick-meta":"","header-main-stick-meta":"","header-below-stick-meta":"","astra-migrate-meta-layouts":"set","ast-page-background-enabled":"default","ast-page-background-meta":{"desktop":{"background-color":"var(--ast-global-color-4)","background-image":"","background-repeat":"repeat","background-position":"center center","background-size":"auto","background-attachment":"scroll","background-type":"","background-media":"","overlay-type":"","overlay-color":"","overlay-opacity":"","overlay-gradient":""},"tablet":{"background-color":"","background-image":"","background-repeat":"repeat","background-position":"center center","background-size":"auto","background-attachment":"scroll","background-type":"","background-media":"","overlay-type":"","overlay-color":"","overlay-opacity":"","overlay-gradient":""},"mobile":{"background-color":"","background-image":"","background-repeat":"repeat","background-position":"center center","background-size":"auto","background-attachment":"scroll","background-type":"","background-media":"","overlay-type":"","overlay-color":"","overlay-opacity":"","overlay-gradient":""}},"ast-content-background-meta":{"desktop":{"background-color":"var(--ast-global-color-5)","background-image":"","background-repeat":"repeat","background-position":"center center","background-size":"auto","background-attachment":"scroll","background-type":"","background-media":"","overlay-type":"","overlay-color":"","overlay-opacity":"","overlay-gradient":""},"tablet":{"background-color":"var(--ast-global-color-5)","background-image":"","background-repeat":"repeat","background-position":"center center","background-size":"auto","background-attachment":"scroll","background-type":"","background-media":"","overlay-type":"","overlay-color":"","overlay-opacity":"","overlay-gradient":""},"mobile":{"background-color":"var(--ast-global-color-5)","background-image":"","background-repeat":"repeat","background-position":"center center","background-size":"auto","background-attachment":"scroll","background-type":"","background-media":"","overlay-type":"","overlay-color":"","overlay-opacity":"","overlay-gradient":""}}},"product_cat":[88,18],"product_tag":[],"_links":{"self":[{"href":"https:\/\/www.cvsolutions.com.py\/index.php?rest_route=\/wp\/v2\/product\/2839"}],"collection":[{"href":"https:\/\/www.cvsolutions.com.py\/index.php?rest_route=\/wp\/v2\/product"}],"about":[{"href":"https:\/\/www.cvsolutions.com.py\/index.php?rest_route=\/wp\/v2\/types\/product"}],"replies":[{"embeddable":true,"href":"https:\/\/www.cvsolutions.com.py\/index.php?rest_route=%2Fwp%2Fv2%2Fcomments&post=2839"}],"wp:featuredmedia":[{"embeddable":true,"href":"https:\/\/www.cvsolutions.com.py\/index.php?rest_route=\/wp\/v2\/media\/2844"}],"wp:attachment":[{"href":"https:\/\/www.cvsolutions.com.py\/index.php?rest_route=%2Fwp%2Fv2%2Fmedia&parent=2839"}],"wp:term":[{"taxonomy":"product_cat","embeddable":true,"href":"https:\/\/www.cvsolutions.com.py\/index.php?rest_route=%2Fwp%2Fv2%2Fproduct_cat&post=2839"},{"taxonomy":"product_tag","embeddable":true,"href":"https:\/\/www.cvsolutions.com.py\/index.php?rest_route=%2Fwp%2Fv2%2Fproduct_tag&post=2839"}],"curies":[{"name":"wp","href":"https:\/\/api.w.org\/{rel}","templated":true}]}}