{"id":2923,"date":"2025-08-05T17:40:54","date_gmt":"2025-08-05T15:40:54","guid":{"rendered":"https:\/\/www.cvsolutions.com.py\/?post_type=product&#038;p=2923"},"modified":"2025-08-05T17:40:54","modified_gmt":"2025-08-05T15:40:54","slug":"cafetera-krups-espresso-essential-roja-1-7l","status":"publish","type":"product","link":"https:\/\/www.cvsolutions.com.py\/?product=cafetera-krups-espresso-essential-roja-1-7l","title":{"rendered":"Cafetera Krups Espresso Essential Roja 1.7L"},"content":{"rendered":"<h6 data-start=\"131\" data-end=\"524\"><strong data-start=\"131\" data-end=\"207\">Llev\u00e1 la esencia del espresso a tu taza con la Cafetera Krups Essential.<\/strong><br data-start=\"207\" data-end=\"210\" \/>Compacta y potente, esta cafetera superautom\u00e1tica cuenta con pantalla LCD extragrande, 3 niveles de temperatura y molinillo ajustable para extraer el m\u00e1ximo sabor. Incluye adaptador para cappuccino con espumador de leche y boquilla de vapor. Ideal para disfrutar caf\u00e9 personalizado con calidad profesional en casa.<\/h6>\n","protected":false},"excerpt":{"rendered":"<h5 class=\"tt-collapse-title\">Descripci\u00f3n<\/h5>\n<p class=\"tt-collapse-content tt-collapse-text-ficha\">* Pr\u00e1ctico modo memo &#8211; Permite guardar hasta 2 recetas de bebidas personalizadas.<br \/>\n* Incluye lechero para preparaciones a base de caf\u00e9 y leche.<br \/>\n* Ajuste intensidad y tama\u00f1o de caf\u00e9.<br \/>\n* Dep\u00f3sito de caf\u00e9 de 260 gr.<br \/>\n* Pantalla LCD extragrande.<br \/>\n* Dise\u00f1o compacto.<\/p>\n","protected":false},"featured_media":2928,"comment_status":"open","ping_status":"closed","template":"","meta":{"site-sidebar-layout":"default","site-content-layout":"","ast-site-content-layout":"default","site-content-style":"default","site-sidebar-style":"default","ast-global-header-display":"","ast-banner-title-visibility":"","ast-main-header-display":"","ast-hfb-above-header-display":"","ast-hfb-below-header-display":"","ast-hfb-mobile-header-display":"","site-post-title":"","ast-breadcrumbs-content":"","ast-featured-img":"","footer-sml-layout":"","theme-transparent-header-meta":"default","adv-header-id-meta":"","stick-header-meta":"","header-above-stick-meta":"","header-main-stick-meta":"","header-below-stick-meta":"","astra-migrate-meta-layouts":"set","ast-page-background-enabled":"default","ast-page-background-meta":{"desktop":{"background-color":"var(--ast-global-color-4)","background-image":"","background-repeat":"repeat","background-position":"center center","background-size":"auto","background-attachment":"scroll","background-type":"","background-media":"","overlay-type":"","overlay-color":"","overlay-opacity":"","overlay-gradient":""},"tablet":{"background-color":"","background-image":"","background-repeat":"repeat","background-position":"center center","background-size":"auto","background-attachment":"scroll","background-type":"","background-media":"","overlay-type":"","overlay-color":"","overlay-opacity":"","overlay-gradient":""},"mobile":{"background-color":"","background-image":"","background-repeat":"repeat","background-position":"center center","background-size":"auto","background-attachment":"scroll","background-type":"","background-media":"","overlay-type":"","overlay-color":"","overlay-opacity":"","overlay-gradient":""}},"ast-content-background-meta":{"desktop":{"background-color":"var(--ast-global-color-5)","background-image":"","background-repeat":"repeat","background-position":"center center","background-size":"auto","background-attachment":"scroll","background-type":"","background-media":"","overlay-type":"","overlay-color":"","overlay-opacity":"","overlay-gradient":""},"tablet":{"background-color":"var(--ast-global-color-5)","background-image":"","background-repeat":"repeat","background-position":"center center","background-size":"auto","background-attachment":"scroll","background-type":"","background-media":"","overlay-type":"","overlay-color":"","overlay-opacity":"","overlay-gradient":""},"mobile":{"background-color":"var(--ast-global-color-5)","background-image":"","background-repeat":"repeat","background-position":"center center","background-size":"auto","background-attachment":"scroll","background-type":"","background-media":"","overlay-type":"","overlay-color":"","overlay-opacity":"","overlay-gradient":""}}},"product_cat":[23,20],"product_tag":[],"_links":{"self":[{"href":"https:\/\/www.cvsolutions.com.py\/index.php?rest_route=\/wp\/v2\/product\/2923"}],"collection":[{"href":"https:\/\/www.cvsolutions.com.py\/index.php?rest_route=\/wp\/v2\/product"}],"about":[{"href":"https:\/\/www.cvsolutions.com.py\/index.php?rest_route=\/wp\/v2\/types\/product"}],"replies":[{"embeddable":true,"href":"https:\/\/www.cvsolutions.com.py\/index.php?rest_route=%2Fwp%2Fv2%2Fcomments&post=2923"}],"wp:featuredmedia":[{"embeddable":true,"href":"https:\/\/www.cvsolutions.com.py\/index.php?rest_route=\/wp\/v2\/media\/2928"}],"wp:attachment":[{"href":"https:\/\/www.cvsolutions.com.py\/index.php?rest_route=%2Fwp%2Fv2%2Fmedia&parent=2923"}],"wp:term":[{"taxonomy":"product_cat","embeddable":true,"href":"https:\/\/www.cvsolutions.com.py\/index.php?rest_route=%2Fwp%2Fv2%2Fproduct_cat&post=2923"},{"taxonomy":"product_tag","embeddable":true,"href":"https:\/\/www.cvsolutions.com.py\/index.php?rest_route=%2Fwp%2Fv2%2Fproduct_tag&post=2923"}],"curies":[{"name":"wp","href":"https:\/\/api.w.org\/{rel}","templated":true}]}}