{"id":2965,"date":"2025-08-06T15:40:15","date_gmt":"2025-08-06T13:40:15","guid":{"rendered":"https:\/\/www.cvsolutions.com.py\/?post_type=product&#038;p=2965"},"modified":"2025-08-06T15:40:15","modified_gmt":"2025-08-06T13:40:15","slug":"microondas-electrolux-digital-31l-emdy31s5mxm-gris","status":"publish","type":"product","link":"https:\/\/www.cvsolutions.com.py\/?product=microondas-electrolux-digital-31l-emdy31s5mxm-gris","title":{"rendered":"Microondas Electrolux Digital 31L EMDY31S5MXM \u2013 Gris"},"content":{"rendered":"<h6>MICROONDA ELECTROLUX DIGITAL 31 LITROS EMDY31S5MXM S\/GRILL GRIS<\/h6>\n","protected":false},"excerpt":{"rendered":"<p data-start=\"252\" data-end=\"609\"><strong data-start=\"252\" data-end=\"298\">Tecnolog\u00eda pr\u00e1ctica para tu cocina diaria.<\/strong><br data-start=\"298\" data-end=\"301\" \/>El <strong data-start=\"304\" data-end=\"341\">Microondas Electrolux Digital 31L<\/strong> est\u00e1 dise\u00f1ado para facilitar tu rutina con funciones inteligentes que hacen m\u00e1s simple cada preparaci\u00f3n. Su <strong data-start=\"450\" data-end=\"480\">panel de control intuitivo<\/strong> ofrece acceso r\u00e1pido a funciones especiales como <strong data-start=\"530\" data-end=\"582\">derretir, deshidratar, cocci\u00f3n delicada y r\u00e1pida<\/strong>, todo con un solo toque.<\/p>\n<p data-start=\"611\" data-end=\"984\">Adem\u00e1s, incluye herramientas pensadas para tu comodidad como la <strong data-start=\"675\" data-end=\"691\">Funci\u00f3n Mute<\/strong>, para usarlo en silencio, y el <strong data-start=\"723\" data-end=\"752\">Descongelamiento Asistido<\/strong>, que avisa cu\u00e1ndo girar los alimentos para un resultado uniforme. Tambi\u00e9n incorpora <strong data-start=\"837\" data-end=\"866\">Funci\u00f3n Mantener Caliente<\/strong>, <strong data-start=\"868\" data-end=\"888\">Funci\u00f3n Sin Olor<\/strong> y <strong data-start=\"891\" data-end=\"912\">Funci\u00f3n Fermentar<\/strong>, ideales para conservar el sabor y preparar recetas con m\u00e1s eficiencia.<\/p>\n","protected":false},"featured_media":2970,"comment_status":"open","ping_status":"closed","template":"","meta":{"site-sidebar-layout":"default","site-content-layout":"","ast-site-content-layout":"default","site-content-style":"default","site-sidebar-style":"default","ast-global-header-display":"","ast-banner-title-visibility":"","ast-main-header-display":"","ast-hfb-above-header-display":"","ast-hfb-below-header-display":"","ast-hfb-mobile-header-display":"","site-post-title":"","ast-breadcrumbs-content":"","ast-featured-img":"","footer-sml-layout":"","theme-transparent-header-meta":"default","adv-header-id-meta":"","stick-header-meta":"","header-above-stick-meta":"","header-main-stick-meta":"","header-below-stick-meta":"","astra-migrate-meta-layouts":"set","ast-page-background-enabled":"default","ast-page-background-meta":{"desktop":{"background-color":"var(--ast-global-color-4)","background-image":"","background-repeat":"repeat","background-position":"center center","background-size":"auto","background-attachment":"scroll","background-type":"","background-media":"","overlay-type":"","overlay-color":"","overlay-opacity":"","overlay-gradient":""},"tablet":{"background-color":"","background-image":"","background-repeat":"repeat","background-position":"center center","background-size":"auto","background-attachment":"scroll","background-type":"","background-media":"","overlay-type":"","overlay-color":"","overlay-opacity":"","overlay-gradient":""},"mobile":{"background-color":"","background-image":"","background-repeat":"repeat","background-position":"center center","background-size":"auto","background-attachment":"scroll","background-type":"","background-media":"","overlay-type":"","overlay-color":"","overlay-opacity":"","overlay-gradient":""}},"ast-content-background-meta":{"desktop":{"background-color":"var(--ast-global-color-5)","background-image":"","background-repeat":"repeat","background-position":"center center","background-size":"auto","background-attachment":"scroll","background-type":"","background-media":"","overlay-type":"","overlay-color":"","overlay-opacity":"","overlay-gradient":""},"tablet":{"background-color":"var(--ast-global-color-5)","background-image":"","background-repeat":"repeat","background-position":"center center","background-size":"auto","background-attachment":"scroll","background-type":"","background-media":"","overlay-type":"","overlay-color":"","overlay-opacity":"","overlay-gradient":""},"mobile":{"background-color":"var(--ast-global-color-5)","background-image":"","background-repeat":"repeat","background-position":"center center","background-size":"auto","background-attachment":"scroll","background-type":"","background-media":"","overlay-type":"","overlay-color":"","overlay-opacity":"","overlay-gradient":""}}},"product_cat":[20,79],"product_tag":[],"_links":{"self":[{"href":"https:\/\/www.cvsolutions.com.py\/index.php?rest_route=\/wp\/v2\/product\/2965"}],"collection":[{"href":"https:\/\/www.cvsolutions.com.py\/index.php?rest_route=\/wp\/v2\/product"}],"about":[{"href":"https:\/\/www.cvsolutions.com.py\/index.php?rest_route=\/wp\/v2\/types\/product"}],"replies":[{"embeddable":true,"href":"https:\/\/www.cvsolutions.com.py\/index.php?rest_route=%2Fwp%2Fv2%2Fcomments&post=2965"}],"wp:featuredmedia":[{"embeddable":true,"href":"https:\/\/www.cvsolutions.com.py\/index.php?rest_route=\/wp\/v2\/media\/2970"}],"wp:attachment":[{"href":"https:\/\/www.cvsolutions.com.py\/index.php?rest_route=%2Fwp%2Fv2%2Fmedia&parent=2965"}],"wp:term":[{"taxonomy":"product_cat","embeddable":true,"href":"https:\/\/www.cvsolutions.com.py\/index.php?rest_route=%2Fwp%2Fv2%2Fproduct_cat&post=2965"},{"taxonomy":"product_tag","embeddable":true,"href":"https:\/\/www.cvsolutions.com.py\/index.php?rest_route=%2Fwp%2Fv2%2Fproduct_tag&post=2965"}],"curies":[{"name":"wp","href":"https:\/\/api.w.org\/{rel}","templated":true}]}}