{"id":2972,"date":"2025-08-06T19:46:00","date_gmt":"2025-08-06T17:46:00","guid":{"rendered":"https:\/\/www.cvsolutions.com.py\/?post_type=product&#038;p=2972"},"modified":"2025-08-06T19:47:03","modified_gmt":"2025-08-06T17:47:03","slug":"cafetera-ufesa-expreso-ce7151","status":"publish","type":"product","link":"https:\/\/www.cvsolutions.com.py\/?product=cafetera-ufesa-expreso-ce7151","title":{"rendered":"CAFETERA UFESA EXPRESO CE7151"},"content":{"rendered":"<h5>Donde el aroma del caf\u00e9 se convierte en tu mejor compa\u00f1\u00eda<\/h5>\n","protected":false},"excerpt":{"rendered":"<h5 data-start=\"108\" data-end=\"152\"><strong data-start=\"112\" data-end=\"152\">Caracter\u00edsticas destacadas:<\/strong><\/h5>\n<ul data-start=\"154\" data-end=\"775\">\n<li data-start=\"154\" data-end=\"207\">\n<p data-start=\"156\" data-end=\"207\">Potencia de 1250 W para un rendimiento eficiente.<\/p>\n<\/li>\n<li data-start=\"208\" data-end=\"303\">\n<p data-start=\"210\" data-end=\"303\">Dep\u00f3sito de agua de 1,2 litros, extra\u00edble y con sistema autocebante para mayor practicidad.<\/p>\n<\/li>\n<li data-start=\"304\" data-end=\"373\">\n<p data-start=\"306\" data-end=\"373\">Bomba de presi\u00f3n de 15 bares para una extracci\u00f3n \u00f3ptima del caf\u00e9.<\/p>\n<\/li>\n<li data-start=\"374\" data-end=\"458\">\n<p data-start=\"376\" data-end=\"458\">Doble opci\u00f3n de preparaci\u00f3n: compatible con caf\u00e9 molido tradicional y monodosis.<\/p>\n<\/li>\n<li data-start=\"459\" data-end=\"502\">\n<p data-start=\"461\" data-end=\"502\">Interruptor para activar el modo vapor.<\/p>\n<\/li>\n<li data-start=\"503\" data-end=\"562\">\n<p data-start=\"505\" data-end=\"562\">Vaporizador orientable Turbo, ideal para espumar leche.<\/p>\n<\/li>\n<li data-start=\"563\" data-end=\"620\">\n<p data-start=\"565\" data-end=\"620\">Portafiltro met\u00e1lico con filtro para una o dos tazas.<\/p>\n<\/li>\n<li data-start=\"621\" data-end=\"661\">\n<p data-start=\"623\" data-end=\"661\">Control mec\u00e1nico, f\u00e1cil y funcional.<\/p>\n<\/li>\n<li data-start=\"662\" data-end=\"702\">\n<p data-start=\"664\" data-end=\"702\">Incluye cacillo dosificador de caf\u00e9.<\/p>\n<\/li>\n<li data-start=\"703\" data-end=\"775\">\n<p data-start=\"705\" data-end=\"775\">Bandeja recoge-gotas con rejilla extra\u00edble para una limpieza sencilla.<\/p>\n<\/li>\n<\/ul>\n","protected":false},"featured_media":2978,"comment_status":"open","ping_status":"closed","template":"","meta":{"site-sidebar-layout":"default","site-content-layout":"","ast-site-content-layout":"default","site-content-style":"default","site-sidebar-style":"default","ast-global-header-display":"","ast-banner-title-visibility":"","ast-main-header-display":"","ast-hfb-above-header-display":"","ast-hfb-below-header-display":"","ast-hfb-mobile-header-display":"","site-post-title":"","ast-breadcrumbs-content":"","ast-featured-img":"","footer-sml-layout":"","theme-transparent-header-meta":"default","adv-header-id-meta":"","stick-header-meta":"","header-above-stick-meta":"","header-main-stick-meta":"","header-below-stick-meta":"","astra-migrate-meta-layouts":"set","ast-page-background-enabled":"default","ast-page-background-meta":{"desktop":{"background-color":"var(--ast-global-color-4)","background-image":"","background-repeat":"repeat","background-position":"center center","background-size":"auto","background-attachment":"scroll","background-type":"","background-media":"","overlay-type":"","overlay-color":"","overlay-opacity":"","overlay-gradient":""},"tablet":{"background-color":"","background-image":"","background-repeat":"repeat","background-position":"center center","background-size":"auto","background-attachment":"scroll","background-type":"","background-media":"","overlay-type":"","overlay-color":"","overlay-opacity":"","overlay-gradient":""},"mobile":{"background-color":"","background-image":"","background-repeat":"repeat","background-position":"center center","background-size":"auto","background-attachment":"scroll","background-type":"","background-media":"","overlay-type":"","overlay-color":"","overlay-opacity":"","overlay-gradient":""}},"ast-content-background-meta":{"desktop":{"background-color":"var(--ast-global-color-5)","background-image":"","background-repeat":"repeat","background-position":"center center","background-size":"auto","background-attachment":"scroll","background-type":"","background-media":"","overlay-type":"","overlay-color":"","overlay-opacity":"","overlay-gradient":""},"tablet":{"background-color":"var(--ast-global-color-5)","background-image":"","background-repeat":"repeat","background-position":"center center","background-size":"auto","background-attachment":"scroll","background-type":"","background-media":"","overlay-type":"","overlay-color":"","overlay-opacity":"","overlay-gradient":""},"mobile":{"background-color":"var(--ast-global-color-5)","background-image":"","background-repeat":"repeat","background-position":"center center","background-size":"auto","background-attachment":"scroll","background-type":"","background-media":"","overlay-type":"","overlay-color":"","overlay-opacity":"","overlay-gradient":""}}},"product_cat":[23,20],"product_tag":[],"_links":{"self":[{"href":"https:\/\/www.cvsolutions.com.py\/index.php?rest_route=\/wp\/v2\/product\/2972"}],"collection":[{"href":"https:\/\/www.cvsolutions.com.py\/index.php?rest_route=\/wp\/v2\/product"}],"about":[{"href":"https:\/\/www.cvsolutions.com.py\/index.php?rest_route=\/wp\/v2\/types\/product"}],"replies":[{"embeddable":true,"href":"https:\/\/www.cvsolutions.com.py\/index.php?rest_route=%2Fwp%2Fv2%2Fcomments&post=2972"}],"wp:featuredmedia":[{"embeddable":true,"href":"https:\/\/www.cvsolutions.com.py\/index.php?rest_route=\/wp\/v2\/media\/2978"}],"wp:attachment":[{"href":"https:\/\/www.cvsolutions.com.py\/index.php?rest_route=%2Fwp%2Fv2%2Fmedia&parent=2972"}],"wp:term":[{"taxonomy":"product_cat","embeddable":true,"href":"https:\/\/www.cvsolutions.com.py\/index.php?rest_route=%2Fwp%2Fv2%2Fproduct_cat&post=2972"},{"taxonomy":"product_tag","embeddable":true,"href":"https:\/\/www.cvsolutions.com.py\/index.php?rest_route=%2Fwp%2Fv2%2Fproduct_tag&post=2972"}],"curies":[{"name":"wp","href":"https:\/\/api.w.org\/{rel}","templated":true}]}}