{"id":3016,"date":"2025-08-20T15:02:50","date_gmt":"2025-08-20T13:02:50","guid":{"rendered":"https:\/\/www.cvsolutions.com.py\/?post_type=product&#038;p=3016"},"modified":"2026-02-05T06:34:45","modified_gmt":"2026-02-05T05:34:45","slug":"cocina-electrolux-anafe-a-gas-5h-ke5tp-vidrio-negro","status":"publish","type":"product","link":"https:\/\/www.cvsolutions.com.py\/?product=cocina-electrolux-anafe-a-gas-5h-ke5tp-vidrio-negro","title":{"rendered":"Cocina Electrolux Anafe a Gas 5H KE5TP Vidrio Negro"},"content":{"rendered":"<p>El <strong data-start=\"296\" data-end=\"340\">Electrolux Anafe a Gas 5 Hornallas KE5TP<\/strong> combina estilo moderno y alto rendimiento. Su superficie de <strong data-start=\"401\" data-end=\"426\">vidrio templado negro<\/strong> aporta elegancia y facilita la limpieza, mientras que sus <strong data-start=\"485\" data-end=\"507\">hornallas potentes<\/strong> y funcionales mejoran tu experiencia gastron\u00f3mica. Ideal para cocinas contempor\u00e1neas que buscan eficiencia, seguridad y dise\u00f1o.<\/p>\n","protected":false},"excerpt":{"rendered":"<h6 data-start=\"558\" data-end=\"590\">Caracter\u00edsticas principales<\/h6>\n<ul data-start=\"592\" data-end=\"1324\">\n<li data-start=\"592\" data-end=\"707\">\n<p data-start=\"594\" data-end=\"707\"><strong data-start=\"594\" data-end=\"625\">Dise\u00f1o pr\u00e1ctico y elegante:<\/strong> acabado en vidrio templado que brinda un aspecto moderno y es f\u00e1cil de limpiar.<\/p>\n<\/li>\n<li data-start=\"708\" data-end=\"903\">\n<p data-start=\"710\" data-end=\"768\"><strong data-start=\"710\" data-end=\"740\">Cocci\u00f3n r\u00e1pida y uniforme:<\/strong> equipado con 5 hornallas:<\/p>\n<ul data-start=\"771\" data-end=\"903\">\n<li data-start=\"771\" data-end=\"845\">\n<p data-start=\"773\" data-end=\"845\">1 Quemador Triple Llama, ideal para ollas grandes y cocciones r\u00e1pidas.<\/p>\n<\/li>\n<li data-start=\"848\" data-end=\"870\">\n<p data-start=\"850\" data-end=\"870\">1 Quemador r\u00e1pido.<\/p>\n<\/li>\n<li data-start=\"873\" data-end=\"903\">\n<p data-start=\"875\" data-end=\"903\">3 Quemadores semi r\u00e1pidos.<\/p>\n<\/li>\n<\/ul>\n<\/li>\n<li data-start=\"904\" data-end=\"1086\">\n<p data-start=\"906\" data-end=\"1086\"><strong data-start=\"906\" data-end=\"973\">Quemadores de aluminio italiano con rejillas de hierro fundido:<\/strong> garantizan llamas m\u00e1s potentes, uniformes y estables, evitando derrames y maximizando la conducci\u00f3n del calor.<\/p>\n<\/li>\n<li data-start=\"1087\" data-end=\"1196\">\n<p data-start=\"1089\" data-end=\"1196\"><strong data-start=\"1089\" data-end=\"1121\">Flexibilidad de instalaci\u00f3n:<\/strong> dise\u00f1o adaptable y seguro, pensado para optimizar espacios en la cocina.<\/p>\n<\/li>\n<li data-start=\"1197\" data-end=\"1324\">\n<p data-start=\"1199\" data-end=\"1324\"><strong data-start=\"1199\" data-end=\"1233\">Superficie de vidrio templado:<\/strong> evita la adherencia de grasa y manchas, facilitando la limpieza con solo un pa\u00f1o h\u00famedo.<\/p>\n<h5 data-start=\"1331\" data-end=\"1361\">Especificaciones t\u00e9cnicas<\/h5>\n<ul data-start=\"1363\" data-end=\"1659\">\n<li data-start=\"1363\" data-end=\"1395\">\n<p data-start=\"1365\" data-end=\"1395\"><strong data-start=\"1365\" data-end=\"1391\">Cantidad de hornallas:<\/strong> 5<\/p>\n<\/li>\n<li data-start=\"1396\" data-end=\"1464\">\n<p data-start=\"1398\" data-end=\"1464\"><strong data-start=\"1398\" data-end=\"1421\">Tipo de quemadores:<\/strong> 1 Triple Llama, 1 R\u00e1pido, 3 Semi r\u00e1pidos<\/p>\n<\/li>\n<li data-start=\"1465\" data-end=\"1514\">\n<p data-start=\"1467\" data-end=\"1514\"><strong data-start=\"1467\" data-end=\"1494\">Material de quemadores:<\/strong> Aluminio italiano<\/p>\n<\/li>\n<li data-start=\"1515\" data-end=\"1547\">\n<p data-start=\"1517\" data-end=\"1547\"><strong data-start=\"1517\" data-end=\"1530\">Rejillas:<\/strong> Hierro fundido<\/p>\n<\/li>\n<li data-start=\"1548\" data-end=\"1589\">\n<p data-start=\"1550\" data-end=\"1589\"><strong data-start=\"1550\" data-end=\"1565\">Superficie:<\/strong> Vidrio templado negro<\/p>\n<\/li>\n<li data-start=\"1590\" data-end=\"1629\">\n<p data-start=\"1592\" data-end=\"1629\"><strong data-start=\"1592\" data-end=\"1616\">Tipo de instalaci\u00f3n:<\/strong> Empotrable<\/p>\n<\/li>\n<li data-start=\"1630\" data-end=\"1659\">\n<p data-start=\"1632\" data-end=\"1659\"><strong data-start=\"1632\" data-end=\"1646\">Encendido:<\/strong> Autom\u00e1tico<\/p>\n<\/li>\n<\/ul>\n<\/li>\n<\/ul>\n","protected":false},"featured_media":3017,"comment_status":"open","ping_status":"closed","template":"","meta":{"site-sidebar-layout":"default","site-content-layout":"","ast-site-content-layout":"default","site-content-style":"default","site-sidebar-style":"default","ast-global-header-display":"","ast-banner-title-visibility":"","ast-main-header-display":"","ast-hfb-above-header-display":"","ast-hfb-below-header-display":"","ast-hfb-mobile-header-display":"","site-post-title":"","ast-breadcrumbs-content":"","ast-featured-img":"","footer-sml-layout":"","theme-transparent-header-meta":"default","adv-header-id-meta":"","stick-header-meta":"","header-above-stick-meta":"","header-main-stick-meta":"","header-below-stick-meta":"","astra-migrate-meta-layouts":"set","ast-page-background-enabled":"default","ast-page-background-meta":{"desktop":{"background-color":"var(--ast-global-color-4)","background-image":"","background-repeat":"repeat","background-position":"center center","background-size":"auto","background-attachment":"scroll","background-type":"","background-media":"","overlay-type":"","overlay-color":"","overlay-opacity":"","overlay-gradient":""},"tablet":{"background-color":"","background-image":"","background-repeat":"repeat","background-position":"center center","background-size":"auto","background-attachment":"scroll","background-type":"","background-media":"","overlay-type":"","overlay-color":"","overlay-opacity":"","overlay-gradient":""},"mobile":{"background-color":"","background-image":"","background-repeat":"repeat","background-position":"center center","background-size":"auto","background-attachment":"scroll","background-type":"","background-media":"","overlay-type":"","overlay-color":"","overlay-opacity":"","overlay-gradient":""}},"ast-content-background-meta":{"desktop":{"background-color":"var(--ast-global-color-5)","background-image":"","background-repeat":"repeat","background-position":"center center","background-size":"auto","background-attachment":"scroll","background-type":"","background-media":"","overlay-type":"","overlay-color":"","overlay-opacity":"","overlay-gradient":""},"tablet":{"background-color":"var(--ast-global-color-5)","background-image":"","background-repeat":"repeat","background-position":"center center","background-size":"auto","background-attachment":"scroll","background-type":"","background-media":"","overlay-type":"","overlay-color":"","overlay-opacity":"","overlay-gradient":""},"mobile":{"background-color":"var(--ast-global-color-5)","background-image":"","background-repeat":"repeat","background-position":"center center","background-size":"auto","background-attachment":"scroll","background-type":"","background-media":"","overlay-type":"","overlay-color":"","overlay-opacity":"","overlay-gradient":""}}},"product_cat":[24,20],"product_tag":[],"_links":{"self":[{"href":"https:\/\/www.cvsolutions.com.py\/index.php?rest_route=\/wp\/v2\/product\/3016"}],"collection":[{"href":"https:\/\/www.cvsolutions.com.py\/index.php?rest_route=\/wp\/v2\/product"}],"about":[{"href":"https:\/\/www.cvsolutions.com.py\/index.php?rest_route=\/wp\/v2\/types\/product"}],"replies":[{"embeddable":true,"href":"https:\/\/www.cvsolutions.com.py\/index.php?rest_route=%2Fwp%2Fv2%2Fcomments&post=3016"}],"wp:featuredmedia":[{"embeddable":true,"href":"https:\/\/www.cvsolutions.com.py\/index.php?rest_route=\/wp\/v2\/media\/3017"}],"wp:attachment":[{"href":"https:\/\/www.cvsolutions.com.py\/index.php?rest_route=%2Fwp%2Fv2%2Fmedia&parent=3016"}],"wp:term":[{"taxonomy":"product_cat","embeddable":true,"href":"https:\/\/www.cvsolutions.com.py\/index.php?rest_route=%2Fwp%2Fv2%2Fproduct_cat&post=3016"},{"taxonomy":"product_tag","embeddable":true,"href":"https:\/\/www.cvsolutions.com.py\/index.php?rest_route=%2Fwp%2Fv2%2Fproduct_tag&post=3016"}],"curies":[{"name":"wp","href":"https:\/\/api.w.org\/{rel}","templated":true}]}}