{"id":3220,"date":"2025-09-25T18:03:55","date_gmt":"2025-09-25T16:03:55","guid":{"rendered":"https:\/\/www.cvsolutions.com.py\/?post_type=product&#038;p=3220"},"modified":"2025-09-25T18:03:56","modified_gmt":"2025-09-25T16:03:56","slug":"sommier-matrimonial-suenolar-new-leganta-suave-160x200-cm-confort-y-tecnologia-de-vanguardia","status":"publish","type":"product","link":"https:\/\/www.cvsolutions.com.py\/?product=sommier-matrimonial-suenolar-new-leganta-suave-160x200-cm-confort-y-tecnologia-de-vanguardia","title":{"rendered":"Sommier Matrimonial Sue\u00f1olar New Leganta Suave 160&#215;200 cm \u2013 Confort y Tecnolog\u00eda de Vanguardia"},"content":{"rendered":"<p data-start=\"375\" data-end=\"805\">El <strong data-start=\"378\" data-end=\"416\">Sommier Sue\u00f1olar New Leganta Suave<\/strong> de <strong data-start=\"420\" data-end=\"434\">160&#215;200 cm<\/strong> es la elecci\u00f3n ideal para quienes buscan <strong data-start=\"476\" data-end=\"525\">sofisticaci\u00f3n, innovaci\u00f3n y un descanso pleno<\/strong>.<br data-start=\"526\" data-end=\"529\" \/>Dise\u00f1ado para ofrecer <strong data-start=\"551\" data-end=\"589\">m\u00e1ximo confort y alivio del estr\u00e9s<\/strong>, combina materiales de alta calidad con tecnolog\u00edas exclusivas como <strong data-start=\"658\" data-end=\"671\">Magnerest<\/strong>, que ayuda a reducir la tensi\u00f3n a trav\u00e9s de su acci\u00f3n magn\u00e9tica, y <strong data-start=\"739\" data-end=\"748\">Aegis<\/strong>, que proporciona un entorno m\u00e1s higi\u00e9nico y saludable.<\/p>\n<p data-start=\"807\" data-end=\"1064\">Su sistema de <strong data-start=\"821\" data-end=\"840\">resortes Pocket<\/strong> garantiza independencia de movimiento, evitando interrupciones durante la noche, mientras que la <strong data-start=\"938\" data-end=\"979\">espuma viscoel\u00e1stica de alta densidad<\/strong> se adapta perfectamente a cada cuerpo, brindando una sensaci\u00f3n envolvente y suave.<\/p>\n","protected":false},"excerpt":{"rendered":"<h5 data-start=\"1071\" data-end=\"1106\">Caracter\u00edsticas principales<\/h5>\n<ul data-start=\"1107\" data-end=\"1902\">\n<li data-start=\"1107\" data-end=\"1130\">\n<p data-start=\"1109\" data-end=\"1130\"><strong data-start=\"1109\" data-end=\"1119\">Marca:<\/strong> Sue\u00f1olar<\/p>\n<\/li>\n<li data-start=\"1131\" data-end=\"1164\">\n<p data-start=\"1133\" data-end=\"1164\"><strong data-start=\"1133\" data-end=\"1144\">Modelo:<\/strong> New Leganta Suave<\/p>\n<\/li>\n<li data-start=\"1165\" data-end=\"1216\">\n<p data-start=\"1167\" data-end=\"1216\"><strong data-start=\"1167\" data-end=\"1178\">Tama\u00f1o:<\/strong> 160&#215;200 cm (matrimonial\/queen size)<\/p>\n<\/li>\n<li data-start=\"1217\" data-end=\"1293\">\n<p data-start=\"1219\" data-end=\"1293\"><strong data-start=\"1219\" data-end=\"1240\">Nivel de firmeza:<\/strong> Suave, ideal para quienes buscan sensaci\u00f3n mullida<\/p>\n<\/li>\n<li data-start=\"1294\" data-end=\"1370\">\n<p data-start=\"1296\" data-end=\"1370\"><strong data-start=\"1296\" data-end=\"1319\">Sistema de soporte:<\/strong> Resortes Pocket para independencia de movimiento<\/p>\n<\/li>\n<li data-start=\"1371\" data-end=\"1736\">\n<p data-start=\"1373\" data-end=\"1402\"><strong data-start=\"1373\" data-end=\"1400\">Tecnolog\u00edas integradas:<\/strong><\/p>\n<ul data-start=\"1405\" data-end=\"1736\">\n<li data-start=\"1405\" data-end=\"1471\">\n<p data-start=\"1407\" data-end=\"1471\"><strong data-start=\"1407\" data-end=\"1422\">Magnerest\u00ae:<\/strong> acci\u00f3n magn\u00e9tica que ayuda a reducir el estr\u00e9s<\/p>\n<\/li>\n<li data-start=\"1474\" data-end=\"1549\">\n<p data-start=\"1476\" data-end=\"1549\"><strong data-start=\"1476\" data-end=\"1487\">Aegis\u00ae:<\/strong> tratamiento higi\u00e9nico que protege contra bacterias y \u00e1caros<\/p>\n<\/li>\n<li data-start=\"1552\" data-end=\"1642\">\n<p data-start=\"1554\" data-end=\"1642\"><strong data-start=\"1554\" data-end=\"1579\">Espuma viscoel\u00e1stica:<\/strong> se adapta a la forma del cuerpo, brindando suavidad superior<\/p>\n<\/li>\n<li data-start=\"1645\" data-end=\"1736\">\n<p data-start=\"1647\" data-end=\"1736\"><strong data-start=\"1647\" data-end=\"1671\">Placa lumbar en MDF:<\/strong> soporte adicional para corregir la postura y cuidar la columna<\/p>\n<\/li>\n<\/ul>\n<\/li>\n<li data-start=\"1737\" data-end=\"1798\">\n<p data-start=\"1739\" data-end=\"1798\"><strong data-start=\"1739\" data-end=\"1759\">Tejido de punto:<\/strong> flexible, transpirable y confortable<\/p>\n<\/li>\n<li data-start=\"1799\" data-end=\"1836\">\n<p data-start=\"1801\" data-end=\"1836\"><strong data-start=\"1801\" data-end=\"1821\">Soporte de peso:<\/strong> hasta 150 kg<\/p>\n<\/li>\n<li data-start=\"1837\" data-end=\"1902\">\n<p data-start=\"1839\" data-end=\"1902\"><strong data-start=\"1839\" data-end=\"1850\">Dise\u00f1o:<\/strong> elegante, moderno y sofisticado, en tonos neutros<\/p>\n<\/li>\n<\/ul>\n","protected":false},"featured_media":3222,"comment_status":"open","ping_status":"closed","template":"","meta":{"site-sidebar-layout":"default","site-content-layout":"","ast-site-content-layout":"default","site-content-style":"default","site-sidebar-style":"default","ast-global-header-display":"","ast-banner-title-visibility":"","ast-main-header-display":"","ast-hfb-above-header-display":"","ast-hfb-below-header-display":"","ast-hfb-mobile-header-display":"","site-post-title":"","ast-breadcrumbs-content":"","ast-featured-img":"","footer-sml-layout":"","theme-transparent-header-meta":"default","adv-header-id-meta":"","stick-header-meta":"","header-above-stick-meta":"","header-main-stick-meta":"","header-below-stick-meta":"","astra-migrate-meta-layouts":"set","ast-page-background-enabled":"default","ast-page-background-meta":{"desktop":{"background-color":"var(--ast-global-color-4)","background-image":"","background-repeat":"repeat","background-position":"center center","background-size":"auto","background-attachment":"scroll","background-type":"","background-media":"","overlay-type":"","overlay-color":"","overlay-opacity":"","overlay-gradient":""},"tablet":{"background-color":"","background-image":"","background-repeat":"repeat","background-position":"center center","background-size":"auto","background-attachment":"scroll","background-type":"","background-media":"","overlay-type":"","overlay-color":"","overlay-opacity":"","overlay-gradient":""},"mobile":{"background-color":"","background-image":"","background-repeat":"repeat","background-position":"center center","background-size":"auto","background-attachment":"scroll","background-type":"","background-media":"","overlay-type":"","overlay-color":"","overlay-opacity":"","overlay-gradient":""}},"ast-content-background-meta":{"desktop":{"background-color":"var(--ast-global-color-5)","background-image":"","background-repeat":"repeat","background-position":"center center","background-size":"auto","background-attachment":"scroll","background-type":"","background-media":"","overlay-type":"","overlay-color":"","overlay-opacity":"","overlay-gradient":""},"tablet":{"background-color":"var(--ast-global-color-5)","background-image":"","background-repeat":"repeat","background-position":"center center","background-size":"auto","background-attachment":"scroll","background-type":"","background-media":"","overlay-type":"","overlay-color":"","overlay-opacity":"","overlay-gradient":""},"mobile":{"background-color":"var(--ast-global-color-5)","background-image":"","background-repeat":"repeat","background-position":"center center","background-size":"auto","background-attachment":"scroll","background-type":"","background-media":"","overlay-type":"","overlay-color":"","overlay-opacity":"","overlay-gradient":""}}},"product_cat":[96,76],"product_tag":[],"_links":{"self":[{"href":"https:\/\/www.cvsolutions.com.py\/index.php?rest_route=\/wp\/v2\/product\/3220"}],"collection":[{"href":"https:\/\/www.cvsolutions.com.py\/index.php?rest_route=\/wp\/v2\/product"}],"about":[{"href":"https:\/\/www.cvsolutions.com.py\/index.php?rest_route=\/wp\/v2\/types\/product"}],"replies":[{"embeddable":true,"href":"https:\/\/www.cvsolutions.com.py\/index.php?rest_route=%2Fwp%2Fv2%2Fcomments&post=3220"}],"wp:featuredmedia":[{"embeddable":true,"href":"https:\/\/www.cvsolutions.com.py\/index.php?rest_route=\/wp\/v2\/media\/3222"}],"wp:attachment":[{"href":"https:\/\/www.cvsolutions.com.py\/index.php?rest_route=%2Fwp%2Fv2%2Fmedia&parent=3220"}],"wp:term":[{"taxonomy":"product_cat","embeddable":true,"href":"https:\/\/www.cvsolutions.com.py\/index.php?rest_route=%2Fwp%2Fv2%2Fproduct_cat&post=3220"},{"taxonomy":"product_tag","embeddable":true,"href":"https:\/\/www.cvsolutions.com.py\/index.php?rest_route=%2Fwp%2Fv2%2Fproduct_tag&post=3220"}],"curies":[{"name":"wp","href":"https:\/\/api.w.org\/{rel}","templated":true}]}}