{"id":3265,"date":"2025-09-25T19:19:57","date_gmt":"2025-09-25T17:19:57","guid":{"rendered":"https:\/\/www.cvsolutions.com.py\/?post_type=product&#038;p=3265"},"modified":"2025-09-25T19:19:57","modified_gmt":"2025-09-25T17:19:57","slug":"living-esquinero-alvar-marron-mystic-tecnologia-aquaclean","status":"publish","type":"product","link":"https:\/\/www.cvsolutions.com.py\/?product=living-esquinero-alvar-marron-mystic-tecnologia-aquaclean","title":{"rendered":"Living Esquinero Alvar Marr\u00f3n Mystic \u2013 Tecnolog\u00eda Aquaclean"},"content":{"rendered":"<p data-start=\"173\" data-end=\"456\">El <strong data-start=\"176\" data-end=\"206\">Living Alvar Marr\u00f3n Mystic<\/strong> combina elegancia, confort y funcionalidad en un dise\u00f1o moderno de forma en L. Perfecto para salas de estar que buscan un estilo distinguido, su tonalidad marr\u00f3n m\u00edstica se adapta f\u00e1cilmente a cualquier ambiente, aportando calidez y sofisticaci\u00f3n.<\/p>\n<p data-start=\"458\" data-end=\"722\">Gracias a la <strong data-start=\"471\" data-end=\"495\">tecnolog\u00eda Aquaclean<\/strong>, cada fibra est\u00e1 recubierta por una capa molecular invisible que evita la absorci\u00f3n de la suciedad. Esto permite limpiar manchas con solo aplicar agua y pasar un pa\u00f1o, garantizando practicidad y durabilidad en el uso diario.<\/p>\n<p data-start=\"724\" data-end=\"936\">Fabricado con <strong data-start=\"738\" data-end=\"778\">madera reforestada 100% de eucalipto<\/strong> y <strong data-start=\"781\" data-end=\"809\">espumas de alta densidad<\/strong>, ofrece firmeza, comodidad y resistencia a largo plazo. Su dise\u00f1o modular est\u00e1 compuesto por dos piezas que se complementan:<\/p>\n<ul data-start=\"938\" data-end=\"1085\">\n<li data-start=\"938\" data-end=\"1011\">\n<p data-start=\"940\" data-end=\"1011\"><strong data-start=\"940\" data-end=\"962\">Pieza de 2 cuerpos<\/strong>: 112 cm (largo) x 70 cm (alto) x 84 cm (ancho)<\/p>\n<\/li>\n<li data-start=\"1012\" data-end=\"1085\">\n<p data-start=\"1014\" data-end=\"1085\"><strong data-start=\"1014\" data-end=\"1036\">Pieza de 3 cuerpos<\/strong>: 223 cm (largo) x 70 cm (alto) x 84 cm (ancho)<\/p>\n<\/li>\n<\/ul>\n","protected":false},"excerpt":{"rendered":"<h5 data-start=\"1087\" data-end=\"1121\">Caracter\u00edsticas principales:<\/h5>\n<ul data-start=\"1122\" data-end=\"1436\">\n<li data-start=\"1122\" data-end=\"1160\">\n<p data-start=\"1124\" data-end=\"1160\">Dise\u00f1o en L, elegante y funcional.<\/p>\n<\/li>\n<li data-start=\"1161\" data-end=\"1233\">\n<p data-start=\"1163\" data-end=\"1233\">Tapizado con <strong data-start=\"1176\" data-end=\"1200\">tecnolog\u00eda Aquaclean<\/strong>: limpieza f\u00e1cil solo con agua.<\/p>\n<\/li>\n<li data-start=\"1234\" data-end=\"1287\">\n<p data-start=\"1236\" data-end=\"1287\">Color <strong data-start=\"1242\" data-end=\"1259\">Marr\u00f3n Mystic<\/strong>, adaptable y sofisticado.<\/p>\n<\/li>\n<li data-start=\"1288\" data-end=\"1342\">\n<p data-start=\"1290\" data-end=\"1342\">Estructura en <strong data-start=\"1304\" data-end=\"1339\">madera reforestada de eucalipto<\/strong>.<\/p>\n<\/li>\n<li data-start=\"1343\" data-end=\"1392\">\n<p data-start=\"1345\" data-end=\"1392\">Espumas de alta densidad para m\u00e1ximo confort.<\/p>\n<\/li>\n<li data-start=\"1393\" data-end=\"1436\">\n<p data-start=\"1395\" data-end=\"1436\">Ideal para salas modernas y familiares.<\/p>\n<\/li>\n<\/ul>\n","protected":false},"featured_media":3266,"comment_status":"open","ping_status":"closed","template":"","meta":{"site-sidebar-layout":"default","site-content-layout":"","ast-site-content-layout":"default","site-content-style":"default","site-sidebar-style":"default","ast-global-header-display":"","ast-banner-title-visibility":"","ast-main-header-display":"","ast-hfb-above-header-display":"","ast-hfb-below-header-display":"","ast-hfb-mobile-header-display":"","site-post-title":"","ast-breadcrumbs-content":"","ast-featured-img":"","footer-sml-layout":"","theme-transparent-header-meta":"default","adv-header-id-meta":"","stick-header-meta":"","header-above-stick-meta":"","header-main-stick-meta":"","header-below-stick-meta":"","astra-migrate-meta-layouts":"set","ast-page-background-enabled":"default","ast-page-background-meta":{"desktop":{"background-color":"var(--ast-global-color-4)","background-image":"","background-repeat":"repeat","background-position":"center center","background-size":"auto","background-attachment":"scroll","background-type":"","background-media":"","overlay-type":"","overlay-color":"","overlay-opacity":"","overlay-gradient":""},"tablet":{"background-color":"","background-image":"","background-repeat":"repeat","background-position":"center center","background-size":"auto","background-attachment":"scroll","background-type":"","background-media":"","overlay-type":"","overlay-color":"","overlay-opacity":"","overlay-gradient":""},"mobile":{"background-color":"","background-image":"","background-repeat":"repeat","background-position":"center center","background-size":"auto","background-attachment":"scroll","background-type":"","background-media":"","overlay-type":"","overlay-color":"","overlay-opacity":"","overlay-gradient":""}},"ast-content-background-meta":{"desktop":{"background-color":"var(--ast-global-color-5)","background-image":"","background-repeat":"repeat","background-position":"center center","background-size":"auto","background-attachment":"scroll","background-type":"","background-media":"","overlay-type":"","overlay-color":"","overlay-opacity":"","overlay-gradient":""},"tablet":{"background-color":"var(--ast-global-color-5)","background-image":"","background-repeat":"repeat","background-position":"center center","background-size":"auto","background-attachment":"scroll","background-type":"","background-media":"","overlay-type":"","overlay-color":"","overlay-opacity":"","overlay-gradient":""},"mobile":{"background-color":"var(--ast-global-color-5)","background-image":"","background-repeat":"repeat","background-position":"center center","background-size":"auto","background-attachment":"scroll","background-type":"","background-media":"","overlay-type":"","overlay-color":"","overlay-opacity":"","overlay-gradient":""}}},"product_cat":[76,89],"product_tag":[],"_links":{"self":[{"href":"https:\/\/www.cvsolutions.com.py\/index.php?rest_route=\/wp\/v2\/product\/3265"}],"collection":[{"href":"https:\/\/www.cvsolutions.com.py\/index.php?rest_route=\/wp\/v2\/product"}],"about":[{"href":"https:\/\/www.cvsolutions.com.py\/index.php?rest_route=\/wp\/v2\/types\/product"}],"replies":[{"embeddable":true,"href":"https:\/\/www.cvsolutions.com.py\/index.php?rest_route=%2Fwp%2Fv2%2Fcomments&post=3265"}],"wp:featuredmedia":[{"embeddable":true,"href":"https:\/\/www.cvsolutions.com.py\/index.php?rest_route=\/wp\/v2\/media\/3266"}],"wp:attachment":[{"href":"https:\/\/www.cvsolutions.com.py\/index.php?rest_route=%2Fwp%2Fv2%2Fmedia&parent=3265"}],"wp:term":[{"taxonomy":"product_cat","embeddable":true,"href":"https:\/\/www.cvsolutions.com.py\/index.php?rest_route=%2Fwp%2Fv2%2Fproduct_cat&post=3265"},{"taxonomy":"product_tag","embeddable":true,"href":"https:\/\/www.cvsolutions.com.py\/index.php?rest_route=%2Fwp%2Fv2%2Fproduct_tag&post=3265"}],"curies":[{"name":"wp","href":"https:\/\/api.w.org\/{rel}","templated":true}]}}