{"id":3353,"date":"2025-10-01T15:24:26","date_gmt":"2025-10-01T13:24:26","guid":{"rendered":"https:\/\/www.cvsolutions.com.py\/?post_type=product&#038;p=3353"},"modified":"2025-10-01T15:24:27","modified_gmt":"2025-10-01T13:24:27","slug":"congelador-p-helados-tokyo-tconh350r-263l-vidrio-curvo-deslizante","status":"publish","type":"product","link":"https:\/\/www.cvsolutions.com.py\/?product=congelador-p-helados-tokyo-tconh350r-263l-vidrio-curvo-deslizante","title":{"rendered":"Congelador p\/Helados Tokyo TCONH350R \u2013 263L Vidrio Curvo Deslizante"},"content":{"rendered":"<p>El <strong data-start=\"204\" data-end=\"234\">Congelador Tokyo TCONH350R<\/strong> es la soluci\u00f3n ideal para tu negocio de helados, minimarket o restaurante. Con un dise\u00f1o moderno y pr\u00e1ctico, combina <strong data-start=\"352\" data-end=\"404\">funcionalidad, capacidad y eficiencia energ\u00e9tica<\/strong>, garantizando la mejor conservaci\u00f3n de tus productos.<\/p>\n","protected":false},"excerpt":{"rendered":"<h5 data-start=\"429\" data-end=\"461\">Caracter\u00edsticas principales:<\/h5>\n<ul data-start=\"462\" data-end=\"892\">\n<li data-start=\"462\" data-end=\"516\">\n<p data-start=\"464\" data-end=\"516\">Funci\u00f3n dual: refrigerador (heladera) y congelador<\/p>\n<\/li>\n<li data-start=\"517\" data-end=\"549\">\n<p data-start=\"519\" data-end=\"549\">Capacidad neta de 263 litros<\/p>\n<\/li>\n<li data-start=\"550\" data-end=\"590\">\n<p data-start=\"552\" data-end=\"590\">Dos tapas corredizas de vidrio curvo<\/p>\n<\/li>\n<li data-start=\"591\" data-end=\"620\">\n<p data-start=\"593\" data-end=\"620\">Fr\u00edo h\u00famedo tropicalizado<\/p>\n<\/li>\n<li data-start=\"621\" data-end=\"679\">\n<p data-start=\"623\" data-end=\"679\">Siete niveles de temperatura con perilla de regulaci\u00f3n<\/p>\n<\/li>\n<li data-start=\"680\" data-end=\"714\">\n<p data-start=\"682\" data-end=\"714\">Llave y cerradura de seguridad<\/p>\n<\/li>\n<li data-start=\"715\" data-end=\"778\">\n<p data-start=\"717\" data-end=\"778\">Interior recubierto en epoxi, resistente y f\u00e1cil de limpiar<\/p>\n<\/li>\n<li data-start=\"779\" data-end=\"815\">\n<p data-start=\"781\" data-end=\"815\">Gas refrigerante ecol\u00f3gico R134a<\/p>\n<\/li>\n<li data-start=\"816\" data-end=\"849\">\n<p data-start=\"818\" data-end=\"849\">Canasta organizadora incluida<\/p>\n<\/li>\n<li data-start=\"850\" data-end=\"892\">\n<p data-start=\"852\" data-end=\"892\">Ruedas para un desplazamiento pr\u00e1ctico<\/p>\n<h5 data-start=\"899\" data-end=\"924\"><\/h5>\n<h5 data-start=\"899\" data-end=\"924\">Medidas del producto<\/h5>\n<ul data-start=\"925\" data-end=\"981\">\n<li data-start=\"925\" data-end=\"942\">\n<p data-start=\"927\" data-end=\"942\">Ancho: 103 cm<\/p>\n<\/li>\n<li data-start=\"943\" data-end=\"958\">\n<p data-start=\"945\" data-end=\"958\">Alto: 90 cm<\/p>\n<\/li>\n<li data-start=\"959\" data-end=\"981\">\n<p data-start=\"961\" data-end=\"981\">Profundidad: 65 cm<\/p>\n<\/li>\n<\/ul>\n<\/li>\n<\/ul>\n","protected":false},"featured_media":3358,"comment_status":"open","ping_status":"closed","template":"","meta":{"site-sidebar-layout":"default","site-content-layout":"","ast-site-content-layout":"default","site-content-style":"default","site-sidebar-style":"default","ast-global-header-display":"","ast-banner-title-visibility":"","ast-main-header-display":"","ast-hfb-above-header-display":"","ast-hfb-below-header-display":"","ast-hfb-mobile-header-display":"","site-post-title":"","ast-breadcrumbs-content":"","ast-featured-img":"","footer-sml-layout":"","theme-transparent-header-meta":"default","adv-header-id-meta":"","stick-header-meta":"","header-above-stick-meta":"","header-main-stick-meta":"","header-below-stick-meta":"","astra-migrate-meta-layouts":"set","ast-page-background-enabled":"default","ast-page-background-meta":{"desktop":{"background-color":"var(--ast-global-color-4)","background-image":"","background-repeat":"repeat","background-position":"center center","background-size":"auto","background-attachment":"scroll","background-type":"","background-media":"","overlay-type":"","overlay-color":"","overlay-opacity":"","overlay-gradient":""},"tablet":{"background-color":"","background-image":"","background-repeat":"repeat","background-position":"center center","background-size":"auto","background-attachment":"scroll","background-type":"","background-media":"","overlay-type":"","overlay-color":"","overlay-opacity":"","overlay-gradient":""},"mobile":{"background-color":"","background-image":"","background-repeat":"repeat","background-position":"center center","background-size":"auto","background-attachment":"scroll","background-type":"","background-media":"","overlay-type":"","overlay-color":"","overlay-opacity":"","overlay-gradient":""}},"ast-content-background-meta":{"desktop":{"background-color":"var(--ast-global-color-5)","background-image":"","background-repeat":"repeat","background-position":"center center","background-size":"auto","background-attachment":"scroll","background-type":"","background-media":"","overlay-type":"","overlay-color":"","overlay-opacity":"","overlay-gradient":""},"tablet":{"background-color":"var(--ast-global-color-5)","background-image":"","background-repeat":"repeat","background-position":"center center","background-size":"auto","background-attachment":"scroll","background-type":"","background-media":"","overlay-type":"","overlay-color":"","overlay-opacity":"","overlay-gradient":""},"mobile":{"background-color":"var(--ast-global-color-5)","background-image":"","background-repeat":"repeat","background-position":"center center","background-size":"auto","background-attachment":"scroll","background-type":"","background-media":"","overlay-type":"","overlay-color":"","overlay-opacity":"","overlay-gradient":""}}},"product_cat":[20,26],"product_tag":[],"_links":{"self":[{"href":"https:\/\/www.cvsolutions.com.py\/index.php?rest_route=\/wp\/v2\/product\/3353"}],"collection":[{"href":"https:\/\/www.cvsolutions.com.py\/index.php?rest_route=\/wp\/v2\/product"}],"about":[{"href":"https:\/\/www.cvsolutions.com.py\/index.php?rest_route=\/wp\/v2\/types\/product"}],"replies":[{"embeddable":true,"href":"https:\/\/www.cvsolutions.com.py\/index.php?rest_route=%2Fwp%2Fv2%2Fcomments&post=3353"}],"wp:featuredmedia":[{"embeddable":true,"href":"https:\/\/www.cvsolutions.com.py\/index.php?rest_route=\/wp\/v2\/media\/3358"}],"wp:attachment":[{"href":"https:\/\/www.cvsolutions.com.py\/index.php?rest_route=%2Fwp%2Fv2%2Fmedia&parent=3353"}],"wp:term":[{"taxonomy":"product_cat","embeddable":true,"href":"https:\/\/www.cvsolutions.com.py\/index.php?rest_route=%2Fwp%2Fv2%2Fproduct_cat&post=3353"},{"taxonomy":"product_tag","embeddable":true,"href":"https:\/\/www.cvsolutions.com.py\/index.php?rest_route=%2Fwp%2Fv2%2Fproduct_tag&post=3353"}],"curies":[{"name":"wp","href":"https:\/\/api.w.org\/{rel}","templated":true}]}}