{"id":3366,"date":"2025-10-01T16:08:33","date_gmt":"2025-10-01T14:08:33","guid":{"rendered":"https:\/\/www.cvsolutions.com.py\/?post_type=product&#038;p=3366"},"modified":"2025-10-01T16:08:33","modified_gmt":"2025-10-01T14:08:33","slug":"congelador-p-helados-tokyo-tconh220r-132l-vidrio-curvo-deslizante","status":"publish","type":"product","link":"https:\/\/www.cvsolutions.com.py\/?product=congelador-p-helados-tokyo-tconh220r-132l-vidrio-curvo-deslizante","title":{"rendered":"Congelador p\/ Helados Tokyo TCONH220R \u2013 132L Vidrio Curvo Deslizante"},"content":{"rendered":"<p>El Congelador Tokyo TCONH220R es la elecci\u00f3n ideal para negocios que buscan un equipo compacto, eficiente y confiable. Su dise\u00f1o con tapa de vidrio curvo deslizable ofrece practicidad y visibilidad, mientras que su capacidad de 132 litros asegura una excelente conservaci\u00f3n de productos.<\/p>\n","protected":false},"excerpt":{"rendered":"<h5 data-start=\"469\" data-end=\"501\">Caracter\u00edsticas principales:<\/h5>\n<ul data-start=\"502\" data-end=\"965\">\n<li data-start=\"502\" data-end=\"556\">\n<p data-start=\"504\" data-end=\"556\">Funci\u00f3n dual: refrigerador (heladera) y congelador<\/p>\n<\/li>\n<li data-start=\"557\" data-end=\"589\">\n<p data-start=\"559\" data-end=\"589\">Capacidad neta de 132 litros<\/p>\n<\/li>\n<li data-start=\"590\" data-end=\"630\">\n<p data-start=\"592\" data-end=\"630\">Dos tapas corredizas de vidrio curvo<\/p>\n<\/li>\n<li data-start=\"631\" data-end=\"687\">\n<p data-start=\"633\" data-end=\"687\">Fr\u00edo h\u00famedo tropicalizado, ideal para climas c\u00e1lidos<\/p>\n<\/li>\n<li data-start=\"688\" data-end=\"746\">\n<p data-start=\"690\" data-end=\"746\">Siete niveles de temperatura con perilla de regulaci\u00f3n<\/p>\n<\/li>\n<li data-start=\"747\" data-end=\"793\">\n<p data-start=\"749\" data-end=\"793\">Sistema de seguridad con llave y cerradura<\/p>\n<\/li>\n<li data-start=\"794\" data-end=\"857\">\n<p data-start=\"796\" data-end=\"857\">Interior recubierto en epoxi, resistente y f\u00e1cil de limpiar<\/p>\n<\/li>\n<li data-start=\"858\" data-end=\"894\">\n<p data-start=\"860\" data-end=\"894\">Gas refrigerante ecol\u00f3gico R134a<\/p>\n<\/li>\n<li data-start=\"895\" data-end=\"928\">\n<p data-start=\"897\" data-end=\"928\">Canasta organizadora incluida<\/p>\n<\/li>\n<li data-start=\"929\" data-end=\"965\">\n<p data-start=\"931\" data-end=\"965\">Ruedas para f\u00e1cil desplazamiento<\/p>\n<h5 data-start=\"972\" data-end=\"997\"><\/h5>\n<h5 data-start=\"972\" data-end=\"997\">Medidas del producto<\/h5>\n<ul data-start=\"998\" data-end=\"1053\">\n<li data-start=\"998\" data-end=\"1014\">\n<p data-start=\"1000\" data-end=\"1014\">Ancho: 61 cm<\/p>\n<\/li>\n<li data-start=\"1015\" data-end=\"1030\">\n<p data-start=\"1017\" data-end=\"1030\">Alto: 90 cm<\/p>\n<\/li>\n<li data-start=\"1031\" data-end=\"1053\">\n<p data-start=\"1033\" data-end=\"1053\">Profundidad: 65 cm<\/p>\n<\/li>\n<\/ul>\n<\/li>\n<\/ul>\n","protected":false},"featured_media":3372,"comment_status":"open","ping_status":"closed","template":"","meta":{"site-sidebar-layout":"default","site-content-layout":"","ast-site-content-layout":"default","site-content-style":"default","site-sidebar-style":"default","ast-global-header-display":"","ast-banner-title-visibility":"","ast-main-header-display":"","ast-hfb-above-header-display":"","ast-hfb-below-header-display":"","ast-hfb-mobile-header-display":"","site-post-title":"","ast-breadcrumbs-content":"","ast-featured-img":"","footer-sml-layout":"","theme-transparent-header-meta":"default","adv-header-id-meta":"","stick-header-meta":"","header-above-stick-meta":"","header-main-stick-meta":"","header-below-stick-meta":"","astra-migrate-meta-layouts":"set","ast-page-background-enabled":"default","ast-page-background-meta":{"desktop":{"background-color":"var(--ast-global-color-4)","background-image":"","background-repeat":"repeat","background-position":"center center","background-size":"auto","background-attachment":"scroll","background-type":"","background-media":"","overlay-type":"","overlay-color":"","overlay-opacity":"","overlay-gradient":""},"tablet":{"background-color":"","background-image":"","background-repeat":"repeat","background-position":"center center","background-size":"auto","background-attachment":"scroll","background-type":"","background-media":"","overlay-type":"","overlay-color":"","overlay-opacity":"","overlay-gradient":""},"mobile":{"background-color":"","background-image":"","background-repeat":"repeat","background-position":"center center","background-size":"auto","background-attachment":"scroll","background-type":"","background-media":"","overlay-type":"","overlay-color":"","overlay-opacity":"","overlay-gradient":""}},"ast-content-background-meta":{"desktop":{"background-color":"var(--ast-global-color-5)","background-image":"","background-repeat":"repeat","background-position":"center center","background-size":"auto","background-attachment":"scroll","background-type":"","background-media":"","overlay-type":"","overlay-color":"","overlay-opacity":"","overlay-gradient":""},"tablet":{"background-color":"var(--ast-global-color-5)","background-image":"","background-repeat":"repeat","background-position":"center center","background-size":"auto","background-attachment":"scroll","background-type":"","background-media":"","overlay-type":"","overlay-color":"","overlay-opacity":"","overlay-gradient":""},"mobile":{"background-color":"var(--ast-global-color-5)","background-image":"","background-repeat":"repeat","background-position":"center center","background-size":"auto","background-attachment":"scroll","background-type":"","background-media":"","overlay-type":"","overlay-color":"","overlay-opacity":"","overlay-gradient":""}}},"product_cat":[20,26],"product_tag":[],"_links":{"self":[{"href":"https:\/\/www.cvsolutions.com.py\/index.php?rest_route=\/wp\/v2\/product\/3366"}],"collection":[{"href":"https:\/\/www.cvsolutions.com.py\/index.php?rest_route=\/wp\/v2\/product"}],"about":[{"href":"https:\/\/www.cvsolutions.com.py\/index.php?rest_route=\/wp\/v2\/types\/product"}],"replies":[{"embeddable":true,"href":"https:\/\/www.cvsolutions.com.py\/index.php?rest_route=%2Fwp%2Fv2%2Fcomments&post=3366"}],"wp:featuredmedia":[{"embeddable":true,"href":"https:\/\/www.cvsolutions.com.py\/index.php?rest_route=\/wp\/v2\/media\/3372"}],"wp:attachment":[{"href":"https:\/\/www.cvsolutions.com.py\/index.php?rest_route=%2Fwp%2Fv2%2Fmedia&parent=3366"}],"wp:term":[{"taxonomy":"product_cat","embeddable":true,"href":"https:\/\/www.cvsolutions.com.py\/index.php?rest_route=%2Fwp%2Fv2%2Fproduct_cat&post=3366"},{"taxonomy":"product_tag","embeddable":true,"href":"https:\/\/www.cvsolutions.com.py\/index.php?rest_route=%2Fwp%2Fv2%2Fproduct_tag&post=3366"}],"curies":[{"name":"wp","href":"https:\/\/api.w.org\/{rel}","templated":true}]}}