{"id":3374,"date":"2025-10-07T20:14:25","date_gmt":"2025-10-07T18:14:25","guid":{"rendered":"https:\/\/www.cvsolutions.com.py\/?post_type=product&#038;p=3374"},"modified":"2025-12-27T21:41:51","modified_gmt":"2025-12-27T20:41:51","slug":"acondicionador-de-aire-goodweather-12-000-btu-eco-gw-12fo","status":"publish","type":"product","link":"https:\/\/www.cvsolutions.com.py\/?product=acondicionador-de-aire-goodweather-12-000-btu-eco-gw-12fo","title":{"rendered":"Acondicionador de Aire Goodweather 12.000 BTU Eco GW-12FO"},"content":{"rendered":"<p>El <strong data-start=\"349\" data-end=\"395\">Acondicionador de Aire Goodweather GW-12FO<\/strong> ofrece eficiencia, confort y tecnolog\u00eda ecol\u00f3gica en un solo equipo. Dise\u00f1ado para brindar <strong data-start=\"487\" data-end=\"537\">m\u00e1ximo rendimiento con bajo consumo energ\u00e9tico<\/strong>, este modelo es ideal para espacios residenciales o comerciales que buscan un ambiente agradable durante todo el a\u00f1o.<\/p>\n","protected":false},"excerpt":{"rendered":"<h5 data-start=\"657\" data-end=\"693\"><strong data-start=\"662\" data-end=\"693\">Caracter\u00edsticas principales:<\/strong><\/h5>\n<ul data-start=\"694\" data-end=\"1108\">\n<li data-start=\"694\" data-end=\"723\">\n<p data-start=\"696\" data-end=\"723\"><strong data-start=\"696\" data-end=\"710\">Capacidad:<\/strong> 12.000 BTU<\/p>\n<\/li>\n<li data-start=\"724\" data-end=\"753\">\n<p data-start=\"726\" data-end=\"753\"><strong data-start=\"726\" data-end=\"738\">Funci\u00f3n:<\/strong> Fr\u00edo \/ Calor<\/p>\n<\/li>\n<li data-start=\"754\" data-end=\"824\">\n<p data-start=\"756\" data-end=\"824\"><strong data-start=\"756\" data-end=\"777\">Gas refrigerante:<\/strong> Ecol\u00f3gico (respetuoso con el medio ambiente)<\/p>\n<\/li>\n<li data-start=\"825\" data-end=\"888\">\n<p data-start=\"827\" data-end=\"888\"><strong data-start=\"827\" data-end=\"846\">Nivel de ruido:<\/strong> Bajo, ideal para dormitorios u oficinas<\/p>\n<\/li>\n<li data-start=\"889\" data-end=\"989\">\n<p data-start=\"891\" data-end=\"989\"><strong data-start=\"891\" data-end=\"914\">Modos inteligentes:<\/strong> Autostar y Operaci\u00f3n de Reposo, para mayor comodidad y ahorro energ\u00e9tico<\/p>\n<\/li>\n<li data-start=\"990\" data-end=\"1071\">\n<p data-start=\"992\" data-end=\"1071\"><strong data-start=\"992\" data-end=\"1011\">Control remoto:<\/strong> S\u00ed, permite ajustar la temperatura y funciones f\u00e1cilmente<\/p>\n<\/li>\n<li data-start=\"1072\" data-end=\"1108\">\n<p data-start=\"1074\" data-end=\"1108\"><strong data-start=\"1074\" data-end=\"1095\">Tipo de conexi\u00f3n:<\/strong> Monof\u00e1sico<\/p>\n<h4 data-start=\"1375\" data-end=\"1395\"><\/h4>\n<h4 data-start=\"1375\" data-end=\"1395\"><strong data-start=\"1380\" data-end=\"1395\">Dimensiones:<\/strong><\/h4>\n<ul data-start=\"1396\" data-end=\"1566\">\n<li data-start=\"1396\" data-end=\"1479\">\n<p data-start=\"1398\" data-end=\"1479\"><strong data-start=\"1398\" data-end=\"1431\">Unidad interior (Evaporador):<\/strong> Largo 107,8 cm \u00d7 Ancho 32,5 cm \u00d7 Alto 24,6 cm<\/p>\n<\/li>\n<li data-start=\"1480\" data-end=\"1566\">\n<p data-start=\"1482\" data-end=\"1566\"><strong data-start=\"1482\" data-end=\"1516\">Unidad exterior (Condensador):<\/strong> Largo 100 cm \u00d7 Alto 79 cm \u00d7 Profundidad 42,7 cm<\/p>\n<\/li>\n<\/ul>\n<\/li>\n<\/ul>\n","protected":false},"featured_media":3375,"comment_status":"open","ping_status":"closed","template":"","meta":{"site-sidebar-layout":"default","site-content-layout":"","ast-site-content-layout":"default","site-content-style":"default","site-sidebar-style":"default","ast-global-header-display":"","ast-banner-title-visibility":"","ast-main-header-display":"","ast-hfb-above-header-display":"","ast-hfb-below-header-display":"","ast-hfb-mobile-header-display":"","site-post-title":"","ast-breadcrumbs-content":"","ast-featured-img":"","footer-sml-layout":"","theme-transparent-header-meta":"default","adv-header-id-meta":"","stick-header-meta":"","header-above-stick-meta":"","header-main-stick-meta":"","header-below-stick-meta":"","astra-migrate-meta-layouts":"set","ast-page-background-enabled":"default","ast-page-background-meta":{"desktop":{"background-color":"var(--ast-global-color-4)","background-image":"","background-repeat":"repeat","background-position":"center center","background-size":"auto","background-attachment":"scroll","background-type":"","background-media":"","overlay-type":"","overlay-color":"","overlay-opacity":"","overlay-gradient":""},"tablet":{"background-color":"","background-image":"","background-repeat":"repeat","background-position":"center center","background-size":"auto","background-attachment":"scroll","background-type":"","background-media":"","overlay-type":"","overlay-color":"","overlay-opacity":"","overlay-gradient":""},"mobile":{"background-color":"","background-image":"","background-repeat":"repeat","background-position":"center center","background-size":"auto","background-attachment":"scroll","background-type":"","background-media":"","overlay-type":"","overlay-color":"","overlay-opacity":"","overlay-gradient":""}},"ast-content-background-meta":{"desktop":{"background-color":"var(--ast-global-color-5)","background-image":"","background-repeat":"repeat","background-position":"center center","background-size":"auto","background-attachment":"scroll","background-type":"","background-media":"","overlay-type":"","overlay-color":"","overlay-opacity":"","overlay-gradient":""},"tablet":{"background-color":"var(--ast-global-color-5)","background-image":"","background-repeat":"repeat","background-position":"center center","background-size":"auto","background-attachment":"scroll","background-type":"","background-media":"","overlay-type":"","overlay-color":"","overlay-opacity":"","overlay-gradient":""},"mobile":{"background-color":"var(--ast-global-color-5)","background-image":"","background-repeat":"repeat","background-position":"center center","background-size":"auto","background-attachment":"scroll","background-type":"","background-media":"","overlay-type":"","overlay-color":"","overlay-opacity":"","overlay-gradient":""}}},"product_cat":[19,18],"product_tag":[],"_links":{"self":[{"href":"https:\/\/www.cvsolutions.com.py\/index.php?rest_route=\/wp\/v2\/product\/3374"}],"collection":[{"href":"https:\/\/www.cvsolutions.com.py\/index.php?rest_route=\/wp\/v2\/product"}],"about":[{"href":"https:\/\/www.cvsolutions.com.py\/index.php?rest_route=\/wp\/v2\/types\/product"}],"replies":[{"embeddable":true,"href":"https:\/\/www.cvsolutions.com.py\/index.php?rest_route=%2Fwp%2Fv2%2Fcomments&post=3374"}],"wp:featuredmedia":[{"embeddable":true,"href":"https:\/\/www.cvsolutions.com.py\/index.php?rest_route=\/wp\/v2\/media\/3375"}],"wp:attachment":[{"href":"https:\/\/www.cvsolutions.com.py\/index.php?rest_route=%2Fwp%2Fv2%2Fmedia&parent=3374"}],"wp:term":[{"taxonomy":"product_cat","embeddable":true,"href":"https:\/\/www.cvsolutions.com.py\/index.php?rest_route=%2Fwp%2Fv2%2Fproduct_cat&post=3374"},{"taxonomy":"product_tag","embeddable":true,"href":"https:\/\/www.cvsolutions.com.py\/index.php?rest_route=%2Fwp%2Fv2%2Fproduct_tag&post=3374"}],"curies":[{"name":"wp","href":"https:\/\/api.w.org\/{rel}","templated":true}]}}