{"id":455,"date":"2024-07-17T16:50:13","date_gmt":"2024-07-17T14:50:13","guid":{"rendered":"https:\/\/www.cvsolutions.com.py\/?post_type=product&#038;p=455"},"modified":"2025-07-01T01:51:29","modified_gmt":"2025-06-30T23:51:29","slug":"jarra-electrica-quanta-qtc700-2lts-50hz-220v-prueba","status":"publish","type":"product","link":"https:\/\/www.cvsolutions.com.py\/?product=jarra-electrica-quanta-qtc700-2lts-50hz-220v-prueba","title":{"rendered":"JARRA ELECTRICA QUANTA QTC700 2LTS \/50HZ\/220V &#8211; PRUEBA"},"content":{"rendered":"","protected":false},"excerpt":{"rendered":"<div class=\"row rowinformaciontitulo\">\n<div class=\"col-sm-12\">\n<h5 class=\"titulodescripcion\">Informaci\u00f3n sobre este producto:<\/h5>\n<\/div>\n<\/div>\n<div class=\"row\">\n<div class=\"col-sm-12\">\n<div class=\"\">\n<p>Capacidad para hasta 2 litros Tecnolog\u00eda de calentamiento Aqua Hot Apagado autom\u00e1tico al llegar al hervor Cuerpo y resistencia de acero inoxidable Resistencia con protecci\u00f3n en caso de calentamiento en seco Base rotativa &#8211; hasta 360\u00b0 Luz indicadora de estado (encendido \/ apagado) Compartimiento para el cable Potencia 1500W Medidas y peso con el embalaje: Alto: 23cm Ancho: 18cm Profundidad: 18cm Peso: 810gr Medidas y peso neto del producto: Alto: 22cm Ancho: 22cm Profundidad: 15cm Peso: 540gr<\/p>\n<p>&nbsp;<\/p>\n<div id=\"share\" class=\"jssocials\">\n<div class=\"jssocials-shares\">\n<div class=\"jssocials-share jssocials-share-whatsapp\"><\/div>\n<div class=\"jssocials-share jssocials-share-facebook\"><\/div>\n<div class=\"jssocials-share jssocials-share-twitter\"><\/div>\n<div class=\"jssocials-share jssocials-share-pinterest\"><\/div>\n<div class=\"jssocials-share jssocials-share-email\"><\/div>\n<\/div>\n<\/div>\n<\/div>\n<\/div>\n<\/div>\n","protected":false},"featured_media":456,"comment_status":"open","ping_status":"closed","template":"","meta":{"site-sidebar-layout":"default","site-content-layout":"","ast-site-content-layout":"default","site-content-style":"default","site-sidebar-style":"default","ast-global-header-display":"","ast-banner-title-visibility":"","ast-main-header-display":"","ast-hfb-above-header-display":"","ast-hfb-below-header-display":"","ast-hfb-mobile-header-display":"","site-post-title":"","ast-breadcrumbs-content":"","ast-featured-img":"","footer-sml-layout":"","theme-transparent-header-meta":"default","adv-header-id-meta":"","stick-header-meta":"","header-above-stick-meta":"","header-main-stick-meta":"","header-below-stick-meta":"","astra-migrate-meta-layouts":"set","ast-page-background-enabled":"default","ast-page-background-meta":{"desktop":{"background-color":"var(--ast-global-color-4)","background-image":"","background-repeat":"repeat","background-position":"center center","background-size":"auto","background-attachment":"scroll","background-type":"","background-media":"","overlay-type":"","overlay-color":"","overlay-opacity":"","overlay-gradient":""},"tablet":{"background-color":"","background-image":"","background-repeat":"repeat","background-position":"center center","background-size":"auto","background-attachment":"scroll","background-type":"","background-media":"","overlay-type":"","overlay-color":"","overlay-opacity":"","overlay-gradient":""},"mobile":{"background-color":"","background-image":"","background-repeat":"repeat","background-position":"center center","background-size":"auto","background-attachment":"scroll","background-type":"","background-media":"","overlay-type":"","overlay-color":"","overlay-opacity":"","overlay-gradient":""}},"ast-content-background-meta":{"desktop":{"background-color":"var(--ast-global-color-5)","background-image":"","background-repeat":"repeat","background-position":"center center","background-size":"auto","background-attachment":"scroll","background-type":"","background-media":"","overlay-type":"","overlay-color":"","overlay-opacity":"","overlay-gradient":""},"tablet":{"background-color":"var(--ast-global-color-5)","background-image":"","background-repeat":"repeat","background-position":"center center","background-size":"auto","background-attachment":"scroll","background-type":"","background-media":"","overlay-type":"","overlay-color":"","overlay-opacity":"","overlay-gradient":""},"mobile":{"background-color":"var(--ast-global-color-5)","background-image":"","background-repeat":"repeat","background-position":"center center","background-size":"auto","background-attachment":"scroll","background-type":"","background-media":"","overlay-type":"","overlay-color":"","overlay-opacity":"","overlay-gradient":""}}},"product_cat":[20,21],"product_tag":[],"_links":{"self":[{"href":"https:\/\/www.cvsolutions.com.py\/index.php?rest_route=\/wp\/v2\/product\/455"}],"collection":[{"href":"https:\/\/www.cvsolutions.com.py\/index.php?rest_route=\/wp\/v2\/product"}],"about":[{"href":"https:\/\/www.cvsolutions.com.py\/index.php?rest_route=\/wp\/v2\/types\/product"}],"replies":[{"embeddable":true,"href":"https:\/\/www.cvsolutions.com.py\/index.php?rest_route=%2Fwp%2Fv2%2Fcomments&post=455"}],"wp:featuredmedia":[{"embeddable":true,"href":"https:\/\/www.cvsolutions.com.py\/index.php?rest_route=\/wp\/v2\/media\/456"}],"wp:attachment":[{"href":"https:\/\/www.cvsolutions.com.py\/index.php?rest_route=%2Fwp%2Fv2%2Fmedia&parent=455"}],"wp:term":[{"taxonomy":"product_cat","embeddable":true,"href":"https:\/\/www.cvsolutions.com.py\/index.php?rest_route=%2Fwp%2Fv2%2Fproduct_cat&post=455"},{"taxonomy":"product_tag","embeddable":true,"href":"https:\/\/www.cvsolutions.com.py\/index.php?rest_route=%2Fwp%2Fv2%2Fproduct_tag&post=455"}],"curies":[{"name":"wp","href":"https:\/\/api.w.org\/{rel}","templated":true}]}}