{"id":502,"date":"2024-07-31T17:28:13","date_gmt":"2024-07-31T15:28:13","guid":{"rendered":"https:\/\/www.cvsolutions.com.py\/?post_type=product&#038;p=502"},"modified":"2025-10-01T15:31:59","modified_gmt":"2025-10-01T13:31:59","slug":"campana-whirlpool-chimney-wai65ardwl-60cm-inox","status":"publish","type":"product","link":"https:\/\/www.cvsolutions.com.py\/?product=campana-whirlpool-chimney-wai65ardwl-60cm-inox","title":{"rendered":"Campana Whirlpool Chimney WAI65ARDWL \u2013 60 cm Inox"},"content":{"rendered":"<p>La Campana Whirlpool Chimney WAI65ARDWL combina dise\u00f1o moderno, potencia y eficiencia. Gracias a su motor con doble turbina, ofrece una excelente capacidad de absorci\u00f3n de humos y olores, garantizando un ambiente de cocina m\u00e1s limpio y confortable.<\/p>\n","protected":false},"excerpt":{"rendered":"<h5 data-start=\"408\" data-end=\"440\">Caracter\u00edsticas principales<\/h5>\n<ul data-start=\"441\" data-end=\"737\">\n<li data-start=\"441\" data-end=\"485\">\n<p data-start=\"443\" data-end=\"485\">Capacidad m\u00e1xima de extracci\u00f3n: 539 m\u00b3\/h<\/p>\n<\/li>\n<li data-start=\"486\" data-end=\"524\">\n<p data-start=\"488\" data-end=\"524\">Motor potenciado con doble turbina<\/p>\n<\/li>\n<li data-start=\"525\" data-end=\"554\">\n<p data-start=\"527\" data-end=\"554\">Tres niveles de velocidad<\/p>\n<\/li>\n<li data-start=\"555\" data-end=\"622\">\n<p data-start=\"557\" data-end=\"622\">Filtros met\u00e1licos modulares y autoportantes, f\u00e1ciles de limpiar<\/p>\n<\/li>\n<li data-start=\"623\" data-end=\"680\">\n<p data-start=\"625\" data-end=\"680\">Dos l\u00e1mparas tubulares de 40 W para mejor iluminaci\u00f3n<\/p>\n<\/li>\n<li data-start=\"681\" data-end=\"737\">\n<p data-start=\"683\" data-end=\"737\">Fabricada en acero inoxidable, resistente y elegante<\/p>\n<h5 data-start=\"744\" data-end=\"769\"><\/h5>\n<h5 data-start=\"744\" data-end=\"769\">Medidas del producto<\/h5>\n<ul data-start=\"770\" data-end=\"786\">\n<li data-start=\"770\" data-end=\"786\">\n<p data-start=\"772\" data-end=\"786\">Ancho: 60 cm<\/p>\n<\/li>\n<\/ul>\n<\/li>\n<\/ul>\n","protected":false},"featured_media":503,"comment_status":"open","ping_status":"closed","template":"","meta":{"site-sidebar-layout":"default","site-content-layout":"","ast-site-content-layout":"default","site-content-style":"default","site-sidebar-style":"default","ast-global-header-display":"","ast-banner-title-visibility":"","ast-main-header-display":"","ast-hfb-above-header-display":"","ast-hfb-below-header-display":"","ast-hfb-mobile-header-display":"","site-post-title":"","ast-breadcrumbs-content":"","ast-featured-img":"","footer-sml-layout":"","theme-transparent-header-meta":"default","adv-header-id-meta":"","stick-header-meta":"","header-above-stick-meta":"","header-main-stick-meta":"","header-below-stick-meta":"","astra-migrate-meta-layouts":"set","ast-page-background-enabled":"default","ast-page-background-meta":{"desktop":{"background-color":"var(--ast-global-color-4)","background-image":"","background-repeat":"repeat","background-position":"center center","background-size":"auto","background-attachment":"scroll","background-type":"","background-media":"","overlay-type":"","overlay-color":"","overlay-opacity":"","overlay-gradient":""},"tablet":{"background-color":"","background-image":"","background-repeat":"repeat","background-position":"center center","background-size":"auto","background-attachment":"scroll","background-type":"","background-media":"","overlay-type":"","overlay-color":"","overlay-opacity":"","overlay-gradient":""},"mobile":{"background-color":"","background-image":"","background-repeat":"repeat","background-position":"center center","background-size":"auto","background-attachment":"scroll","background-type":"","background-media":"","overlay-type":"","overlay-color":"","overlay-opacity":"","overlay-gradient":""}},"ast-content-background-meta":{"desktop":{"background-color":"var(--ast-global-color-5)","background-image":"","background-repeat":"repeat","background-position":"center center","background-size":"auto","background-attachment":"scroll","background-type":"","background-media":"","overlay-type":"","overlay-color":"","overlay-opacity":"","overlay-gradient":""},"tablet":{"background-color":"var(--ast-global-color-5)","background-image":"","background-repeat":"repeat","background-position":"center center","background-size":"auto","background-attachment":"scroll","background-type":"","background-media":"","overlay-type":"","overlay-color":"","overlay-opacity":"","overlay-gradient":""},"mobile":{"background-color":"var(--ast-global-color-5)","background-image":"","background-repeat":"repeat","background-position":"center center","background-size":"auto","background-attachment":"scroll","background-type":"","background-media":"","overlay-type":"","overlay-color":"","overlay-opacity":"","overlay-gradient":""}}},"product_cat":[61,20],"product_tag":[59,60],"_links":{"self":[{"href":"https:\/\/www.cvsolutions.com.py\/index.php?rest_route=\/wp\/v2\/product\/502"}],"collection":[{"href":"https:\/\/www.cvsolutions.com.py\/index.php?rest_route=\/wp\/v2\/product"}],"about":[{"href":"https:\/\/www.cvsolutions.com.py\/index.php?rest_route=\/wp\/v2\/types\/product"}],"replies":[{"embeddable":true,"href":"https:\/\/www.cvsolutions.com.py\/index.php?rest_route=%2Fwp%2Fv2%2Fcomments&post=502"}],"wp:featuredmedia":[{"embeddable":true,"href":"https:\/\/www.cvsolutions.com.py\/index.php?rest_route=\/wp\/v2\/media\/503"}],"wp:attachment":[{"href":"https:\/\/www.cvsolutions.com.py\/index.php?rest_route=%2Fwp%2Fv2%2Fmedia&parent=502"}],"wp:term":[{"taxonomy":"product_cat","embeddable":true,"href":"https:\/\/www.cvsolutions.com.py\/index.php?rest_route=%2Fwp%2Fv2%2Fproduct_cat&post=502"},{"taxonomy":"product_tag","embeddable":true,"href":"https:\/\/www.cvsolutions.com.py\/index.php?rest_route=%2Fwp%2Fv2%2Fproduct_tag&post=502"}],"curies":[{"name":"wp","href":"https:\/\/api.w.org\/{rel}","templated":true}]}}