{"id":505,"date":"2024-07-31T17:33:36","date_gmt":"2024-07-31T15:33:36","guid":{"rendered":"https:\/\/www.cvsolutions.com.py\/?post_type=product&#038;p=505"},"modified":"2025-05-05T17:43:13","modified_gmt":"2025-05-05T15:43:13","slug":"campana-whirlpool-chimney-wai95ardwl-90cm-inox","status":"publish","type":"product","link":"https:\/\/www.cvsolutions.com.py\/?product=campana-whirlpool-chimney-wai95ardwl-90cm-inox","title":{"rendered":"CAMPANA WHIRLPOOL CHIMNEY WAI95ARDWL 90CM INOX"},"content":{"rendered":"<h4 class=\"tt-title mt-0\">CAMPANA WHIRLPOOL CHIMNEY WAI95ARDWL 90CM INOX<\/h4>\n<p>La campana cuenta con un motor potenciado con doble turbina para brindarte una mayor capacidad de absorci\u00f3n y ahorro energ\u00e9tico.<\/p>\n","protected":false},"excerpt":{"rendered":"<h4 class=\"tt-collapse-title\">Descripci\u00f3n<\/h4>\n<p class=\"tt-collapse-content tt-collapse-text-ficha\">* 4 Velocidades Ajusta el nivel de potencia seg\u00fan sea necesario, puedes dejarlo al m\u00ednimo para una absorci\u00f3n m\u00e1s silenciosa.<br \/>\n* Capacidad m\u00e1xima de extracci\u00f3n de aire 530 m3-h.<br \/>\n* Motor potenciado. 2 turbinas.<br \/>\n* Extractora Filtrante.<br \/>\n* Acero inox.<\/p>\n<p>MEDIDAS DEL PRODUCTO.<br \/>\n* Ancho 90 cm.<br \/>\n* Alto 86 cm.<br \/>\n* Profundidad 45 cm.<\/p>\n","protected":false},"featured_media":503,"comment_status":"open","ping_status":"closed","template":"","meta":{"site-sidebar-layout":"default","site-content-layout":"","ast-site-content-layout":"default","site-content-style":"default","site-sidebar-style":"default","ast-global-header-display":"","ast-banner-title-visibility":"","ast-main-header-display":"","ast-hfb-above-header-display":"","ast-hfb-below-header-display":"","ast-hfb-mobile-header-display":"","site-post-title":"","ast-breadcrumbs-content":"","ast-featured-img":"","footer-sml-layout":"","theme-transparent-header-meta":"default","adv-header-id-meta":"","stick-header-meta":"","header-above-stick-meta":"","header-main-stick-meta":"","header-below-stick-meta":"","astra-migrate-meta-layouts":"set","ast-page-background-enabled":"default","ast-page-background-meta":{"desktop":{"background-color":"var(--ast-global-color-4)","background-image":"","background-repeat":"repeat","background-position":"center center","background-size":"auto","background-attachment":"scroll","background-type":"","background-media":"","overlay-type":"","overlay-color":"","overlay-opacity":"","overlay-gradient":""},"tablet":{"background-color":"","background-image":"","background-repeat":"repeat","background-position":"center center","background-size":"auto","background-attachment":"scroll","background-type":"","background-media":"","overlay-type":"","overlay-color":"","overlay-opacity":"","overlay-gradient":""},"mobile":{"background-color":"","background-image":"","background-repeat":"repeat","background-position":"center center","background-size":"auto","background-attachment":"scroll","background-type":"","background-media":"","overlay-type":"","overlay-color":"","overlay-opacity":"","overlay-gradient":""}},"ast-content-background-meta":{"desktop":{"background-color":"var(--ast-global-color-5)","background-image":"","background-repeat":"repeat","background-position":"center center","background-size":"auto","background-attachment":"scroll","background-type":"","background-media":"","overlay-type":"","overlay-color":"","overlay-opacity":"","overlay-gradient":""},"tablet":{"background-color":"var(--ast-global-color-5)","background-image":"","background-repeat":"repeat","background-position":"center center","background-size":"auto","background-attachment":"scroll","background-type":"","background-media":"","overlay-type":"","overlay-color":"","overlay-opacity":"","overlay-gradient":""},"mobile":{"background-color":"var(--ast-global-color-5)","background-image":"","background-repeat":"repeat","background-position":"center center","background-size":"auto","background-attachment":"scroll","background-type":"","background-media":"","overlay-type":"","overlay-color":"","overlay-opacity":"","overlay-gradient":""}}},"product_cat":[61,20],"product_tag":[],"_links":{"self":[{"href":"https:\/\/www.cvsolutions.com.py\/index.php?rest_route=\/wp\/v2\/product\/505"}],"collection":[{"href":"https:\/\/www.cvsolutions.com.py\/index.php?rest_route=\/wp\/v2\/product"}],"about":[{"href":"https:\/\/www.cvsolutions.com.py\/index.php?rest_route=\/wp\/v2\/types\/product"}],"replies":[{"embeddable":true,"href":"https:\/\/www.cvsolutions.com.py\/index.php?rest_route=%2Fwp%2Fv2%2Fcomments&post=505"}],"wp:featuredmedia":[{"embeddable":true,"href":"https:\/\/www.cvsolutions.com.py\/index.php?rest_route=\/wp\/v2\/media\/503"}],"wp:attachment":[{"href":"https:\/\/www.cvsolutions.com.py\/index.php?rest_route=%2Fwp%2Fv2%2Fmedia&parent=505"}],"wp:term":[{"taxonomy":"product_cat","embeddable":true,"href":"https:\/\/www.cvsolutions.com.py\/index.php?rest_route=%2Fwp%2Fv2%2Fproduct_cat&post=505"},{"taxonomy":"product_tag","embeddable":true,"href":"https:\/\/www.cvsolutions.com.py\/index.php?rest_route=%2Fwp%2Fv2%2Fproduct_tag&post=505"}],"curies":[{"name":"wp","href":"https:\/\/api.w.org\/{rel}","templated":true}]}}