{"id":510,"date":"2024-07-31T17:53:19","date_gmt":"2024-07-31T15:53:19","guid":{"rendered":"https:\/\/www.cvsolutions.com.py\/?post_type=product&#038;p=510"},"modified":"2025-05-13T14:56:30","modified_gmt":"2025-05-13T12:56:30","slug":"cocina-a-gas-whirlpool-4h-wf04enbr-inox","status":"publish","type":"product","link":"https:\/\/www.cvsolutions.com.py\/?product=cocina-a-gas-whirlpool-4h-wf04enbr-inox","title":{"rendered":"COCINA JAM EVA TOP GLASS A GAS ENC. ELECTRICO 4HB NEGRO C\/LUZ EN EL HORNO 11902"},"content":{"rendered":"<h4 class=\"tt-title mt-0\">Dise\u00f1o y elegancia \u00fanica de gran practicidad. Prepara tus recetas favoritas de la manera m\u00e1s f\u00e1cil. Cuenta con encendido el\u00e9ctrico y mesada de Vidrio.<\/h4>\n","protected":false},"excerpt":{"rendered":"<div class=\"tt-collapse-block mt-3\">\n<div class=\"tt-item active\">\n<table border=\"0\" cellspacing=\"0\" cellpadding=\"0\">\n<tbody>\n<tr>\n<td><strong>COCINA  JAM EVA TOP GLASS A GAS ENC. ELECTRICO  4HB NEGRO C\/LUZ EN EL HORNO 11902<\/strong><\/td>\n<\/tr>\n<\/tbody>\n<\/table>\n<ul>\n<li><big>4 hornallas.<\/big><\/li>\n<li><big>Capacidad 50 lts.<\/big><\/li>\n<li><big>A gas.<\/big><\/li>\n<li><big>Hornallas y Horno a gas con encendido el\u00e9ctrico.<\/big><\/li>\n<li><big>Mesada de vidrio de f\u00e1cil limpieza.<\/big><\/li>\n<li><big>Horno con paredes limpia f\u00e1cil.<\/big><\/li>\n<li><big>Mesada de Vidrio de 6mm.<\/big><\/li>\n<li><big>1 a\u00f1o de garant\u00eda.<\/big><\/li>\n<\/ul>\n<p><big><strong>Dimensi\u00f3n del producto.<\/strong><\/big><\/p>\n<ul>\n<li><big>Alto: 83 cm.<\/big><\/li>\n<li><big>Ancho 46 cm.<\/big><\/li>\n<li><big>Profundidad: 56 cm.<\/big><\/li>\n<\/ul>\n<\/div>\n<\/div>\n<div class=\"tt-item\"><\/div>\n","protected":false},"featured_media":1499,"comment_status":"open","ping_status":"closed","template":"","meta":{"site-sidebar-layout":"default","site-content-layout":"","ast-site-content-layout":"default","site-content-style":"default","site-sidebar-style":"default","ast-global-header-display":"","ast-banner-title-visibility":"","ast-main-header-display":"","ast-hfb-above-header-display":"","ast-hfb-below-header-display":"","ast-hfb-mobile-header-display":"","site-post-title":"","ast-breadcrumbs-content":"","ast-featured-img":"","footer-sml-layout":"","theme-transparent-header-meta":"default","adv-header-id-meta":"","stick-header-meta":"","header-above-stick-meta":"","header-main-stick-meta":"","header-below-stick-meta":"","astra-migrate-meta-layouts":"set","ast-page-background-enabled":"default","ast-page-background-meta":{"desktop":{"background-color":"var(--ast-global-color-4)","background-image":"","background-repeat":"repeat","background-position":"center center","background-size":"auto","background-attachment":"scroll","background-type":"","background-media":"","overlay-type":"","overlay-color":"","overlay-opacity":"","overlay-gradient":""},"tablet":{"background-color":"","background-image":"","background-repeat":"repeat","background-position":"center center","background-size":"auto","background-attachment":"scroll","background-type":"","background-media":"","overlay-type":"","overlay-color":"","overlay-opacity":"","overlay-gradient":""},"mobile":{"background-color":"","background-image":"","background-repeat":"repeat","background-position":"center center","background-size":"auto","background-attachment":"scroll","background-type":"","background-media":"","overlay-type":"","overlay-color":"","overlay-opacity":"","overlay-gradient":""}},"ast-content-background-meta":{"desktop":{"background-color":"var(--ast-global-color-5)","background-image":"","background-repeat":"repeat","background-position":"center center","background-size":"auto","background-attachment":"scroll","background-type":"","background-media":"","overlay-type":"","overlay-color":"","overlay-opacity":"","overlay-gradient":""},"tablet":{"background-color":"var(--ast-global-color-5)","background-image":"","background-repeat":"repeat","background-position":"center center","background-size":"auto","background-attachment":"scroll","background-type":"","background-media":"","overlay-type":"","overlay-color":"","overlay-opacity":"","overlay-gradient":""},"mobile":{"background-color":"var(--ast-global-color-5)","background-image":"","background-repeat":"repeat","background-position":"center center","background-size":"auto","background-attachment":"scroll","background-type":"","background-media":"","overlay-type":"","overlay-color":"","overlay-opacity":"","overlay-gradient":""}}},"product_cat":[20,22],"product_tag":[],"_links":{"self":[{"href":"https:\/\/www.cvsolutions.com.py\/index.php?rest_route=\/wp\/v2\/product\/510"}],"collection":[{"href":"https:\/\/www.cvsolutions.com.py\/index.php?rest_route=\/wp\/v2\/product"}],"about":[{"href":"https:\/\/www.cvsolutions.com.py\/index.php?rest_route=\/wp\/v2\/types\/product"}],"replies":[{"embeddable":true,"href":"https:\/\/www.cvsolutions.com.py\/index.php?rest_route=%2Fwp%2Fv2%2Fcomments&post=510"}],"wp:featuredmedia":[{"embeddable":true,"href":"https:\/\/www.cvsolutions.com.py\/index.php?rest_route=\/wp\/v2\/media\/1499"}],"wp:attachment":[{"href":"https:\/\/www.cvsolutions.com.py\/index.php?rest_route=%2Fwp%2Fv2%2Fmedia&parent=510"}],"wp:term":[{"taxonomy":"product_cat","embeddable":true,"href":"https:\/\/www.cvsolutions.com.py\/index.php?rest_route=%2Fwp%2Fv2%2Fproduct_cat&post=510"},{"taxonomy":"product_tag","embeddable":true,"href":"https:\/\/www.cvsolutions.com.py\/index.php?rest_route=%2Fwp%2Fv2%2Fproduct_tag&post=510"}],"curies":[{"name":"wp","href":"https:\/\/api.w.org\/{rel}","templated":true}]}}