{"id":526,"date":"2024-07-31T18:33:03","date_gmt":"2024-07-31T16:33:03","guid":{"rendered":"https:\/\/www.cvsolutions.com.py\/?post_type=product&#038;p=526"},"modified":"2025-06-30T20:22:43","modified_gmt":"2025-06-30T18:22:43","slug":"heladera-whirlpool-wrm44hk-375-400l-evox-frio-seco","status":"publish","type":"product","link":"https:\/\/www.cvsolutions.com.py\/?product=heladera-whirlpool-wrm44hk-375-400l-evox-frio-seco","title":{"rendered":"HELADERA WHIRLPOOL WRM44HK 375\/400L EVOX FRIO SECO"},"content":{"rendered":"<h4 class=\"tt-title mt-0\">TURBO FREEZER.<br \/>\nEnfr\u00eda m\u00e1s r\u00e1pido tus alimentos aumentando la potencia del freezer.<\/h4>\n<p>ESPACIO FRESH.<br \/>\nEspacio FreshConserva la frescura original de tus frutas y verduras toda la semana<\/p>\n<p>CONTROL EXTERNO DE TEMPERATURA.<br \/>\nRegul\u00e1 4 niveles de temperatura m\u00e1s funci\u00f3n turbo, sin abrir la puerta<\/p>\n","protected":false},"excerpt":{"rendered":"<p>Descripci\u00f3n<\/p>\n<p>* Turbo Freezer Permite enfriar alimentos y bebidas m\u00e1s r\u00e1pido aumentando la potencia del freezer.<br \/>\n* Espacio Fresh Conserva la frescura original de tus frutas y verduras toda la semana.<br \/>\n* Luz LED Permite una iluminaci\u00f3n panor\u00e1mica, ahorra energ\u00eda y dura m\u00e1s tiempo.<br \/>\n* Control externo de temperatura.<br \/>\n* Capacidad Bruta 399 litros.<br \/>\n* Capacidad Neta 374 litros.<br \/>\n* Compartimiento extra fr\u00edo.<br \/>\n* No Frost.<\/p>\n<p>MEDIDAS DEL PRODUCTO.<br \/>\n* Ancho 62,1 cm.<br \/>\n* Alto 176 cm.<br \/>\n* Profundidad 75,5 cm.<\/p>\n","protected":false},"featured_media":527,"comment_status":"open","ping_status":"closed","template":"","meta":{"site-sidebar-layout":"default","site-content-layout":"","ast-site-content-layout":"default","site-content-style":"default","site-sidebar-style":"default","ast-global-header-display":"","ast-banner-title-visibility":"","ast-main-header-display":"","ast-hfb-above-header-display":"","ast-hfb-below-header-display":"","ast-hfb-mobile-header-display":"","site-post-title":"","ast-breadcrumbs-content":"","ast-featured-img":"","footer-sml-layout":"","theme-transparent-header-meta":"default","adv-header-id-meta":"","stick-header-meta":"","header-above-stick-meta":"","header-main-stick-meta":"","header-below-stick-meta":"","astra-migrate-meta-layouts":"set","ast-page-background-enabled":"default","ast-page-background-meta":{"desktop":{"background-color":"var(--ast-global-color-4)","background-image":"","background-repeat":"repeat","background-position":"center center","background-size":"auto","background-attachment":"scroll","background-type":"","background-media":"","overlay-type":"","overlay-color":"","overlay-opacity":"","overlay-gradient":""},"tablet":{"background-color":"","background-image":"","background-repeat":"repeat","background-position":"center center","background-size":"auto","background-attachment":"scroll","background-type":"","background-media":"","overlay-type":"","overlay-color":"","overlay-opacity":"","overlay-gradient":""},"mobile":{"background-color":"","background-image":"","background-repeat":"repeat","background-position":"center center","background-size":"auto","background-attachment":"scroll","background-type":"","background-media":"","overlay-type":"","overlay-color":"","overlay-opacity":"","overlay-gradient":""}},"ast-content-background-meta":{"desktop":{"background-color":"var(--ast-global-color-5)","background-image":"","background-repeat":"repeat","background-position":"center center","background-size":"auto","background-attachment":"scroll","background-type":"","background-media":"","overlay-type":"","overlay-color":"","overlay-opacity":"","overlay-gradient":""},"tablet":{"background-color":"var(--ast-global-color-5)","background-image":"","background-repeat":"repeat","background-position":"center center","background-size":"auto","background-attachment":"scroll","background-type":"","background-media":"","overlay-type":"","overlay-color":"","overlay-opacity":"","overlay-gradient":""},"mobile":{"background-color":"var(--ast-global-color-5)","background-image":"","background-repeat":"repeat","background-position":"center center","background-size":"auto","background-attachment":"scroll","background-type":"","background-media":"","overlay-type":"","overlay-color":"","overlay-opacity":"","overlay-gradient":""}}},"product_cat":[20,27],"product_tag":[],"_links":{"self":[{"href":"https:\/\/www.cvsolutions.com.py\/index.php?rest_route=\/wp\/v2\/product\/526"}],"collection":[{"href":"https:\/\/www.cvsolutions.com.py\/index.php?rest_route=\/wp\/v2\/product"}],"about":[{"href":"https:\/\/www.cvsolutions.com.py\/index.php?rest_route=\/wp\/v2\/types\/product"}],"replies":[{"embeddable":true,"href":"https:\/\/www.cvsolutions.com.py\/index.php?rest_route=%2Fwp%2Fv2%2Fcomments&post=526"}],"wp:featuredmedia":[{"embeddable":true,"href":"https:\/\/www.cvsolutions.com.py\/index.php?rest_route=\/wp\/v2\/media\/527"}],"wp:attachment":[{"href":"https:\/\/www.cvsolutions.com.py\/index.php?rest_route=%2Fwp%2Fv2%2Fmedia&parent=526"}],"wp:term":[{"taxonomy":"product_cat","embeddable":true,"href":"https:\/\/www.cvsolutions.com.py\/index.php?rest_route=%2Fwp%2Fv2%2Fproduct_cat&post=526"},{"taxonomy":"product_tag","embeddable":true,"href":"https:\/\/www.cvsolutions.com.py\/index.php?rest_route=%2Fwp%2Fv2%2Fproduct_tag&post=526"}],"curies":[{"name":"wp","href":"https:\/\/api.w.org\/{rel}","templated":true}]}}