{"id":621,"date":"2024-08-29T16:56:07","date_gmt":"2024-08-29T14:56:07","guid":{"rendered":"https:\/\/www.cvsolutions.com.py\/?post_type=product&#038;p=621"},"modified":"2024-08-29T16:57:19","modified_gmt":"2024-08-29T14:57:19","slug":"ventilador-arno-turbo-force-2-en-1-mod-ve332-220v-50hz","status":"publish","type":"product","link":"https:\/\/www.cvsolutions.com.py\/?product=ventilador-arno-turbo-force-2-en-1-mod-ve332-220v-50hz","title":{"rendered":"VENTILADOR ARNO TURBO FORCE 2 EN 1 MOD VE332 220V 50HZ"},"content":{"rendered":"<h4 class=\"tt-title mt-0\">VENTILADOR ARNO TURBO FORCE 2 EN 1 MOD VE332 220V 50HZ<\/h4>\n","protected":false},"excerpt":{"rendered":"<div class=\"tt-collapse-block mt-3\">\n<div class=\"tt-item active\">\n<h5 class=\"tt-collapse-title\">Descripci\u00f3n<\/h5>\n<h5 class=\"tt-collapse-content tt-collapse-text-ficha\">* Funci\u00f3n 2 en 1 para mesa y pared.<br \/>\n* Tecnolog\u00eda Power Zone.<br \/>\n* S\u00faper Silencioso.<br \/>\n* Di\u00e1metro 40 cm.<br \/>\n* Potencia 126W.<br \/>\n* Aspas pl\u00e1sticas.<br \/>\n* 3 velocidades.<\/h5>\n<p>Im\u00e1genes meramente ilustrativas. Im\u00e1genes e informaci\u00f3n sujetas a cambios sin previo aviso.<\/p>\n<\/div>\n<\/div>\n<div class=\"tt-item\">\n<h5 class=\"tt-collapse-title\">Medidas del Packaging<\/h5>\n<div class=\"tt-collapse-content\">\n<table class=\"table table-sm table-hover\">\n<tbody>\n<tr>\n<td>\n<h5>ANCHO<\/h5>\n<\/td>\n<td>\n<h5>34.1 CM<\/h5>\n<\/td>\n<\/tr>\n<tr>\n<td>\n<h5>ALTO<\/h5>\n<\/td>\n<td>\n<h5>55.5 CM<\/h5>\n<\/td>\n<\/tr>\n<tr>\n<td>\n<h5>LARGO<\/h5>\n<\/td>\n<td>\n<h5>49.3 CM<\/h5>\n<\/td>\n<\/tr>\n<tr>\n<td>\n<h5>PESO<\/h5>\n<\/td>\n<td>\n<h5>4100 GR<\/h5>\n<\/td>\n<\/tr>\n<tr>\n<td>\n<h5>POTENCIA<\/h5>\n<\/td>\n<td>\n<h5>126 Watts<\/h5>\n<\/td>\n<\/tr>\n<\/tbody>\n<\/table>\n<\/div>\n<\/div>\n","protected":false},"featured_media":624,"comment_status":"open","ping_status":"closed","template":"","meta":{"site-sidebar-layout":"default","site-content-layout":"","ast-site-content-layout":"default","site-content-style":"default","site-sidebar-style":"default","ast-global-header-display":"","ast-banner-title-visibility":"","ast-main-header-display":"","ast-hfb-above-header-display":"","ast-hfb-below-header-display":"","ast-hfb-mobile-header-display":"","site-post-title":"","ast-breadcrumbs-content":"","ast-featured-img":"","footer-sml-layout":"","theme-transparent-header-meta":"default","adv-header-id-meta":"","stick-header-meta":"","header-above-stick-meta":"","header-main-stick-meta":"","header-below-stick-meta":"","astra-migrate-meta-layouts":"set","ast-page-background-enabled":"default","ast-page-background-meta":{"desktop":{"background-color":"var(--ast-global-color-4)","background-image":"","background-repeat":"repeat","background-position":"center center","background-size":"auto","background-attachment":"scroll","background-type":"","background-media":"","overlay-type":"","overlay-color":"","overlay-opacity":"","overlay-gradient":""},"tablet":{"background-color":"","background-image":"","background-repeat":"repeat","background-position":"center center","background-size":"auto","background-attachment":"scroll","background-type":"","background-media":"","overlay-type":"","overlay-color":"","overlay-opacity":"","overlay-gradient":""},"mobile":{"background-color":"","background-image":"","background-repeat":"repeat","background-position":"center center","background-size":"auto","background-attachment":"scroll","background-type":"","background-media":"","overlay-type":"","overlay-color":"","overlay-opacity":"","overlay-gradient":""}},"ast-content-background-meta":{"desktop":{"background-color":"var(--ast-global-color-5)","background-image":"","background-repeat":"repeat","background-position":"center center","background-size":"auto","background-attachment":"scroll","background-type":"","background-media":"","overlay-type":"","overlay-color":"","overlay-opacity":"","overlay-gradient":""},"tablet":{"background-color":"var(--ast-global-color-5)","background-image":"","background-repeat":"repeat","background-position":"center center","background-size":"auto","background-attachment":"scroll","background-type":"","background-media":"","overlay-type":"","overlay-color":"","overlay-opacity":"","overlay-gradient":""},"mobile":{"background-color":"var(--ast-global-color-5)","background-image":"","background-repeat":"repeat","background-position":"center center","background-size":"auto","background-attachment":"scroll","background-type":"","background-media":"","overlay-type":"","overlay-color":"","overlay-opacity":"","overlay-gradient":""}}},"product_cat":[18],"product_tag":[],"_links":{"self":[{"href":"https:\/\/www.cvsolutions.com.py\/index.php?rest_route=\/wp\/v2\/product\/621"}],"collection":[{"href":"https:\/\/www.cvsolutions.com.py\/index.php?rest_route=\/wp\/v2\/product"}],"about":[{"href":"https:\/\/www.cvsolutions.com.py\/index.php?rest_route=\/wp\/v2\/types\/product"}],"replies":[{"embeddable":true,"href":"https:\/\/www.cvsolutions.com.py\/index.php?rest_route=%2Fwp%2Fv2%2Fcomments&post=621"}],"wp:featuredmedia":[{"embeddable":true,"href":"https:\/\/www.cvsolutions.com.py\/index.php?rest_route=\/wp\/v2\/media\/624"}],"wp:attachment":[{"href":"https:\/\/www.cvsolutions.com.py\/index.php?rest_route=%2Fwp%2Fv2%2Fmedia&parent=621"}],"wp:term":[{"taxonomy":"product_cat","embeddable":true,"href":"https:\/\/www.cvsolutions.com.py\/index.php?rest_route=%2Fwp%2Fv2%2Fproduct_cat&post=621"},{"taxonomy":"product_tag","embeddable":true,"href":"https:\/\/www.cvsolutions.com.py\/index.php?rest_route=%2Fwp%2Fv2%2Fproduct_tag&post=621"}],"curies":[{"name":"wp","href":"https:\/\/api.w.org\/{rel}","templated":true}]}}