{"id":650,"date":"2024-08-29T18:31:32","date_gmt":"2024-08-29T16:31:32","guid":{"rendered":"https:\/\/www.cvsolutions.com.py\/?post_type=product&#038;p=650"},"modified":"2025-04-28T18:28:27","modified_gmt":"2025-04-28T16:28:27","slug":"plancha-a-vapor-arno-ecogliss-mod-fv1741b2-220v","status":"publish","type":"product","link":"https:\/\/www.cvsolutions.com.py\/?product=plancha-a-vapor-arno-ecogliss-mod-fv1741b2-220v","title":{"rendered":"PLANCHA A VAPOR ARNO ECOGLISS MOD FV1741B2 220V"},"content":{"rendered":"<h5 class=\"tt-collapse-content tt-collapse-text-ficha\">* Tipo de material Pl\u00e1stico, aluminio, base de cer\u00e1mica.<br \/>\n* Capacidad 200 ml.<br \/>\n* Potencia 1740 W.<br \/>\n* 220 V.<\/h5>\n","protected":false},"excerpt":{"rendered":"<p>Con la plancha Ecogliss de Arno podr\u00e1s economizar tiempo y energ\u00eda el\u00e9ctrica al mismo tiempo. La funci\u00f3n Eco permite ahorrar hasta 25% m\u00e1s de energ\u00eda. La base de material cer\u00e1mico optimiza el deslizamiento a lo largo de las prendas. Cuenta con orificios que permiten la difusi\u00f3n ideal del vapor, ayudando a suavizar el tejido y facilitar el planchado. Tiene un dep\u00f3sito de agua con una capacidad de hasta 200 ml. Adem\u00e1s, posee la funci\u00f3n vapor extra de hasta 80gmin, vapor vertical para planchar cortinas y ropa directamente desde la percha, spray y sistema de autolimpieza. Adem\u00e1s, cuenta con sistema corta-gotas que evita que la plancha gotee mientras se produce el vapor.<\/p>\n","protected":false},"featured_media":651,"comment_status":"open","ping_status":"closed","template":"","meta":{"site-sidebar-layout":"default","site-content-layout":"","ast-site-content-layout":"default","site-content-style":"default","site-sidebar-style":"default","ast-global-header-display":"","ast-banner-title-visibility":"","ast-main-header-display":"","ast-hfb-above-header-display":"","ast-hfb-below-header-display":"","ast-hfb-mobile-header-display":"","site-post-title":"","ast-breadcrumbs-content":"","ast-featured-img":"","footer-sml-layout":"","theme-transparent-header-meta":"default","adv-header-id-meta":"","stick-header-meta":"","header-above-stick-meta":"","header-main-stick-meta":"","header-below-stick-meta":"","astra-migrate-meta-layouts":"set","ast-page-background-enabled":"default","ast-page-background-meta":{"desktop":{"background-color":"var(--ast-global-color-4)","background-image":"","background-repeat":"repeat","background-position":"center center","background-size":"auto","background-attachment":"scroll","background-type":"","background-media":"","overlay-type":"","overlay-color":"","overlay-opacity":"","overlay-gradient":""},"tablet":{"background-color":"","background-image":"","background-repeat":"repeat","background-position":"center center","background-size":"auto","background-attachment":"scroll","background-type":"","background-media":"","overlay-type":"","overlay-color":"","overlay-opacity":"","overlay-gradient":""},"mobile":{"background-color":"","background-image":"","background-repeat":"repeat","background-position":"center center","background-size":"auto","background-attachment":"scroll","background-type":"","background-media":"","overlay-type":"","overlay-color":"","overlay-opacity":"","overlay-gradient":""}},"ast-content-background-meta":{"desktop":{"background-color":"var(--ast-global-color-5)","background-image":"","background-repeat":"repeat","background-position":"center center","background-size":"auto","background-attachment":"scroll","background-type":"","background-media":"","overlay-type":"","overlay-color":"","overlay-opacity":"","overlay-gradient":""},"tablet":{"background-color":"var(--ast-global-color-5)","background-image":"","background-repeat":"repeat","background-position":"center center","background-size":"auto","background-attachment":"scroll","background-type":"","background-media":"","overlay-type":"","overlay-color":"","overlay-opacity":"","overlay-gradient":""},"mobile":{"background-color":"var(--ast-global-color-5)","background-image":"","background-repeat":"repeat","background-position":"center center","background-size":"auto","background-attachment":"scroll","background-type":"","background-media":"","overlay-type":"","overlay-color":"","overlay-opacity":"","overlay-gradient":""}}},"product_cat":[34,95],"product_tag":[],"_links":{"self":[{"href":"https:\/\/www.cvsolutions.com.py\/index.php?rest_route=\/wp\/v2\/product\/650"}],"collection":[{"href":"https:\/\/www.cvsolutions.com.py\/index.php?rest_route=\/wp\/v2\/product"}],"about":[{"href":"https:\/\/www.cvsolutions.com.py\/index.php?rest_route=\/wp\/v2\/types\/product"}],"replies":[{"embeddable":true,"href":"https:\/\/www.cvsolutions.com.py\/index.php?rest_route=%2Fwp%2Fv2%2Fcomments&post=650"}],"wp:featuredmedia":[{"embeddable":true,"href":"https:\/\/www.cvsolutions.com.py\/index.php?rest_route=\/wp\/v2\/media\/651"}],"wp:attachment":[{"href":"https:\/\/www.cvsolutions.com.py\/index.php?rest_route=%2Fwp%2Fv2%2Fmedia&parent=650"}],"wp:term":[{"taxonomy":"product_cat","embeddable":true,"href":"https:\/\/www.cvsolutions.com.py\/index.php?rest_route=%2Fwp%2Fv2%2Fproduct_cat&post=650"},{"taxonomy":"product_tag","embeddable":true,"href":"https:\/\/www.cvsolutions.com.py\/index.php?rest_route=%2Fwp%2Fv2%2Fproduct_tag&post=650"}],"curies":[{"name":"wp","href":"https:\/\/api.w.org\/{rel}","templated":true}]}}