{"id":655,"date":"2024-08-29T18:43:11","date_gmt":"2024-08-29T16:43:11","guid":{"rendered":"https:\/\/www.cvsolutions.com.py\/?post_type=product&#038;p=655"},"modified":"2025-04-10T16:00:18","modified_gmt":"2025-04-10T14:00:18","slug":"ventilador-de-pie-arno-tropical-plus-3v-negro-220v-50hz","status":"publish","type":"product","link":"https:\/\/www.cvsolutions.com.py\/?product=ventilador-de-pie-arno-tropical-plus-3v-negro-220v-50hz","title":{"rendered":"VENTILADOR DE PIE ARNO TROPICAL PLUS 3V NEGRO 220V 50HZ"},"content":{"rendered":"<p>\u00a1Dile adi\u00f3s a esas noches de calor y a esas horas del d\u00eda que te bajan tu \u00e1nimo! El Ventilador de pie Arno Tropical Plus, se asegurar\u00e1 de que cada hora este llena de frescura, ya que cuenta con un gran flujo de aire de 3 velocidades y lo mejor, \u00a1con un bajo nivel de ruido! Tambi\u00e9n, te permitir\u00e1 remover su rejilla frontal para una f\u00e1cil limpieza y poder entrar en contacto directo con la h\u00e9lice. \u00a1Que los d\u00edas de calor no arruinen tu diversi\u00f3n!<\/p>\n","protected":false},"excerpt":{"rendered":"<h5 class=\"tt-collapse-content tt-collapse-text-ficha\">* Exclusivo sistema de inclinaci\u00f3n vertical.<br \/>\n* Sistema de ajuste de altura.<br \/>\n* \u00d3ptima distribuci\u00f3n de aire.<br \/>\n* Resistencia y seguridad.<br \/>\n* Bajo nivel de ruido.<br \/>\n* Potencia 70 W.<br \/>\n* 3 Velocidades.<\/h5>\n","protected":false},"featured_media":656,"comment_status":"open","ping_status":"closed","template":"","meta":{"site-sidebar-layout":"default","site-content-layout":"","ast-site-content-layout":"default","site-content-style":"default","site-sidebar-style":"default","ast-global-header-display":"","ast-banner-title-visibility":"","ast-main-header-display":"","ast-hfb-above-header-display":"","ast-hfb-below-header-display":"","ast-hfb-mobile-header-display":"","site-post-title":"","ast-breadcrumbs-content":"","ast-featured-img":"","footer-sml-layout":"","theme-transparent-header-meta":"default","adv-header-id-meta":"","stick-header-meta":"","header-above-stick-meta":"","header-main-stick-meta":"","header-below-stick-meta":"","astra-migrate-meta-layouts":"set","ast-page-background-enabled":"default","ast-page-background-meta":{"desktop":{"background-color":"var(--ast-global-color-4)","background-image":"","background-repeat":"repeat","background-position":"center center","background-size":"auto","background-attachment":"scroll","background-type":"","background-media":"","overlay-type":"","overlay-color":"","overlay-opacity":"","overlay-gradient":""},"tablet":{"background-color":"","background-image":"","background-repeat":"repeat","background-position":"center center","background-size":"auto","background-attachment":"scroll","background-type":"","background-media":"","overlay-type":"","overlay-color":"","overlay-opacity":"","overlay-gradient":""},"mobile":{"background-color":"","background-image":"","background-repeat":"repeat","background-position":"center center","background-size":"auto","background-attachment":"scroll","background-type":"","background-media":"","overlay-type":"","overlay-color":"","overlay-opacity":"","overlay-gradient":""}},"ast-content-background-meta":{"desktop":{"background-color":"var(--ast-global-color-5)","background-image":"","background-repeat":"repeat","background-position":"center center","background-size":"auto","background-attachment":"scroll","background-type":"","background-media":"","overlay-type":"","overlay-color":"","overlay-opacity":"","overlay-gradient":""},"tablet":{"background-color":"var(--ast-global-color-5)","background-image":"","background-repeat":"repeat","background-position":"center center","background-size":"auto","background-attachment":"scroll","background-type":"","background-media":"","overlay-type":"","overlay-color":"","overlay-opacity":"","overlay-gradient":""},"mobile":{"background-color":"var(--ast-global-color-5)","background-image":"","background-repeat":"repeat","background-position":"center center","background-size":"auto","background-attachment":"scroll","background-type":"","background-media":"","overlay-type":"","overlay-color":"","overlay-opacity":"","overlay-gradient":""}}},"product_cat":[18,69],"product_tag":[],"_links":{"self":[{"href":"https:\/\/www.cvsolutions.com.py\/index.php?rest_route=\/wp\/v2\/product\/655"}],"collection":[{"href":"https:\/\/www.cvsolutions.com.py\/index.php?rest_route=\/wp\/v2\/product"}],"about":[{"href":"https:\/\/www.cvsolutions.com.py\/index.php?rest_route=\/wp\/v2\/types\/product"}],"replies":[{"embeddable":true,"href":"https:\/\/www.cvsolutions.com.py\/index.php?rest_route=%2Fwp%2Fv2%2Fcomments&post=655"}],"wp:featuredmedia":[{"embeddable":true,"href":"https:\/\/www.cvsolutions.com.py\/index.php?rest_route=\/wp\/v2\/media\/656"}],"wp:attachment":[{"href":"https:\/\/www.cvsolutions.com.py\/index.php?rest_route=%2Fwp%2Fv2%2Fmedia&parent=655"}],"wp:term":[{"taxonomy":"product_cat","embeddable":true,"href":"https:\/\/www.cvsolutions.com.py\/index.php?rest_route=%2Fwp%2Fv2%2Fproduct_cat&post=655"},{"taxonomy":"product_tag","embeddable":true,"href":"https:\/\/www.cvsolutions.com.py\/index.php?rest_route=%2Fwp%2Fv2%2Fproduct_tag&post=655"}],"curies":[{"name":"wp","href":"https:\/\/api.w.org\/{rel}","templated":true}]}}