{"id":685,"date":"2024-08-29T20:13:15","date_gmt":"2024-08-29T18:13:15","guid":{"rendered":"https:\/\/www.cvsolutions.com.py\/?post_type=product&#038;p=685"},"modified":"2024-08-29T20:52:09","modified_gmt":"2024-08-29T18:52:09","slug":"aire-midas-18-000-btu-f-c-md-air18-inverter-gas-ecologico","status":"publish","type":"product","link":"https:\/\/www.cvsolutions.com.py\/?product=aire-midas-18-000-btu-f-c-md-air18-inverter-gas-ecologico","title":{"rendered":"AIRE MIDAS 18.000 BTU F\/C MD-AIR18 INVERTER GAS ECOLOGICO"},"content":{"rendered":"<h4 class=\"product_title entry-title\"><b>AIRE MIDAS 18.000 BTU F\/C MD-AIR18 INVERTER GAS ECOLOGICO<\/b><\/h4>\n","protected":false},"excerpt":{"rendered":"<p>Ahorra hasta 33,3% de Energ\u00eda El\u00e9ctrica con los Aires Acondicionados Inverter de la marca Midas, Con una potencia nominal de 18.000 BTU en climatizaci\u00f3n y 18.500 BTU en calefacci\u00f3n podes tener una temperatura agradable durante todo el a\u00f1o.<\/p>\n<p>No inculye protector de Seguridad de V\u00e1lvula, ( no afecta al rendimiento)<\/p>\n<p><big><strong>DIMENSIONES(CM)<\/strong><\/big><\/p>\n<ul>\n<li><big>Dimensiones : (mm) 908 x 295 x 220<\/big><\/li>\n<li><big>Dimensiones : (mm) 780 x 560 x 270 <\/big><\/li>\n<li><big>Dimensiones : (mm) 979 x 354 x 292 <\/big><\/li>\n<li><big>Dimensiones : (mm) 889\u00d7612\u00d7359 <\/big><\/li>\n<\/ul>\n","protected":false},"featured_media":690,"comment_status":"open","ping_status":"closed","template":"","meta":{"site-sidebar-layout":"default","site-content-layout":"","ast-site-content-layout":"default","site-content-style":"default","site-sidebar-style":"default","ast-global-header-display":"","ast-banner-title-visibility":"","ast-main-header-display":"","ast-hfb-above-header-display":"","ast-hfb-below-header-display":"","ast-hfb-mobile-header-display":"","site-post-title":"","ast-breadcrumbs-content":"","ast-featured-img":"","footer-sml-layout":"","theme-transparent-header-meta":"default","adv-header-id-meta":"","stick-header-meta":"","header-above-stick-meta":"","header-main-stick-meta":"","header-below-stick-meta":"","astra-migrate-meta-layouts":"set","ast-page-background-enabled":"default","ast-page-background-meta":{"desktop":{"background-color":"var(--ast-global-color-4)","background-image":"","background-repeat":"repeat","background-position":"center center","background-size":"auto","background-attachment":"scroll","background-type":"","background-media":"","overlay-type":"","overlay-color":"","overlay-opacity":"","overlay-gradient":""},"tablet":{"background-color":"","background-image":"","background-repeat":"repeat","background-position":"center center","background-size":"auto","background-attachment":"scroll","background-type":"","background-media":"","overlay-type":"","overlay-color":"","overlay-opacity":"","overlay-gradient":""},"mobile":{"background-color":"","background-image":"","background-repeat":"repeat","background-position":"center center","background-size":"auto","background-attachment":"scroll","background-type":"","background-media":"","overlay-type":"","overlay-color":"","overlay-opacity":"","overlay-gradient":""}},"ast-content-background-meta":{"desktop":{"background-color":"var(--ast-global-color-5)","background-image":"","background-repeat":"repeat","background-position":"center center","background-size":"auto","background-attachment":"scroll","background-type":"","background-media":"","overlay-type":"","overlay-color":"","overlay-opacity":"","overlay-gradient":""},"tablet":{"background-color":"var(--ast-global-color-5)","background-image":"","background-repeat":"repeat","background-position":"center center","background-size":"auto","background-attachment":"scroll","background-type":"","background-media":"","overlay-type":"","overlay-color":"","overlay-opacity":"","overlay-gradient":""},"mobile":{"background-color":"var(--ast-global-color-5)","background-image":"","background-repeat":"repeat","background-position":"center center","background-size":"auto","background-attachment":"scroll","background-type":"","background-media":"","overlay-type":"","overlay-color":"","overlay-opacity":"","overlay-gradient":""}}},"product_cat":[76],"product_tag":[],"_links":{"self":[{"href":"https:\/\/www.cvsolutions.com.py\/index.php?rest_route=\/wp\/v2\/product\/685"}],"collection":[{"href":"https:\/\/www.cvsolutions.com.py\/index.php?rest_route=\/wp\/v2\/product"}],"about":[{"href":"https:\/\/www.cvsolutions.com.py\/index.php?rest_route=\/wp\/v2\/types\/product"}],"replies":[{"embeddable":true,"href":"https:\/\/www.cvsolutions.com.py\/index.php?rest_route=%2Fwp%2Fv2%2Fcomments&post=685"}],"wp:featuredmedia":[{"embeddable":true,"href":"https:\/\/www.cvsolutions.com.py\/index.php?rest_route=\/wp\/v2\/media\/690"}],"wp:attachment":[{"href":"https:\/\/www.cvsolutions.com.py\/index.php?rest_route=%2Fwp%2Fv2%2Fmedia&parent=685"}],"wp:term":[{"taxonomy":"product_cat","embeddable":true,"href":"https:\/\/www.cvsolutions.com.py\/index.php?rest_route=%2Fwp%2Fv2%2Fproduct_cat&post=685"},{"taxonomy":"product_tag","embeddable":true,"href":"https:\/\/www.cvsolutions.com.py\/index.php?rest_route=%2Fwp%2Fv2%2Fproduct_tag&post=685"}],"curies":[{"name":"wp","href":"https:\/\/api.w.org\/{rel}","templated":true}]}}