{"id":73,"date":"2024-06-19T15:45:51","date_gmt":"2024-06-19T13:45:51","guid":{"rendered":"https:\/\/www.cvsolutions.com.py\/?post_type=product&#038;p=73"},"modified":"2025-09-11T17:52:33","modified_gmt":"2025-09-11T15:52:33","slug":"cafetera-arno-preferita-inox-cap-18-tazas-650w","status":"publish","type":"product","link":"https:\/\/www.cvsolutions.com.py\/?product=cafetera-arno-preferita-inox-cap-18-tazas-650w","title":{"rendered":"CAFETERA PREFERITA INOX ARNO CAP. 18 TAZAS 550W"},"content":{"rendered":"<p>Para mantener el caf\u00e9 siempre caliente y servido en las porciones adecuadas, tambi\u00e9n tiene una base calefactora que mantiene alta la temperatura mientras la cafetera est\u00e1 encendida. Compacta y completa, adem\u00e1s de encajar en cualquier lugar de tu cocina, la nueva Cafetera Filtro Arno Preferita cuenta con un tap\u00f3n de goteo que permite servir el caf\u00e9 incluso antes de finalizar la preparaci\u00f3n sin derramar nada, con la m\u00e1xima seguridad y limpieza.<\/p>\n","protected":false},"excerpt":{"rendered":"<h5 class=\"tt-collapse-title\">Descripci\u00f3n<\/h5>\n<p class=\"tt-collapse-content tt-collapse-text-ficha\">* Material inoxidable y pl\u00e1sticos negros.<br \/>\n* Porta filtro removible.<br \/>\n* Capacidad 750 ml.<br \/>\n* Indicador de agua.<br \/>\n* Cafetera de goteo.<br \/>\n* Semi Autom\u00e1tico.<br \/>\n* Potencia 550W.<br \/>\n* Hasta 18 tazas.<br \/>\n* Jarra de vidrio.<\/p>\n","protected":false},"featured_media":3142,"comment_status":"open","ping_status":"closed","template":"","meta":{"site-sidebar-layout":"default","site-content-layout":"","ast-site-content-layout":"default","site-content-style":"default","site-sidebar-style":"default","ast-global-header-display":"","ast-banner-title-visibility":"","ast-main-header-display":"","ast-hfb-above-header-display":"","ast-hfb-below-header-display":"","ast-hfb-mobile-header-display":"","site-post-title":"","ast-breadcrumbs-content":"","ast-featured-img":"","footer-sml-layout":"","theme-transparent-header-meta":"default","adv-header-id-meta":"","stick-header-meta":"","header-above-stick-meta":"","header-main-stick-meta":"","header-below-stick-meta":"","astra-migrate-meta-layouts":"set","ast-page-background-enabled":"default","ast-page-background-meta":{"desktop":{"background-color":"var(--ast-global-color-4)","background-image":"","background-repeat":"repeat","background-position":"center center","background-size":"auto","background-attachment":"scroll","background-type":"","background-media":"","overlay-type":"","overlay-color":"","overlay-opacity":"","overlay-gradient":""},"tablet":{"background-color":"","background-image":"","background-repeat":"repeat","background-position":"center center","background-size":"auto","background-attachment":"scroll","background-type":"","background-media":"","overlay-type":"","overlay-color":"","overlay-opacity":"","overlay-gradient":""},"mobile":{"background-color":"","background-image":"","background-repeat":"repeat","background-position":"center center","background-size":"auto","background-attachment":"scroll","background-type":"","background-media":"","overlay-type":"","overlay-color":"","overlay-opacity":"","overlay-gradient":""}},"ast-content-background-meta":{"desktop":{"background-color":"var(--ast-global-color-5)","background-image":"","background-repeat":"repeat","background-position":"center center","background-size":"auto","background-attachment":"scroll","background-type":"","background-media":"","overlay-type":"","overlay-color":"","overlay-opacity":"","overlay-gradient":""},"tablet":{"background-color":"var(--ast-global-color-5)","background-image":"","background-repeat":"repeat","background-position":"center center","background-size":"auto","background-attachment":"scroll","background-type":"","background-media":"","overlay-type":"","overlay-color":"","overlay-opacity":"","overlay-gradient":""},"mobile":{"background-color":"var(--ast-global-color-5)","background-image":"","background-repeat":"repeat","background-position":"center center","background-size":"auto","background-attachment":"scroll","background-type":"","background-media":"","overlay-type":"","overlay-color":"","overlay-opacity":"","overlay-gradient":""}}},"product_cat":[23,20],"product_tag":[],"_links":{"self":[{"href":"https:\/\/www.cvsolutions.com.py\/index.php?rest_route=\/wp\/v2\/product\/73"}],"collection":[{"href":"https:\/\/www.cvsolutions.com.py\/index.php?rest_route=\/wp\/v2\/product"}],"about":[{"href":"https:\/\/www.cvsolutions.com.py\/index.php?rest_route=\/wp\/v2\/types\/product"}],"replies":[{"embeddable":true,"href":"https:\/\/www.cvsolutions.com.py\/index.php?rest_route=%2Fwp%2Fv2%2Fcomments&post=73"}],"wp:featuredmedia":[{"embeddable":true,"href":"https:\/\/www.cvsolutions.com.py\/index.php?rest_route=\/wp\/v2\/media\/3142"}],"wp:attachment":[{"href":"https:\/\/www.cvsolutions.com.py\/index.php?rest_route=%2Fwp%2Fv2%2Fmedia&parent=73"}],"wp:term":[{"taxonomy":"product_cat","embeddable":true,"href":"https:\/\/www.cvsolutions.com.py\/index.php?rest_route=%2Fwp%2Fv2%2Fproduct_cat&post=73"},{"taxonomy":"product_tag","embeddable":true,"href":"https:\/\/www.cvsolutions.com.py\/index.php?rest_route=%2Fwp%2Fv2%2Fproduct_tag&post=73"}],"curies":[{"name":"wp","href":"https:\/\/api.w.org\/{rel}","templated":true}]}}