{"id":765,"date":"2024-08-30T17:47:38","date_gmt":"2024-08-30T15:47:38","guid":{"rendered":"https:\/\/www.cvsolutions.com.py\/?post_type=product&#038;p=765"},"modified":"2026-02-19T21:51:11","modified_gmt":"2026-02-19T20:51:11","slug":"combo-palta-remington-alisador-s12a-y-secador-d13a","status":"publish","type":"product","link":"https:\/\/www.cvsolutions.com.py\/?product=combo-palta-remington-alisador-s12a-y-secador-d13a","title":{"rendered":"COMBO PALTA REMINGTON ALISADOR S12A Y SECADOR D13A"},"content":{"rendered":"<p>Consiente tu cabello con nuestra terapia Shine Therapy. Cuenta con tecnolog\u00eda avanzada que incorpora microacondicionadores de aguacate y macadamia que se activan con el calor realzando el brillo de tu cabello.<\/p>\n","protected":false},"excerpt":{"rendered":"<div class=\"tt-collapse-block mt-3\">\n<div class=\"tt-item active\">\n<p class=\"tt-collapse-content tt-collapse-text-ficha\">ALISADOR.<br \/>\n* Un alisado perfecto en pocos minutos sin maltrar tu cabello es posible con la plancha alisadora Shine Therapy de Remington.<br \/>\n* Microacondicionadores de Aguacate y Macadamia para un peinado suave y brillante.<br \/>\n* Ajustes de temperatura digital de 150\u00b0C a 230\u00b0C para cualquier tipo de cabello.<br \/>\n* Temperatura profesional de 230\u00b0C para alisar en pocas pasadas.<br \/>\n* Placas de cer\u00e1mica que ayudan a reducir el frizz.<\/p>\n<p>Im\u00e1genes meramente ilustrativas. Im\u00e1genes e informaci\u00f3n sujetas a cambios sin previo aviso.<\/p>\n<\/div>\n<\/div>\n<div class=\"tt-item\">\n<div class=\"tt-collapse-content\"><\/div>\n<\/div>\n","protected":false},"featured_media":766,"comment_status":"open","ping_status":"closed","template":"","meta":{"site-sidebar-layout":"default","site-content-layout":"","ast-site-content-layout":"default","site-content-style":"default","site-sidebar-style":"default","ast-global-header-display":"","ast-banner-title-visibility":"","ast-main-header-display":"","ast-hfb-above-header-display":"","ast-hfb-below-header-display":"","ast-hfb-mobile-header-display":"","site-post-title":"","ast-breadcrumbs-content":"","ast-featured-img":"","footer-sml-layout":"","theme-transparent-header-meta":"default","adv-header-id-meta":"","stick-header-meta":"","header-above-stick-meta":"","header-main-stick-meta":"","header-below-stick-meta":"","astra-migrate-meta-layouts":"set","ast-page-background-enabled":"default","ast-page-background-meta":{"desktop":{"background-color":"var(--ast-global-color-4)","background-image":"","background-repeat":"repeat","background-position":"center center","background-size":"auto","background-attachment":"scroll","background-type":"","background-media":"","overlay-type":"","overlay-color":"","overlay-opacity":"","overlay-gradient":""},"tablet":{"background-color":"","background-image":"","background-repeat":"repeat","background-position":"center center","background-size":"auto","background-attachment":"scroll","background-type":"","background-media":"","overlay-type":"","overlay-color":"","overlay-opacity":"","overlay-gradient":""},"mobile":{"background-color":"","background-image":"","background-repeat":"repeat","background-position":"center center","background-size":"auto","background-attachment":"scroll","background-type":"","background-media":"","overlay-type":"","overlay-color":"","overlay-opacity":"","overlay-gradient":""}},"ast-content-background-meta":{"desktop":{"background-color":"var(--ast-global-color-5)","background-image":"","background-repeat":"repeat","background-position":"center center","background-size":"auto","background-attachment":"scroll","background-type":"","background-media":"","overlay-type":"","overlay-color":"","overlay-opacity":"","overlay-gradient":""},"tablet":{"background-color":"var(--ast-global-color-5)","background-image":"","background-repeat":"repeat","background-position":"center center","background-size":"auto","background-attachment":"scroll","background-type":"","background-media":"","overlay-type":"","overlay-color":"","overlay-opacity":"","overlay-gradient":""},"mobile":{"background-color":"var(--ast-global-color-5)","background-image":"","background-repeat":"repeat","background-position":"center center","background-size":"auto","background-attachment":"scroll","background-type":"","background-media":"","overlay-type":"","overlay-color":"","overlay-opacity":"","overlay-gradient":""}}},"product_cat":[28,30],"product_tag":[],"_links":{"self":[{"href":"https:\/\/www.cvsolutions.com.py\/index.php?rest_route=\/wp\/v2\/product\/765"}],"collection":[{"href":"https:\/\/www.cvsolutions.com.py\/index.php?rest_route=\/wp\/v2\/product"}],"about":[{"href":"https:\/\/www.cvsolutions.com.py\/index.php?rest_route=\/wp\/v2\/types\/product"}],"replies":[{"embeddable":true,"href":"https:\/\/www.cvsolutions.com.py\/index.php?rest_route=%2Fwp%2Fv2%2Fcomments&post=765"}],"wp:featuredmedia":[{"embeddable":true,"href":"https:\/\/www.cvsolutions.com.py\/index.php?rest_route=\/wp\/v2\/media\/766"}],"wp:attachment":[{"href":"https:\/\/www.cvsolutions.com.py\/index.php?rest_route=%2Fwp%2Fv2%2Fmedia&parent=765"}],"wp:term":[{"taxonomy":"product_cat","embeddable":true,"href":"https:\/\/www.cvsolutions.com.py\/index.php?rest_route=%2Fwp%2Fv2%2Fproduct_cat&post=765"},{"taxonomy":"product_tag","embeddable":true,"href":"https:\/\/www.cvsolutions.com.py\/index.php?rest_route=%2Fwp%2Fv2%2Fproduct_tag&post=765"}],"curies":[{"name":"wp","href":"https:\/\/api.w.org\/{rel}","templated":true}]}}